{"id":3691039,"date":"2025-10-13T13:45:24","date_gmt":"2025-10-13T17:45:24","guid":{"rendered":"https:\/\/stoic-curie.212-227-153-4.plesk.page\/product\/elektricni-baterijski-kabelski-ocni-terminal-35mm-kabel-10mm-stud\/"},"modified":"2026-02-25T00:01:07","modified_gmt":"2026-02-25T00:01:07","slug":"elektricni-baterijski-kabelski-ocni-terminal-35mm-kabel-10mm-stud","status":"publish","type":"product","link":"https:\/\/stoic-curie.212-227-153-4.plesk.page\/hr\/product\/elektricni-baterijski-kabelski-ocni-terminal-35mm-kabel-10mm-stud\/","title":{"rendered":"Elektricni baterijski kabelski ocni terminal (35mm kabel \/ 10mm Stud)"},"content":{"rendered":"<p>Elektricni baterijski kabelski ocni terminal (35mm kabel \/ 10mm Stud) &#8211; Terminal o\u010dne \u017eice za bateriju izgra\u0111en od pocin\u010danog bakra, deo elektri\u010dne serije. Ovaj terminal koristi o\u010dnu pri\u010dvr\u0161\u0107enje za osiguranje na vijcima baterije i ima ulaz za kabl pogodan za krimpovanje ili lemljenje. Ima inspekcijski otvor na prednjoj strani terminala. O\u010dni terminali uvek treba da budu izolovani pomo\u0107u pokriva\u010da terminala, od kojih imamo \u0161iroku ponudu iz VTE serije. <\/p>\n<p>Specifikacije: <\/p>\n<p>&#8211; Du\u017eina: 48mm<br \/>\n&#8211; \u0160irina: 18mm<br \/>\n&#8211; Brend: Electrical<br \/>\n&#8211; Veli\u010dina ulaza za kabel terminala: 8.2mm<br \/>\n&#8211; Veli\u010dina vijka za kabel: 10mm<br \/>\n&#8211; Konstrukcija: Pocinkovani bakar<\/p>\n","protected":false},"excerpt":{"rendered":"<p>Elektricni baterijski kabelski ocni terminal (35mm kabel \/ 10mm Stud) &#8211; Terminal o\u010dne \u017eice za bateriju izgra\u0111en od pocin\u010danog bakra,<\/p>\n","protected":false},"featured_media":5944826,"comment_status":"closed","ping_status":"closed","template":"","meta":[],"product_brand":[3216],"product_cat":[1752],"product_tag":[],"class_list":{"0":"post-3691039","1":"product","2":"type-product","3":"status-publish","4":"has-post-thumbnail","6":"product_brand-oceanflex-hr","7":"product_cat-kabel-i-terminali-za-baterije","9":"first","10":"instock","11":"shipping-taxable","12":"purchasable","13":"product-type-simple"},"_links":{"self":[{"href":"https:\/\/stoic-curie.212-227-153-4.plesk.page\/hr\/wp-json\/wp\/v2\/product\/3691039","targetHints":{"allow":["GET"]}}],"collection":[{"href":"https:\/\/stoic-curie.212-227-153-4.plesk.page\/hr\/wp-json\/wp\/v2\/product"}],"about":[{"href":"https:\/\/stoic-curie.212-227-153-4.plesk.page\/hr\/wp-json\/wp\/v2\/types\/product"}],"replies":[{"embeddable":true,"href":"https:\/\/stoic-curie.212-227-153-4.plesk.page\/hr\/wp-json\/wp\/v2\/comments?post=3691039"}],"version-history":[{"count":0,"href":"https:\/\/stoic-curie.212-227-153-4.plesk.page\/hr\/wp-json\/wp\/v2\/product\/3691039\/revisions"}],"wp:featuredmedia":[{"embeddable":true,"href":"https:\/\/stoic-curie.212-227-153-4.plesk.page\/hr\/wp-json\/wp\/v2\/media\/5944826"}],"wp:attachment":[{"href":"https:\/\/stoic-curie.212-227-153-4.plesk.page\/hr\/wp-json\/wp\/v2\/media?parent=3691039"}],"wp:term":[{"taxonomy":"product_brand","embeddable":true,"href":"https:\/\/stoic-curie.212-227-153-4.plesk.page\/hr\/wp-json\/wp\/v2\/product_brand?post=3691039"},{"taxonomy":"product_cat","embeddable":true,"href":"https:\/\/stoic-curie.212-227-153-4.plesk.page\/hr\/wp-json\/wp\/v2\/product_cat?post=3691039"},{"taxonomy":"product_tag","embeddable":true,"href":"https:\/\/stoic-curie.212-227-153-4.plesk.page\/hr\/wp-json\/wp\/v2\/product_tag?post=3691039"}],"curies":[{"name":"wp","href":"https:\/\/api.w.org\/{rel}","templated":true}]}}