{"id":3691042,"date":"2025-10-13T13:45:25","date_gmt":"2025-10-13T17:45:25","guid":{"rendered":"https:\/\/stoic-curie.212-227-153-4.plesk.page\/product\/elektricni-baterijski-kabelski-ocni-terminal-60-70mm-kabel-10mm-stud\/"},"modified":"2026-02-25T00:01:07","modified_gmt":"2026-02-25T00:01:07","slug":"elektricni-baterijski-kabelski-ocni-terminal-60-70mm-kabel-10mm-stud","status":"publish","type":"product","link":"https:\/\/stoic-curie.212-227-153-4.plesk.page\/hr\/product\/elektricni-baterijski-kabelski-ocni-terminal-60-70mm-kabel-10mm-stud\/","title":{"rendered":"Elektricni baterijski kabelski ocni terminal (60-70mm kabel \/ 10mm Stud)"},"content":{"rendered":"<p>Elektricni baterijski kabelski ocni terminal (60-70mm kabel \/ 10mm Stud) &#8211; <\/p>\n<div class=\"col-24 col-md-15\">\n<p>Terminalna o\u010di za baterijski kabel izra\u0111ena od cijepljenog bakra, dio elektri\u010dne serije. Ova terminala koristi pri\u010dvr\u0161\u0107ivanje oka za osiguranje na baterijskim navojima i ima ulaz za kabel prikladan za stezanje ili lemljenje. Ima inspekcijski otvor na prednjoj strani terminala.<\/p>\n<p>O\u010dne terminale treba uvijek izolirati pomo\u0107u pokriva\u010da terminala, od kojih imamo veliki izbor u VTE seriji.<\/p>\n<\/div>\n<h3>Specifikacije<\/h3>\n<table class=\"table\">\n<tbody>\n<tr>\n<td><strong>Duljina<\/strong><\/td>\n<td>54mm<\/td>\n<\/tr>\n<tr>\n<td><strong>\u0160irina<\/strong><\/td>\n<td>21mm<\/td>\n<\/tr>\n<tr>\n<td><strong>Brand<\/strong><\/td>\n<td>Electrical<\/td>\n<\/tr>\n<tr>\n<td><strong>Veli\u010dina ulaza za kabel o\u010dne terminale<\/strong><\/td>\n<td>11,5mm<\/td>\n<\/tr>\n<tr>\n<td><strong>Veli\u010dina kabela stud oka<\/strong><\/td>\n<td>10mm<\/td>\n<\/tr>\n<tr>\n<td><strong>Izrada<\/strong><\/td>\n<td>Cijepljeni bakar<\/td>\n<\/tr>\n<\/tbody>\n<\/table>\n","protected":false},"excerpt":{"rendered":"<p>Elektricni baterijski kabelski ocni terminal (60-70mm kabel \/ 10mm Stud) &#8211; Terminalna o\u010di za baterijski kabel izra\u0111ena od cijepljenog bakra,<\/p>\n","protected":false},"featured_media":5944829,"comment_status":"closed","ping_status":"closed","template":"","meta":[],"product_brand":[3216],"product_cat":[1752],"product_tag":[],"class_list":{"0":"post-3691042","1":"product","2":"type-product","3":"status-publish","4":"has-post-thumbnail","6":"product_brand-oceanflex-hr","7":"product_cat-kabel-i-terminali-za-baterije","9":"first","10":"instock","11":"shipping-taxable","12":"purchasable","13":"product-type-simple"},"_links":{"self":[{"href":"https:\/\/stoic-curie.212-227-153-4.plesk.page\/hr\/wp-json\/wp\/v2\/product\/3691042","targetHints":{"allow":["GET"]}}],"collection":[{"href":"https:\/\/stoic-curie.212-227-153-4.plesk.page\/hr\/wp-json\/wp\/v2\/product"}],"about":[{"href":"https:\/\/stoic-curie.212-227-153-4.plesk.page\/hr\/wp-json\/wp\/v2\/types\/product"}],"replies":[{"embeddable":true,"href":"https:\/\/stoic-curie.212-227-153-4.plesk.page\/hr\/wp-json\/wp\/v2\/comments?post=3691042"}],"version-history":[{"count":0,"href":"https:\/\/stoic-curie.212-227-153-4.plesk.page\/hr\/wp-json\/wp\/v2\/product\/3691042\/revisions"}],"wp:featuredmedia":[{"embeddable":true,"href":"https:\/\/stoic-curie.212-227-153-4.plesk.page\/hr\/wp-json\/wp\/v2\/media\/5944829"}],"wp:attachment":[{"href":"https:\/\/stoic-curie.212-227-153-4.plesk.page\/hr\/wp-json\/wp\/v2\/media?parent=3691042"}],"wp:term":[{"taxonomy":"product_brand","embeddable":true,"href":"https:\/\/stoic-curie.212-227-153-4.plesk.page\/hr\/wp-json\/wp\/v2\/product_brand?post=3691042"},{"taxonomy":"product_cat","embeddable":true,"href":"https:\/\/stoic-curie.212-227-153-4.plesk.page\/hr\/wp-json\/wp\/v2\/product_cat?post=3691042"},{"taxonomy":"product_tag","embeddable":true,"href":"https:\/\/stoic-curie.212-227-153-4.plesk.page\/hr\/wp-json\/wp\/v2\/product_tag?post=3691042"}],"curies":[{"name":"wp","href":"https:\/\/api.w.org\/{rel}","templated":true}]}}