{"id":3691043,"date":"2025-10-13T13:45:25","date_gmt":"2025-10-13T17:45:25","guid":{"rendered":"https:\/\/stoic-curie.212-227-153-4.plesk.page\/product\/elektricni-baterijski-kabelski-ocni-terminal-60-70mm-kabel-12mm-stud\/"},"modified":"2026-02-25T00:01:07","modified_gmt":"2026-02-25T00:01:07","slug":"elektricni-baterijski-kabelski-ocni-terminal-60-70mm-kabel-12mm-stud","status":"publish","type":"product","link":"https:\/\/stoic-curie.212-227-153-4.plesk.page\/hr\/product\/elektricni-baterijski-kabelski-ocni-terminal-60-70mm-kabel-12mm-stud\/","title":{"rendered":"Elektricni baterijski kabelski o\u010dni terminal (60-70mm kabel \/ 12mm Stud)"},"content":{"rendered":"<p>Elektricni baterijski kabelski o\u010dni terminal (60-70mm kabel \/ 12mm Stud) &#8211; <\/p>\n<div class=\"col-24 col-md-15\">\n<p>Terminal oko za baterijski kabel izra\u0111en od pocin\u010danog bakra, dio na\u0161e elektri\u010dne ponude. Ova terminal koristi o\u010dnu pri\u010dvrsnicu za osiguranje na studovima baterije i ulaz kabela koji je pogodan za stiskanje ili lemljenje. Ima inspekcijski otvor na prednjoj strani terminala.<\/p>\n<p>O\u010dne terminale uvijek treba izolirati kori\u0161tenjem terminalnih navlaka, od kojih imamo veliki asortiman u VTE seriji.<\/p>\n<\/p><\/div>\n<h3>Specifikacije<\/h3>\n<table class=\"table\">\n<tbody>\n<tr>\n<td><strong>Duljina<\/strong><\/td>\n<td>54mm<\/td>\n<\/tr>\n<tr>\n<td><strong>\u0160irina<\/strong><\/td>\n<td>21mm<\/td>\n<\/tr>\n<tr>\n<td><strong>Brand<\/strong><\/td>\n<td>Electrical<\/td>\n<\/tr>\n<tr>\n<td><strong>Veli\u010dina ulaza kabela za terminal oko<\/strong><\/td>\n<td>11,5mm<\/td>\n<\/tr>\n<tr>\n<td><strong>Veli\u010dina oko studa kabela<\/strong><\/td>\n<td>12mm<\/td>\n<\/tr>\n<tr>\n<td><strong>Izraditi<\/strong><\/td>\n<td>Pocin\u010dani Bakar<\/td>\n<\/tr>\n<\/tbody>\n<\/table>\n","protected":false},"excerpt":{"rendered":"<p>Elektricni baterijski kabelski o\u010dni terminal (60-70mm kabel \/ 12mm Stud) &#8211; Terminal oko za baterijski kabel izra\u0111en od pocin\u010danog bakra,<\/p>\n","protected":false},"featured_media":5944830,"comment_status":"closed","ping_status":"closed","template":"","meta":[],"product_brand":[3216],"product_cat":[1752],"product_tag":[],"class_list":{"0":"post-3691043","1":"product","2":"type-product","3":"status-publish","4":"has-post-thumbnail","6":"product_brand-oceanflex-hr","7":"product_cat-kabel-i-terminali-za-baterije","9":"first","10":"instock","11":"shipping-taxable","12":"purchasable","13":"product-type-simple"},"_links":{"self":[{"href":"https:\/\/stoic-curie.212-227-153-4.plesk.page\/hr\/wp-json\/wp\/v2\/product\/3691043","targetHints":{"allow":["GET"]}}],"collection":[{"href":"https:\/\/stoic-curie.212-227-153-4.plesk.page\/hr\/wp-json\/wp\/v2\/product"}],"about":[{"href":"https:\/\/stoic-curie.212-227-153-4.plesk.page\/hr\/wp-json\/wp\/v2\/types\/product"}],"replies":[{"embeddable":true,"href":"https:\/\/stoic-curie.212-227-153-4.plesk.page\/hr\/wp-json\/wp\/v2\/comments?post=3691043"}],"version-history":[{"count":0,"href":"https:\/\/stoic-curie.212-227-153-4.plesk.page\/hr\/wp-json\/wp\/v2\/product\/3691043\/revisions"}],"wp:featuredmedia":[{"embeddable":true,"href":"https:\/\/stoic-curie.212-227-153-4.plesk.page\/hr\/wp-json\/wp\/v2\/media\/5944830"}],"wp:attachment":[{"href":"https:\/\/stoic-curie.212-227-153-4.plesk.page\/hr\/wp-json\/wp\/v2\/media?parent=3691043"}],"wp:term":[{"taxonomy":"product_brand","embeddable":true,"href":"https:\/\/stoic-curie.212-227-153-4.plesk.page\/hr\/wp-json\/wp\/v2\/product_brand?post=3691043"},{"taxonomy":"product_cat","embeddable":true,"href":"https:\/\/stoic-curie.212-227-153-4.plesk.page\/hr\/wp-json\/wp\/v2\/product_cat?post=3691043"},{"taxonomy":"product_tag","embeddable":true,"href":"https:\/\/stoic-curie.212-227-153-4.plesk.page\/hr\/wp-json\/wp\/v2\/product_tag?post=3691043"}],"curies":[{"name":"wp","href":"https:\/\/api.w.org\/{rel}","templated":true}]}}