{"id":3691044,"date":"2025-10-13T13:45:26","date_gmt":"2025-10-13T17:45:26","guid":{"rendered":"https:\/\/stoic-curie.212-227-153-4.plesk.page\/product\/elektricni-baterijski-kabelski-ocni-terminal-10mm-kabel-6mm-stud\/"},"modified":"2026-02-25T00:01:07","modified_gmt":"2026-02-25T00:01:07","slug":"elektricni-baterijski-kabelski-ocni-terminal-10mm-kabel-6mm-stud","status":"publish","type":"product","link":"https:\/\/stoic-curie.212-227-153-4.plesk.page\/hr\/product\/elektricni-baterijski-kabelski-ocni-terminal-10mm-kabel-6mm-stud\/","title":{"rendered":"Elektricni baterijski kabelski ocni terminal (10mm kabel \/ 6mm Stud)"},"content":{"rendered":"<p>Elektricni baterijski kabelski ocni terminal (10mm kabel \/ 6mm Stud) &#8211; Terminacija kabela s okom za akumulator izra\u0111ena od pocin\u010danog bakra, dio Electrical asortimana. Ova terminacija koristi o\u010dnu zaklju\u010davanje za pri\u010dvr\u0161\u0107ivanje na vij\u010dane terminale baterije i ulaz kabela prikladan za stezanje ili lemljenje. Ima inspekcijski otvor na prednjoj strani terminala. O\u010dne terminacije uvijek trebaju biti izolirane pomo\u0107u pokriva\u010da terminala kojih imamo veliki raspon u skladi\u0161tu iz VTE asortimana. <\/p>\n<p>Specifikacije:<br \/>\n&#8211; Duljina: 25mm<br \/>\n&#8211; \u0160irina: 10mm<br \/>\n&#8211; Marka: Electrical<br \/>\n&#8211; Veli\u010dina ulaza kabela terminala s okom: 4.4mm<br \/>\n&#8211; Veli\u010dina vijke s okom: 6mm<br \/>\n&#8211; Konstrukcija: Pocin\u010dani bakar<\/p>\n","protected":false},"excerpt":{"rendered":"<p>Elektricni baterijski kabelski ocni terminal (10mm kabel \/ 6mm Stud) &#8211; Terminacija kabela s okom za akumulator izra\u0111ena od pocin\u010danog<\/p>\n","protected":false},"featured_media":5944832,"comment_status":"closed","ping_status":"closed","template":"","meta":[],"product_brand":[3216],"product_cat":[1752],"product_tag":[],"class_list":{"0":"post-3691044","1":"product","2":"type-product","3":"status-publish","4":"has-post-thumbnail","6":"product_brand-oceanflex-hr","7":"product_cat-kabel-i-terminali-za-baterije","9":"first","10":"instock","11":"shipping-taxable","12":"purchasable","13":"product-type-simple"},"_links":{"self":[{"href":"https:\/\/stoic-curie.212-227-153-4.plesk.page\/hr\/wp-json\/wp\/v2\/product\/3691044","targetHints":{"allow":["GET"]}}],"collection":[{"href":"https:\/\/stoic-curie.212-227-153-4.plesk.page\/hr\/wp-json\/wp\/v2\/product"}],"about":[{"href":"https:\/\/stoic-curie.212-227-153-4.plesk.page\/hr\/wp-json\/wp\/v2\/types\/product"}],"replies":[{"embeddable":true,"href":"https:\/\/stoic-curie.212-227-153-4.plesk.page\/hr\/wp-json\/wp\/v2\/comments?post=3691044"}],"version-history":[{"count":0,"href":"https:\/\/stoic-curie.212-227-153-4.plesk.page\/hr\/wp-json\/wp\/v2\/product\/3691044\/revisions"}],"wp:featuredmedia":[{"embeddable":true,"href":"https:\/\/stoic-curie.212-227-153-4.plesk.page\/hr\/wp-json\/wp\/v2\/media\/5944832"}],"wp:attachment":[{"href":"https:\/\/stoic-curie.212-227-153-4.plesk.page\/hr\/wp-json\/wp\/v2\/media?parent=3691044"}],"wp:term":[{"taxonomy":"product_brand","embeddable":true,"href":"https:\/\/stoic-curie.212-227-153-4.plesk.page\/hr\/wp-json\/wp\/v2\/product_brand?post=3691044"},{"taxonomy":"product_cat","embeddable":true,"href":"https:\/\/stoic-curie.212-227-153-4.plesk.page\/hr\/wp-json\/wp\/v2\/product_cat?post=3691044"},{"taxonomy":"product_tag","embeddable":true,"href":"https:\/\/stoic-curie.212-227-153-4.plesk.page\/hr\/wp-json\/wp\/v2\/product_tag?post=3691044"}],"curies":[{"name":"wp","href":"https:\/\/api.w.org\/{rel}","templated":true}]}}