{"id":3691045,"date":"2025-10-13T13:45:26","date_gmt":"2025-10-13T17:45:26","guid":{"rendered":"https:\/\/stoic-curie.212-227-153-4.plesk.page\/product\/elektricni-baterijski-kabelski-ocni-terminal-10mm-kabel-8mm-stud\/"},"modified":"2026-02-25T00:01:07","modified_gmt":"2026-02-25T00:01:07","slug":"elektricni-baterijski-kabelski-ocni-terminal-10mm-kabel-8mm-stud","status":"publish","type":"product","link":"https:\/\/stoic-curie.212-227-153-4.plesk.page\/hr\/product\/elektricni-baterijski-kabelski-ocni-terminal-10mm-kabel-8mm-stud\/","title":{"rendered":"Elektricni baterijski kabelski ocni terminal (10mm kabel \/ 8mm Stud)"},"content":{"rendered":"<p>Elektricni baterijski kabelski ocni terminal (10mm kabel \/ 8mm Stud) &#8211; <\/p>\n<div class=\"col-24 col-md-15\">\n<p>Kabelni terminal za bateriju izra\u0111en je od pocin\u010danog bakra i dio je na\u0161eg elektri\u010dnog asortimana. Ovaj terminal koristi o\u010dni spoj za osiguranje na baterijskim postovima i ima ulaz za kabel koji je prikladan za \u0161tipanje ili lemljenje. Na prednjoj strani terminala nalazi se inspekcijski otvor.<\/p>\n<p>O\u010dni terminali uvijek trebaju biti izolirani pomo\u0107u pokriva\u010da terminala, od kojih imamo veliku koli\u010dinu iz VTE asortimana.<\/p>\n<\/div>\n<h3>Specifikacije<\/h3>\n<table class=\"table\">\n<tbody>\n<tr>\n<td><strong>Du\u017eina<\/strong><\/td>\n<td>29mm<\/td>\n<\/tr>\n<tr>\n<td><strong>\u0160irina<\/strong><\/td>\n<td>12mm<\/td>\n<\/tr>\n<tr>\n<td><strong>Marka<\/strong><\/td>\n<td>Electrical<\/td>\n<\/tr>\n<tr>\n<td><strong>Veli\u010dina ulaza za kabel o\u010dima<\/strong><\/td>\n<td>4.4mm<\/td>\n<\/tr>\n<tr>\n<td><strong>Veli\u010dina studa kabela<\/strong><\/td>\n<td>8mm<\/td>\n<\/tr>\n<tr>\n<td><strong>Gradnja<\/strong><\/td>\n<td>Pocin\u010dani Bakar<\/td>\n<\/tr>\n<\/tbody>\n<\/table>\n","protected":false},"excerpt":{"rendered":"<p>Elektricni baterijski kabelski ocni terminal (10mm kabel \/ 8mm Stud) &#8211; Kabelni terminal za bateriju izra\u0111en je od pocin\u010danog bakra<\/p>\n","protected":false},"featured_media":5944833,"comment_status":"closed","ping_status":"closed","template":"","meta":[],"product_brand":[3216],"product_cat":[1752],"product_tag":[],"class_list":{"0":"post-3691045","1":"product","2":"type-product","3":"status-publish","4":"has-post-thumbnail","6":"product_brand-oceanflex-hr","7":"product_cat-kabel-i-terminali-za-baterije","9":"first","10":"instock","11":"shipping-taxable","12":"purchasable","13":"product-type-simple"},"_links":{"self":[{"href":"https:\/\/stoic-curie.212-227-153-4.plesk.page\/hr\/wp-json\/wp\/v2\/product\/3691045","targetHints":{"allow":["GET"]}}],"collection":[{"href":"https:\/\/stoic-curie.212-227-153-4.plesk.page\/hr\/wp-json\/wp\/v2\/product"}],"about":[{"href":"https:\/\/stoic-curie.212-227-153-4.plesk.page\/hr\/wp-json\/wp\/v2\/types\/product"}],"replies":[{"embeddable":true,"href":"https:\/\/stoic-curie.212-227-153-4.plesk.page\/hr\/wp-json\/wp\/v2\/comments?post=3691045"}],"version-history":[{"count":0,"href":"https:\/\/stoic-curie.212-227-153-4.plesk.page\/hr\/wp-json\/wp\/v2\/product\/3691045\/revisions"}],"wp:featuredmedia":[{"embeddable":true,"href":"https:\/\/stoic-curie.212-227-153-4.plesk.page\/hr\/wp-json\/wp\/v2\/media\/5944833"}],"wp:attachment":[{"href":"https:\/\/stoic-curie.212-227-153-4.plesk.page\/hr\/wp-json\/wp\/v2\/media?parent=3691045"}],"wp:term":[{"taxonomy":"product_brand","embeddable":true,"href":"https:\/\/stoic-curie.212-227-153-4.plesk.page\/hr\/wp-json\/wp\/v2\/product_brand?post=3691045"},{"taxonomy":"product_cat","embeddable":true,"href":"https:\/\/stoic-curie.212-227-153-4.plesk.page\/hr\/wp-json\/wp\/v2\/product_cat?post=3691045"},{"taxonomy":"product_tag","embeddable":true,"href":"https:\/\/stoic-curie.212-227-153-4.plesk.page\/hr\/wp-json\/wp\/v2\/product_tag?post=3691045"}],"curies":[{"name":"wp","href":"https:\/\/api.w.org\/{rel}","templated":true}]}}