{"id":3691046,"date":"2025-10-13T13:45:26","date_gmt":"2025-10-13T17:45:26","guid":{"rendered":"https:\/\/stoic-curie.212-227-153-4.plesk.page\/product\/elektricni-baterijski-kabelski-ocni-terminal-16mm-kabel-6mm-stud\/"},"modified":"2026-02-25T00:01:07","modified_gmt":"2026-02-25T00:01:07","slug":"elektricni-baterijski-kabelski-ocni-terminal-16mm-kabel-6mm-stud","status":"publish","type":"product","link":"https:\/\/stoic-curie.212-227-153-4.plesk.page\/hr\/product\/elektricni-baterijski-kabelski-ocni-terminal-16mm-kabel-6mm-stud\/","title":{"rendered":"Elektricni baterijski kabelski ocni terminal (16mm kabel \/ 6mm stud)"},"content":{"rendered":"<p>Elektricni baterijski kabelski ocni terminal (16mm kabel \/ 6mm stud) &#8211; <\/p>\n<div class=\"col-24 col-md-15\">\n<p>Kablovna priklju\u010dnica za baterijski kabel izra\u0111ena od pocin\u010danog bakra, dio Electrical asortimana. Ova priklju\u010dnica koristi o\u010dnu fiksaciju za pri\u010dvr\u0161\u0107ivanje na baterijske \u0161ipke i ulaz za kabel odgovaraju\u0107i za stiskanje ili lemljenje. Ima inspekcijski otvor na prednjoj strani priklju\u010dnice.<\/p>\n<p>O\u010dne priklju\u010dnice uvijek trebaju biti izolirane s poklopcima za priklju\u010dnice, od kojih imamo velik izbor iz VTE asortimana na skladi\u0161tu.<\/p>\n<\/div>\n<h3>Specifikacije<\/h3>\n<table class=\"table\">\n<tbody>\n<tr>\n<td><strong>Duljina<\/strong><\/td>\n<td>27mm<\/td>\n<\/tr>\n<tr>\n<td><strong>\u0160irina<\/strong><\/td>\n<td>12mm<\/td>\n<\/tr>\n<tr>\n<td><strong>Marka<\/strong><\/td>\n<td>Electrical<\/td>\n<\/tr>\n<tr>\n<td><strong>Veli\u010dina ulaza kabela za o\u010dne terminale<\/strong><\/td>\n<td>5.6mm<\/td>\n<\/tr>\n<tr>\n<td><strong>Veli\u010dina u\u0161ice za kabel<\/strong><\/td>\n<td>6mm<\/td>\n<\/tr>\n<tr>\n<td><strong>Izrada<\/strong><\/td>\n<td>Pocin\u010dani bakar<\/td>\n<\/tr>\n<\/tbody>\n<\/table>\n","protected":false},"excerpt":{"rendered":"<p>Elektricni baterijski kabelski ocni terminal (16mm kabel \/ 6mm stud) &#8211; Kablovna priklju\u010dnica za baterijski kabel izra\u0111ena od pocin\u010danog bakra,<\/p>\n","protected":false},"featured_media":5944834,"comment_status":"closed","ping_status":"closed","template":"","meta":[],"product_brand":[3216],"product_cat":[1752],"product_tag":[],"class_list":{"0":"post-3691046","1":"product","2":"type-product","3":"status-publish","4":"has-post-thumbnail","6":"product_brand-oceanflex-hr","7":"product_cat-kabel-i-terminali-za-baterije","9":"first","10":"instock","11":"shipping-taxable","12":"purchasable","13":"product-type-simple"},"_links":{"self":[{"href":"https:\/\/stoic-curie.212-227-153-4.plesk.page\/hr\/wp-json\/wp\/v2\/product\/3691046","targetHints":{"allow":["GET"]}}],"collection":[{"href":"https:\/\/stoic-curie.212-227-153-4.plesk.page\/hr\/wp-json\/wp\/v2\/product"}],"about":[{"href":"https:\/\/stoic-curie.212-227-153-4.plesk.page\/hr\/wp-json\/wp\/v2\/types\/product"}],"replies":[{"embeddable":true,"href":"https:\/\/stoic-curie.212-227-153-4.plesk.page\/hr\/wp-json\/wp\/v2\/comments?post=3691046"}],"version-history":[{"count":0,"href":"https:\/\/stoic-curie.212-227-153-4.plesk.page\/hr\/wp-json\/wp\/v2\/product\/3691046\/revisions"}],"wp:featuredmedia":[{"embeddable":true,"href":"https:\/\/stoic-curie.212-227-153-4.plesk.page\/hr\/wp-json\/wp\/v2\/media\/5944834"}],"wp:attachment":[{"href":"https:\/\/stoic-curie.212-227-153-4.plesk.page\/hr\/wp-json\/wp\/v2\/media?parent=3691046"}],"wp:term":[{"taxonomy":"product_brand","embeddable":true,"href":"https:\/\/stoic-curie.212-227-153-4.plesk.page\/hr\/wp-json\/wp\/v2\/product_brand?post=3691046"},{"taxonomy":"product_cat","embeddable":true,"href":"https:\/\/stoic-curie.212-227-153-4.plesk.page\/hr\/wp-json\/wp\/v2\/product_cat?post=3691046"},{"taxonomy":"product_tag","embeddable":true,"href":"https:\/\/stoic-curie.212-227-153-4.plesk.page\/hr\/wp-json\/wp\/v2\/product_tag?post=3691046"}],"curies":[{"name":"wp","href":"https:\/\/api.w.org\/{rel}","templated":true}]}}