{"id":3691049,"date":"2025-10-13T13:45:27","date_gmt":"2025-10-13T17:45:27","guid":{"rendered":"https:\/\/stoic-curie.212-227-153-4.plesk.page\/product\/elektricni-kromirani-mesingani-prolaz-za-kabel-10mm-kabel-32mm-promjer\/"},"modified":"2026-02-25T00:01:07","modified_gmt":"2026-02-25T00:01:07","slug":"elektricni-kromirani-mesingani-prolaz-za-kabel-10mm-kabel-32mm-promjer","status":"publish","type":"product","link":"https:\/\/stoic-curie.212-227-153-4.plesk.page\/hr\/product\/elektricni-kromirani-mesingani-prolaz-za-kabel-10mm-kabel-32mm-promjer\/","title":{"rendered":"Elektricni kromirani mesingani prolaz za kabel (10mm kabel \/ 32mm promjer)"},"content":{"rendered":"<p>Elektricni kromirani mesingani prolaz za kabel (10mm kabel \/ 32mm promjer) &#8211; <\/p>\n<div class=\"col-24 col-md-15\">\n<p>Elektri\u010dni kabelski prolaz izra\u0111en od niklovanog mesinga. Ova oprema omogu\u0107ava prolaz elektri\u010dnih kabela i drugih tipova kabela kroz pregrade ili na palubi. Kabelski prolaz sadr\u017ei brtvilo koje slu\u017ei kao vodonepropusna brtva oko kabela, kao i osnovu za u\u010dvr\u0161\u0107ivanje s tri vijka.<\/p>\n<\/div>\n<h3>Tehni\u010dke specifikacije<\/h3>\n<table class=\"table\">\n<tbody>\n<tr>\n<td><strong>Marka<\/strong><\/td>\n<td>Elektri\u010dni<\/td>\n<\/tr>\n<tr>\n<td><strong>Boja<\/strong><\/td>\n<td>Krom<\/td>\n<\/tr>\n<tr>\n<td><strong>Vodootporno<\/strong><\/td>\n<td>Da<\/td>\n<\/tr>\n<tr>\n<td><strong>Konstrukcija<\/strong><\/td>\n<td>Niklovani mesing<\/td>\n<\/tr>\n<tr>\n<td><strong>Promjer<\/strong><\/td>\n<td>Baza od 32mm, kabel od 10mm<\/td>\n<\/tr>\n<\/tbody>\n<\/table>\n","protected":false},"excerpt":{"rendered":"<p>Elektricni kromirani mesingani prolaz za kabel (10mm kabel \/ 32mm promjer) &#8211; Elektri\u010dni kabelski prolaz izra\u0111en od niklovanog mesinga. Ova<\/p>\n","protected":false},"featured_media":5944837,"comment_status":"closed","ping_status":"closed","template":"","meta":[],"product_brand":[3491],"product_cat":[1740],"product_tag":[],"class_list":{"0":"post-3691049","1":"product","2":"type-product","3":"status-publish","4":"has-post-thumbnail","6":"product_brand-trem-hr","7":"product_cat-elektricni-pribor","9":"first","10":"instock","11":"shipping-taxable","12":"purchasable","13":"product-type-simple"},"_links":{"self":[{"href":"https:\/\/stoic-curie.212-227-153-4.plesk.page\/hr\/wp-json\/wp\/v2\/product\/3691049","targetHints":{"allow":["GET"]}}],"collection":[{"href":"https:\/\/stoic-curie.212-227-153-4.plesk.page\/hr\/wp-json\/wp\/v2\/product"}],"about":[{"href":"https:\/\/stoic-curie.212-227-153-4.plesk.page\/hr\/wp-json\/wp\/v2\/types\/product"}],"replies":[{"embeddable":true,"href":"https:\/\/stoic-curie.212-227-153-4.plesk.page\/hr\/wp-json\/wp\/v2\/comments?post=3691049"}],"version-history":[{"count":0,"href":"https:\/\/stoic-curie.212-227-153-4.plesk.page\/hr\/wp-json\/wp\/v2\/product\/3691049\/revisions"}],"wp:featuredmedia":[{"embeddable":true,"href":"https:\/\/stoic-curie.212-227-153-4.plesk.page\/hr\/wp-json\/wp\/v2\/media\/5944837"}],"wp:attachment":[{"href":"https:\/\/stoic-curie.212-227-153-4.plesk.page\/hr\/wp-json\/wp\/v2\/media?parent=3691049"}],"wp:term":[{"taxonomy":"product_brand","embeddable":true,"href":"https:\/\/stoic-curie.212-227-153-4.plesk.page\/hr\/wp-json\/wp\/v2\/product_brand?post=3691049"},{"taxonomy":"product_cat","embeddable":true,"href":"https:\/\/stoic-curie.212-227-153-4.plesk.page\/hr\/wp-json\/wp\/v2\/product_cat?post=3691049"},{"taxonomy":"product_tag","embeddable":true,"href":"https:\/\/stoic-curie.212-227-153-4.plesk.page\/hr\/wp-json\/wp\/v2\/product_tag?post=3691049"}],"curies":[{"name":"wp","href":"https:\/\/api.w.org\/{rel}","templated":true}]}}