{"id":3691050,"date":"2025-10-13T13:45:27","date_gmt":"2025-10-13T17:45:27","guid":{"rendered":"https:\/\/stoic-curie.212-227-153-4.plesk.page\/product\/indeks-marine-white-dvostruki-ulaz-za-kabele3-6mm-kabeli\/"},"modified":"2026-02-25T00:01:07","modified_gmt":"2026-02-25T00:01:07","slug":"indeks-marine-white-dvostruki-ulaz-za-kabele3-6mm-kabeli","status":"publish","type":"product","link":"https:\/\/stoic-curie.212-227-153-4.plesk.page\/hr\/product\/indeks-marine-white-dvostruki-ulaz-za-kabele3-6mm-kabeli\/","title":{"rendered":"Indeks Marine White dvostruki ulaz za kabele(3 &#8211; 6mm kabeli)"},"content":{"rendered":"<p>Indeks Marine White dvostruki ulaz za kabele(3 &#8211; 6mm kabeli) &#8211; Bijeli kabelski ulaz s bo\u010dne strane iz Index Marine asortimana, ovaj dvostruki pe\u010dat pogodna je za kabele od 2 x 3 mm do 2 x 6 mm. Ovaj horizontalni dvostruki pe\u010dat dizajniran je za rad u najte\u017eim uvjetima, \u0161to ga \u010dini pogodnim za morske primjene, uz vodootpornu i pra\u0161inu otpornu IP68 ocjenu. Kabelski ulaz dolazi s 3 prethodno oblikovana \u010depa, a instalacija je jednostavna bez potrebnog bu\u0161enja.<\/p>\n","protected":false},"excerpt":{"rendered":"<p>Indeks Marine White dvostruki ulaz za kabele(3 &#8211; 6mm kabeli) &#8211; Bijeli kabelski ulaz s bo\u010dne strane iz Index Marine<\/p>\n","protected":false},"featured_media":5944838,"comment_status":"closed","ping_status":"closed","template":"","meta":[],"product_brand":[3236],"product_cat":[1740],"product_tag":[],"class_list":{"0":"post-3691050","1":"product","2":"type-product","3":"status-publish","4":"has-post-thumbnail","6":"product_brand-osculati-hr","7":"product_cat-elektricni-pribor","9":"first","10":"instock","11":"shipping-taxable","12":"purchasable","13":"product-type-simple"},"_links":{"self":[{"href":"https:\/\/stoic-curie.212-227-153-4.plesk.page\/hr\/wp-json\/wp\/v2\/product\/3691050","targetHints":{"allow":["GET"]}}],"collection":[{"href":"https:\/\/stoic-curie.212-227-153-4.plesk.page\/hr\/wp-json\/wp\/v2\/product"}],"about":[{"href":"https:\/\/stoic-curie.212-227-153-4.plesk.page\/hr\/wp-json\/wp\/v2\/types\/product"}],"replies":[{"embeddable":true,"href":"https:\/\/stoic-curie.212-227-153-4.plesk.page\/hr\/wp-json\/wp\/v2\/comments?post=3691050"}],"version-history":[{"count":0,"href":"https:\/\/stoic-curie.212-227-153-4.plesk.page\/hr\/wp-json\/wp\/v2\/product\/3691050\/revisions"}],"wp:featuredmedia":[{"embeddable":true,"href":"https:\/\/stoic-curie.212-227-153-4.plesk.page\/hr\/wp-json\/wp\/v2\/media\/5944838"}],"wp:attachment":[{"href":"https:\/\/stoic-curie.212-227-153-4.plesk.page\/hr\/wp-json\/wp\/v2\/media?parent=3691050"}],"wp:term":[{"taxonomy":"product_brand","embeddable":true,"href":"https:\/\/stoic-curie.212-227-153-4.plesk.page\/hr\/wp-json\/wp\/v2\/product_brand?post=3691050"},{"taxonomy":"product_cat","embeddable":true,"href":"https:\/\/stoic-curie.212-227-153-4.plesk.page\/hr\/wp-json\/wp\/v2\/product_cat?post=3691050"},{"taxonomy":"product_tag","embeddable":true,"href":"https:\/\/stoic-curie.212-227-153-4.plesk.page\/hr\/wp-json\/wp\/v2\/product_tag?post=3691050"}],"curies":[{"name":"wp","href":"https:\/\/api.w.org\/{rel}","templated":true}]}}