{"id":3691051,"date":"2025-10-13T13:45:28","date_gmt":"2025-10-13T17:45:28","guid":{"rendered":"https:\/\/stoic-curie.212-227-153-4.plesk.page\/product\/poklopac-kabelske-prikljucnice-vte-234-crveno-178-mm-ulaz\/"},"modified":"2026-02-25T00:01:07","modified_gmt":"2026-02-25T00:01:07","slug":"poklopac-kabelske-prikljucnice-vte-234-crveno-178-mm-ulaz","status":"publish","type":"product","link":"https:\/\/stoic-curie.212-227-153-4.plesk.page\/hr\/product\/poklopac-kabelske-prikljucnice-vte-234-crveno-178-mm-ulaz\/","title":{"rendered":"Poklopac kabelske prikljucnice VTE 234 (crveno \/ 17,8 mm ulaz)"},"content":{"rendered":"<p>Poklopac kabelske prikljucnice VTE 234 (crveno \/ 17,8 mm ulaz) &#8211; VTE Broj dijela: 234N4V02. Iz VTE 234 serije izolatora terminala o\u010diju. Ova pokrivka terminala izra\u0111ena je od PVC-a i dizajnirana je da \u0161titi terminalne veze od kratkog spoja. 234 serija je dizajnirana tako da izgleda dobro i istovremeno \u0161titi va\u0161u elektroniku. Ovaj izolator terminala lug i prstena je obojen crveno kako bi ozna\u010dio pozitivnu vezu. Kori\u0161tenje ove pokriva\u010de terminala omogu\u0107uje vam uskla\u0111ivanje s ABYC E-9, USCG 33 dio I i ISO 10133 standardima. <\/p>\n<p>Specifikacije: <\/p>\n<p>Odobrenja: Uskla\u0111uje se s ABYC E-9, USCG 33 dio I &#038; ISO 10133 standardima.<br \/>\nVisina: 43,2 mm<br \/>\nDuljina: Terminal: 50,8 mm, Ukupno: 94 mm<br \/>\nMarka: VTE<br \/>\nBoja: Crna<br \/>\nMaksimalna radna temperatura: 105 \u00b0C<br \/>\nTemperatura lomljenja: -44 \u00b0C<br \/>\nVeli\u010dina ulaza za kabel: 17,8 mm (Debljina kabela 2\/0-4\/0)<br \/>\nIzgradnja: PVC<br \/>\nPromjer: OD terminala: 34 mm, Unutarnji promjer hvata: 22,86 mm<br \/>\nDebljina: Nominalna debljina materijala: 2,54 mm.<\/p>\n","protected":false},"excerpt":{"rendered":"<p>Poklopac kabelske prikljucnice VTE 234 (crveno \/ 17,8 mm ulaz) &#8211; VTE Broj dijela: 234N4V02. Iz VTE 234 serije izolatora<\/p>\n","protected":false},"featured_media":5944840,"comment_status":"closed","ping_status":"closed","template":"","meta":[],"product_brand":[2831],"product_cat":[1729,1752],"product_tag":[],"class_list":{"0":"post-3691051","1":"product","2":"type-product","3":"status-publish","4":"has-post-thumbnail","6":"product_brand-blue-sea-systems-hr","7":"product_cat-baterije","8":"product_cat-kabel-i-terminali-za-baterije","10":"first","11":"instock","12":"shipping-taxable","13":"purchasable","14":"product-type-simple"},"_links":{"self":[{"href":"https:\/\/stoic-curie.212-227-153-4.plesk.page\/hr\/wp-json\/wp\/v2\/product\/3691051","targetHints":{"allow":["GET"]}}],"collection":[{"href":"https:\/\/stoic-curie.212-227-153-4.plesk.page\/hr\/wp-json\/wp\/v2\/product"}],"about":[{"href":"https:\/\/stoic-curie.212-227-153-4.plesk.page\/hr\/wp-json\/wp\/v2\/types\/product"}],"replies":[{"embeddable":true,"href":"https:\/\/stoic-curie.212-227-153-4.plesk.page\/hr\/wp-json\/wp\/v2\/comments?post=3691051"}],"version-history":[{"count":0,"href":"https:\/\/stoic-curie.212-227-153-4.plesk.page\/hr\/wp-json\/wp\/v2\/product\/3691051\/revisions"}],"wp:featuredmedia":[{"embeddable":true,"href":"https:\/\/stoic-curie.212-227-153-4.plesk.page\/hr\/wp-json\/wp\/v2\/media\/5944840"}],"wp:attachment":[{"href":"https:\/\/stoic-curie.212-227-153-4.plesk.page\/hr\/wp-json\/wp\/v2\/media?parent=3691051"}],"wp:term":[{"taxonomy":"product_brand","embeddable":true,"href":"https:\/\/stoic-curie.212-227-153-4.plesk.page\/hr\/wp-json\/wp\/v2\/product_brand?post=3691051"},{"taxonomy":"product_cat","embeddable":true,"href":"https:\/\/stoic-curie.212-227-153-4.plesk.page\/hr\/wp-json\/wp\/v2\/product_cat?post=3691051"},{"taxonomy":"product_tag","embeddable":true,"href":"https:\/\/stoic-curie.212-227-153-4.plesk.page\/hr\/wp-json\/wp\/v2\/product_tag?post=3691051"}],"curies":[{"name":"wp","href":"https:\/\/api.w.org\/{rel}","templated":true}]}}