{"id":3691052,"date":"2025-10-13T13:45:28","date_gmt":"2025-10-13T17:45:28","guid":{"rendered":"https:\/\/stoic-curie.212-227-153-4.plesk.page\/product\/poklopac-kabelske-prikljucnice-vte-234-crna-ulaz-promjera-178-mm\/"},"modified":"2026-02-25T00:01:07","modified_gmt":"2026-02-25T00:01:07","slug":"poklopac-kabelske-prikljucnice-vte-234-crna-ulaz-promjera-178-mm","status":"publish","type":"product","link":"https:\/\/stoic-curie.212-227-153-4.plesk.page\/hr\/product\/poklopac-kabelske-prikljucnice-vte-234-crna-ulaz-promjera-178-mm\/","title":{"rendered":"Poklopac kabelske priklju\u010dnice VTE 234 (Crna \/ ulaz promjera 17,8 mm)"},"content":{"rendered":"<p>Poklopac kabelske priklju\u010dnice VTE 234 (Crna \/ ulaz promjera 17,8 mm) &#8211; VTE Broj dijela: 234N4V14. Iz VTE 234 serije izolatora okulnih terminala. Ova terminalna kapa, izra\u0111ena od nepaljivog PVC-a, dizajnirana je za za\u0161titu terminalnih veza od kratkog spoja. 234 serija je dizajnirana da izgleda dobro, dok istovremeno \u0161titi va\u0161u elektroniku. Ovaj izolator lug i prstena je ozna\u010den crvenom bojom kako bi signalizirao pozitivnu vezu. Kori\u0161tenje ovog terminalnog pokrova omogu\u0107ava vam da se pridr\u017eavate ABYC E-9, USCG 33 Pododjeljak I i ISO 10133 standarda.<\/p>\n","protected":false},"excerpt":{"rendered":"<p>Poklopac kabelske priklju\u010dnice VTE 234 (Crna \/ ulaz promjera 17,8 mm) &#8211; VTE Broj dijela: 234N4V14. Iz VTE 234 serije<\/p>\n","protected":false},"featured_media":5944841,"comment_status":"closed","ping_status":"closed","template":"","meta":[],"product_brand":[2831],"product_cat":[1729,1752],"product_tag":[],"class_list":{"0":"post-3691052","1":"product","2":"type-product","3":"status-publish","4":"has-post-thumbnail","6":"product_brand-blue-sea-systems-hr","7":"product_cat-baterije","8":"product_cat-kabel-i-terminali-za-baterije","10":"first","11":"instock","12":"shipping-taxable","13":"purchasable","14":"product-type-simple"},"_links":{"self":[{"href":"https:\/\/stoic-curie.212-227-153-4.plesk.page\/hr\/wp-json\/wp\/v2\/product\/3691052","targetHints":{"allow":["GET"]}}],"collection":[{"href":"https:\/\/stoic-curie.212-227-153-4.plesk.page\/hr\/wp-json\/wp\/v2\/product"}],"about":[{"href":"https:\/\/stoic-curie.212-227-153-4.plesk.page\/hr\/wp-json\/wp\/v2\/types\/product"}],"replies":[{"embeddable":true,"href":"https:\/\/stoic-curie.212-227-153-4.plesk.page\/hr\/wp-json\/wp\/v2\/comments?post=3691052"}],"version-history":[{"count":0,"href":"https:\/\/stoic-curie.212-227-153-4.plesk.page\/hr\/wp-json\/wp\/v2\/product\/3691052\/revisions"}],"wp:featuredmedia":[{"embeddable":true,"href":"https:\/\/stoic-curie.212-227-153-4.plesk.page\/hr\/wp-json\/wp\/v2\/media\/5944841"}],"wp:attachment":[{"href":"https:\/\/stoic-curie.212-227-153-4.plesk.page\/hr\/wp-json\/wp\/v2\/media?parent=3691052"}],"wp:term":[{"taxonomy":"product_brand","embeddable":true,"href":"https:\/\/stoic-curie.212-227-153-4.plesk.page\/hr\/wp-json\/wp\/v2\/product_brand?post=3691052"},{"taxonomy":"product_cat","embeddable":true,"href":"https:\/\/stoic-curie.212-227-153-4.plesk.page\/hr\/wp-json\/wp\/v2\/product_cat?post=3691052"},{"taxonomy":"product_tag","embeddable":true,"href":"https:\/\/stoic-curie.212-227-153-4.plesk.page\/hr\/wp-json\/wp\/v2\/product_tag?post=3691052"}],"curies":[{"name":"wp","href":"https:\/\/api.w.org\/{rel}","templated":true}]}}