{"id":3691053,"date":"2025-10-13T13:45:28","date_gmt":"2025-10-13T17:45:28","guid":{"rendered":"https:\/\/stoic-curie.212-227-153-4.plesk.page\/product\/drzac-okruglog-osiguraca\/"},"modified":"2026-02-25T00:01:07","modified_gmt":"2026-02-25T00:01:07","slug":"drzac-okruglog-osiguraca","status":"publish","type":"product","link":"https:\/\/stoic-curie.212-227-153-4.plesk.page\/hr\/product\/drzac-okruglog-osiguraca\/","title":{"rendered":"Dr\u017eac okruglog osigura\u010da"},"content":{"rendered":"<p>Dr\u017eac okruglog osigura\u010da &#8211; <\/p>\n<div class=\"col-24 col-md-15\">\n<p>Panelno montirani dr\u017ea\u010d osigura\u010da za standardne staklene osigura\u010de 32mm x 6mm.<\/p>\n<p>Povezivanje dr\u017ea\u010da osigura\u010da putem mu\u0161kih lucar konektora.<\/p>\n<\/div>\n<h3>Specifikacije<\/h3>\n<table class=\"table\">\n<tbody>\n<tr>\n<td><strong>Marka<\/strong><\/td>\n<td>Electrical<\/td>\n<\/tr>\n<tr>\n<td><strong>Broj osigura\u010da<\/strong><\/td>\n<td>1 osiguranje<\/td>\n<\/tr>\n<tr>\n<td><strong>Opis stila<\/strong><\/td>\n<td>Stakleni osigura\u010di<\/td>\n<\/tr>\n<\/tbody>\n<\/table>\n","protected":false},"excerpt":{"rendered":"<p>Dr\u017eac okruglog osigura\u010da &#8211; Panelno montirani dr\u017ea\u010d osigura\u010da za standardne staklene osigura\u010de 32mm x 6mm. Povezivanje dr\u017ea\u010da osigura\u010da putem mu\u0161kih<\/p>\n","protected":false},"featured_media":5944842,"comment_status":"closed","ping_status":"closed","template":"","meta":[],"product_brand":[3236],"product_cat":[1746,1740],"product_tag":[],"class_list":{"0":"post-3691053","1":"product","2":"type-product","3":"status-publish","4":"has-post-thumbnail","6":"product_brand-osculati-hr","7":"product_cat-elektricne-ploce-prekidaca","8":"product_cat-elektricni-pribor","10":"first","11":"instock","12":"shipping-taxable","13":"purchasable","14":"product-type-simple"},"_links":{"self":[{"href":"https:\/\/stoic-curie.212-227-153-4.plesk.page\/hr\/wp-json\/wp\/v2\/product\/3691053","targetHints":{"allow":["GET"]}}],"collection":[{"href":"https:\/\/stoic-curie.212-227-153-4.plesk.page\/hr\/wp-json\/wp\/v2\/product"}],"about":[{"href":"https:\/\/stoic-curie.212-227-153-4.plesk.page\/hr\/wp-json\/wp\/v2\/types\/product"}],"replies":[{"embeddable":true,"href":"https:\/\/stoic-curie.212-227-153-4.plesk.page\/hr\/wp-json\/wp\/v2\/comments?post=3691053"}],"version-history":[{"count":0,"href":"https:\/\/stoic-curie.212-227-153-4.plesk.page\/hr\/wp-json\/wp\/v2\/product\/3691053\/revisions"}],"wp:featuredmedia":[{"embeddable":true,"href":"https:\/\/stoic-curie.212-227-153-4.plesk.page\/hr\/wp-json\/wp\/v2\/media\/5944842"}],"wp:attachment":[{"href":"https:\/\/stoic-curie.212-227-153-4.plesk.page\/hr\/wp-json\/wp\/v2\/media?parent=3691053"}],"wp:term":[{"taxonomy":"product_brand","embeddable":true,"href":"https:\/\/stoic-curie.212-227-153-4.plesk.page\/hr\/wp-json\/wp\/v2\/product_brand?post=3691053"},{"taxonomy":"product_cat","embeddable":true,"href":"https:\/\/stoic-curie.212-227-153-4.plesk.page\/hr\/wp-json\/wp\/v2\/product_cat?post=3691053"},{"taxonomy":"product_tag","embeddable":true,"href":"https:\/\/stoic-curie.212-227-153-4.plesk.page\/hr\/wp-json\/wp\/v2\/product_tag?post=3691053"}],"curies":[{"name":"wp","href":"https:\/\/api.w.org\/{rel}","templated":true}]}}