{"id":3691054,"date":"2025-10-13T13:45:28","date_gmt":"2025-10-13T17:45:28","guid":{"rendered":"https:\/\/stoic-curie.212-227-153-4.plesk.page\/product\/kutija-s-elektricnim-osiguracima-sa-6-plosnatih-osiguraca-led-indikator-2\/"},"modified":"2026-02-25T00:01:07","modified_gmt":"2026-02-25T00:01:07","slug":"kutija-s-elektricnim-osiguracima-sa-6-plosnatih-osiguraca-led-indikator-2","status":"publish","type":"product","link":"https:\/\/stoic-curie.212-227-153-4.plesk.page\/hr\/product\/kutija-s-elektricnim-osiguracima-sa-6-plosnatih-osiguraca-led-indikator-2\/","title":{"rendered":"Kutija s elektricnim osigura\u010dima sa 6 plosnatih osigura\u010da (LED indikator)"},"content":{"rendered":"<p>Kutija s elektricnim osigura\u010dima sa 6 plosnatih osigura\u010da (LED indikator) &#8211; Elektri\u010dna kutija osigura\u010da prikladna za smje\u0161taj 6 lopatica osigura\u010da. Na dnu kutije nalaze se monta\u017ene rupe koje omogu\u0107uju da se pri\u010dvrsti na presjek ili bilo koju drugu \u010dvrstu povr\u0161inu. Jasni prozirni poklopac omogu\u0107ava brzi vizualni pregled osigura\u010da, od kojih svaki ima zasebnu crvenu LED lampicu koja pokazuje kada je osigura\u010d pregorio. Svaki osigura\u010d ima mu\u0161ki terminal o\u0161trice od 6,3 mm, a postoji i jedan pozitivni ulaz za napajanje od 5 mm koji opskrbljuje svaki od o\u0161tri\u010dastih osigura\u010da.<\/p>\n","protected":false},"excerpt":{"rendered":"<p>Kutija s elektricnim osigura\u010dima sa 6 plosnatih osigura\u010da (LED indikator) &#8211; Elektri\u010dna kutija osigura\u010da prikladna za smje\u0161taj 6 lopatica osigura\u010da.<\/p>\n","protected":false},"featured_media":5944843,"comment_status":"closed","ping_status":"closed","template":"","meta":[],"product_brand":[2831],"product_cat":[1740],"product_tag":[],"class_list":{"0":"post-3691054","1":"product","2":"type-product","3":"status-publish","4":"has-post-thumbnail","6":"product_brand-blue-sea-systems-hr","7":"product_cat-elektricni-pribor","9":"first","10":"instock","11":"shipping-taxable","12":"purchasable","13":"product-type-simple"},"_links":{"self":[{"href":"https:\/\/stoic-curie.212-227-153-4.plesk.page\/hr\/wp-json\/wp\/v2\/product\/3691054","targetHints":{"allow":["GET"]}}],"collection":[{"href":"https:\/\/stoic-curie.212-227-153-4.plesk.page\/hr\/wp-json\/wp\/v2\/product"}],"about":[{"href":"https:\/\/stoic-curie.212-227-153-4.plesk.page\/hr\/wp-json\/wp\/v2\/types\/product"}],"replies":[{"embeddable":true,"href":"https:\/\/stoic-curie.212-227-153-4.plesk.page\/hr\/wp-json\/wp\/v2\/comments?post=3691054"}],"version-history":[{"count":0,"href":"https:\/\/stoic-curie.212-227-153-4.plesk.page\/hr\/wp-json\/wp\/v2\/product\/3691054\/revisions"}],"wp:featuredmedia":[{"embeddable":true,"href":"https:\/\/stoic-curie.212-227-153-4.plesk.page\/hr\/wp-json\/wp\/v2\/media\/5944843"}],"wp:attachment":[{"href":"https:\/\/stoic-curie.212-227-153-4.plesk.page\/hr\/wp-json\/wp\/v2\/media?parent=3691054"}],"wp:term":[{"taxonomy":"product_brand","embeddable":true,"href":"https:\/\/stoic-curie.212-227-153-4.plesk.page\/hr\/wp-json\/wp\/v2\/product_brand?post=3691054"},{"taxonomy":"product_cat","embeddable":true,"href":"https:\/\/stoic-curie.212-227-153-4.plesk.page\/hr\/wp-json\/wp\/v2\/product_cat?post=3691054"},{"taxonomy":"product_tag","embeddable":true,"href":"https:\/\/stoic-curie.212-227-153-4.plesk.page\/hr\/wp-json\/wp\/v2\/product_tag?post=3691054"}],"curies":[{"name":"wp","href":"https:\/\/api.w.org\/{rel}","templated":true}]}}