{"id":3691057,"date":"2025-10-13T13:45:29","date_gmt":"2025-10-13T17:45:29","guid":{"rendered":"https:\/\/stoic-curie.212-227-153-4.plesk.page\/product\/elektricni-anl-osigurac-100-amp-5-16-studs\/"},"modified":"2026-02-25T00:01:07","modified_gmt":"2026-02-25T00:01:07","slug":"elektricni-anl-osigurac-100-amp-5-16-studs","status":"publish","type":"product","link":"https:\/\/stoic-curie.212-227-153-4.plesk.page\/hr\/product\/elektricni-anl-osigurac-100-amp-5-16-studs\/","title":{"rendered":"Elektricni ANL osigurac (100 amp \/ 5\/16&#8243; Studs)"},"content":{"rendered":"<p>Elektricni ANL osigurac (100 amp \/ 5\/16&#8243; Studs) &#8211; ANL osigura\u010di koriste se za op\u0107u za\u0161titu kabela, pru\u017eaju\u0107i za\u0161titu od &#8216;srednjeg udarca&#8217; (oko 1 sekunde). Ovaj ANL osigura\u010d ima rupe za pri\u010dvr\u0161\u0107ivanje pogodne za 5\/16&#8243; vijke. Tako\u0111er su dostupni nosa\u010di osigura\u010da dizajnirani za ANL osigura\u010de. Molimo vas da pa\u017eljivo provjerite mo\u017ee li elektri\u010dni sistem podnijeti predvi\u0111eno optere\u0107enje i mo\u017ee li osigura\u010d za\u0161tititi kabel. Op\u0107enito, ocjena osigura\u010da ne bi trebala prelaziti 1,5 puta ocjenu u amperima kabela. Ako ste u nedoumici, obratite se kvalificiranom i kompetentnom tehni\u010daru. Ovaj ANL osigura\u010d ocijenjen je na 100 ampera.<\/p>\n","protected":false},"excerpt":{"rendered":"<p>Elektricni ANL osigurac (100 amp \/ 5\/16&#8243; Studs) &#8211; ANL osigura\u010di koriste se za op\u0107u za\u0161titu kabela, pru\u017eaju\u0107i za\u0161titu od<\/p>\n","protected":false},"featured_media":5944846,"comment_status":"closed","ping_status":"closed","template":"","meta":[],"product_brand":[2831],"product_cat":[1740],"product_tag":[],"class_list":{"0":"post-3691057","1":"product","2":"type-product","3":"status-publish","4":"has-post-thumbnail","6":"product_brand-blue-sea-systems-hr","7":"product_cat-elektricni-pribor","9":"first","10":"instock","11":"shipping-taxable","12":"purchasable","13":"product-type-simple"},"_links":{"self":[{"href":"https:\/\/stoic-curie.212-227-153-4.plesk.page\/hr\/wp-json\/wp\/v2\/product\/3691057","targetHints":{"allow":["GET"]}}],"collection":[{"href":"https:\/\/stoic-curie.212-227-153-4.plesk.page\/hr\/wp-json\/wp\/v2\/product"}],"about":[{"href":"https:\/\/stoic-curie.212-227-153-4.plesk.page\/hr\/wp-json\/wp\/v2\/types\/product"}],"replies":[{"embeddable":true,"href":"https:\/\/stoic-curie.212-227-153-4.plesk.page\/hr\/wp-json\/wp\/v2\/comments?post=3691057"}],"version-history":[{"count":0,"href":"https:\/\/stoic-curie.212-227-153-4.plesk.page\/hr\/wp-json\/wp\/v2\/product\/3691057\/revisions"}],"wp:featuredmedia":[{"embeddable":true,"href":"https:\/\/stoic-curie.212-227-153-4.plesk.page\/hr\/wp-json\/wp\/v2\/media\/5944846"}],"wp:attachment":[{"href":"https:\/\/stoic-curie.212-227-153-4.plesk.page\/hr\/wp-json\/wp\/v2\/media?parent=3691057"}],"wp:term":[{"taxonomy":"product_brand","embeddable":true,"href":"https:\/\/stoic-curie.212-227-153-4.plesk.page\/hr\/wp-json\/wp\/v2\/product_brand?post=3691057"},{"taxonomy":"product_cat","embeddable":true,"href":"https:\/\/stoic-curie.212-227-153-4.plesk.page\/hr\/wp-json\/wp\/v2\/product_cat?post=3691057"},{"taxonomy":"product_tag","embeddable":true,"href":"https:\/\/stoic-curie.212-227-153-4.plesk.page\/hr\/wp-json\/wp\/v2\/product_tag?post=3691057"}],"curies":[{"name":"wp","href":"https:\/\/api.w.org\/{rel}","templated":true}]}}