{"id":3691058,"date":"2025-10-13T13:45:30","date_gmt":"2025-10-13T17:45:30","guid":{"rendered":"https:\/\/stoic-curie.212-227-153-4.plesk.page\/product\/elektricni-anl-osigurac-130-amp-5-16-studs\/"},"modified":"2026-02-25T00:01:07","modified_gmt":"2026-02-25T00:01:07","slug":"elektricni-anl-osigurac-130-amp-5-16-studs","status":"publish","type":"product","link":"https:\/\/stoic-curie.212-227-153-4.plesk.page\/hr\/product\/elektricni-anl-osigurac-130-amp-5-16-studs\/","title":{"rendered":"Elektricni ANL osigurac (130 amp \/ 5\/16&#8243; Studs)"},"content":{"rendered":"<p>Elektricni ANL osigurac (130 amp \/ 5\/16&#8243; Studs) &#8211; ANL osigura\u010di se koriste za op\u0107u za\u0161titu kablova i pru\u017eaju &#8216;srednji udar&#8217; (oko 1 sekunde) za\u0161titu. Ovaj ANL osigura\u010d ima monta\u017ene rupe prikladne za 5\/16&#8243; matice. Tako\u0111er su dostupni dr\u017ea\u010di osigura\u010da dizajnirani za ANL osigura\u010de.<\/p>\n<p>Molimo vas da pa\u017eljivo provjerite mo\u017ee li o\u017ei\u010denje podnijeti predvi\u0111eno optere\u0107enje i mo\u017ee li osigura\u010d za\u0161tititi o\u017ei\u010denje. Op\u0107enito, ocjena osigura\u010da ne smije prema\u0161iti 1,5 puta ocjenu struje o\u017ei\u010denja. U slu\u010daju sumnje, obratite se kvalificiranom tehni\u010daru.<\/p>\n<p>Ovaj ANL osigura\u010d je ocijenjen na 130 ampera.<\/p>\n","protected":false},"excerpt":{"rendered":"<p>Elektricni ANL osigurac (130 amp \/ 5\/16&#8243; Studs) &#8211; ANL osigura\u010di se koriste za op\u0107u za\u0161titu kablova i pru\u017eaju &#8216;srednji<\/p>\n","protected":false},"featured_media":5944847,"comment_status":"closed","ping_status":"closed","template":"","meta":[],"product_brand":[2831],"product_cat":[1740],"product_tag":[],"class_list":{"0":"post-3691058","1":"product","2":"type-product","3":"status-publish","4":"has-post-thumbnail","6":"product_brand-blue-sea-systems-hr","7":"product_cat-elektricni-pribor","9":"first","10":"instock","11":"shipping-taxable","12":"purchasable","13":"product-type-simple"},"_links":{"self":[{"href":"https:\/\/stoic-curie.212-227-153-4.plesk.page\/hr\/wp-json\/wp\/v2\/product\/3691058","targetHints":{"allow":["GET"]}}],"collection":[{"href":"https:\/\/stoic-curie.212-227-153-4.plesk.page\/hr\/wp-json\/wp\/v2\/product"}],"about":[{"href":"https:\/\/stoic-curie.212-227-153-4.plesk.page\/hr\/wp-json\/wp\/v2\/types\/product"}],"replies":[{"embeddable":true,"href":"https:\/\/stoic-curie.212-227-153-4.plesk.page\/hr\/wp-json\/wp\/v2\/comments?post=3691058"}],"version-history":[{"count":0,"href":"https:\/\/stoic-curie.212-227-153-4.plesk.page\/hr\/wp-json\/wp\/v2\/product\/3691058\/revisions"}],"wp:featuredmedia":[{"embeddable":true,"href":"https:\/\/stoic-curie.212-227-153-4.plesk.page\/hr\/wp-json\/wp\/v2\/media\/5944847"}],"wp:attachment":[{"href":"https:\/\/stoic-curie.212-227-153-4.plesk.page\/hr\/wp-json\/wp\/v2\/media?parent=3691058"}],"wp:term":[{"taxonomy":"product_brand","embeddable":true,"href":"https:\/\/stoic-curie.212-227-153-4.plesk.page\/hr\/wp-json\/wp\/v2\/product_brand?post=3691058"},{"taxonomy":"product_cat","embeddable":true,"href":"https:\/\/stoic-curie.212-227-153-4.plesk.page\/hr\/wp-json\/wp\/v2\/product_cat?post=3691058"},{"taxonomy":"product_tag","embeddable":true,"href":"https:\/\/stoic-curie.212-227-153-4.plesk.page\/hr\/wp-json\/wp\/v2\/product_tag?post=3691058"}],"curies":[{"name":"wp","href":"https:\/\/api.w.org\/{rel}","templated":true}]}}