{"id":3691062,"date":"2025-10-13T13:45:31","date_gmt":"2025-10-13T17:45:31","guid":{"rendered":"https:\/\/stoic-curie.212-227-153-4.plesk.page\/product\/elektricni-anl-osigurac-300-amp-5-16-studs\/"},"modified":"2026-02-25T00:01:07","modified_gmt":"2026-02-25T00:01:07","slug":"elektricni-anl-osigurac-300-amp-5-16-studs","status":"publish","type":"product","link":"https:\/\/stoic-curie.212-227-153-4.plesk.page\/hr\/product\/elektricni-anl-osigurac-300-amp-5-16-studs\/","title":{"rendered":"Elektricni ANL osigurac (300 amp \/ 5\/16&#8243; Studs)"},"content":{"rendered":"<p>Elektricni ANL osigurac (300 amp \/ 5\/16&#8243; Studs) &#8211; ANL osigura\u010di se koriste za op\u0107u za\u0161titu kabela i pru\u017eaju &#8216;medium blow&#8217; za\u0161titu (oko 1 sekunde). Ovaj ANL osigura\u010d ima pri\u010dvrsne rupe prikladne za 5\/16&#8243; vijke. Osigura\u010di dizajnirani za ANL osigura\u010de tako\u0111er su dostupni. Molimo vas da pa\u017eljivo provjerite je li o\u017ei\u010denje sposobno podnijeti namijenjeno optere\u0107enje i da li osigura\u010d mo\u017ee za\u0161tititi o\u017ei\u010denje. Op\u0107enito, ocjena osigura\u010da ne bi trebala prelaziti 1,5 puta ocjenu ampera o\u017ei\u010denja. U slu\u010daju sumnje, konzultirajte se sa kvalificiranim i kompetentnim tehni\u010darom. Ovaj ANL osigura\u010d ocijenjen je na 300 ampera.<\/p>\n","protected":false},"excerpt":{"rendered":"<p>Elektricni ANL osigurac (300 amp \/ 5\/16&#8243; Studs) &#8211; ANL osigura\u010di se koriste za op\u0107u za\u0161titu kabela i pru\u017eaju &#8216;medium<\/p>\n","protected":false},"featured_media":5944851,"comment_status":"closed","ping_status":"closed","template":"","meta":[],"product_brand":[2831],"product_cat":[1740],"product_tag":[],"class_list":{"0":"post-3691062","1":"product","2":"type-product","3":"status-publish","4":"has-post-thumbnail","6":"product_brand-blue-sea-systems-hr","7":"product_cat-elektricni-pribor","9":"first","10":"instock","11":"shipping-taxable","12":"purchasable","13":"product-type-simple"},"_links":{"self":[{"href":"https:\/\/stoic-curie.212-227-153-4.plesk.page\/hr\/wp-json\/wp\/v2\/product\/3691062","targetHints":{"allow":["GET"]}}],"collection":[{"href":"https:\/\/stoic-curie.212-227-153-4.plesk.page\/hr\/wp-json\/wp\/v2\/product"}],"about":[{"href":"https:\/\/stoic-curie.212-227-153-4.plesk.page\/hr\/wp-json\/wp\/v2\/types\/product"}],"replies":[{"embeddable":true,"href":"https:\/\/stoic-curie.212-227-153-4.plesk.page\/hr\/wp-json\/wp\/v2\/comments?post=3691062"}],"version-history":[{"count":0,"href":"https:\/\/stoic-curie.212-227-153-4.plesk.page\/hr\/wp-json\/wp\/v2\/product\/3691062\/revisions"}],"wp:featuredmedia":[{"embeddable":true,"href":"https:\/\/stoic-curie.212-227-153-4.plesk.page\/hr\/wp-json\/wp\/v2\/media\/5944851"}],"wp:attachment":[{"href":"https:\/\/stoic-curie.212-227-153-4.plesk.page\/hr\/wp-json\/wp\/v2\/media?parent=3691062"}],"wp:term":[{"taxonomy":"product_brand","embeddable":true,"href":"https:\/\/stoic-curie.212-227-153-4.plesk.page\/hr\/wp-json\/wp\/v2\/product_brand?post=3691062"},{"taxonomy":"product_cat","embeddable":true,"href":"https:\/\/stoic-curie.212-227-153-4.plesk.page\/hr\/wp-json\/wp\/v2\/product_cat?post=3691062"},{"taxonomy":"product_tag","embeddable":true,"href":"https:\/\/stoic-curie.212-227-153-4.plesk.page\/hr\/wp-json\/wp\/v2\/product_tag?post=3691062"}],"curies":[{"name":"wp","href":"https:\/\/api.w.org\/{rel}","templated":true}]}}