{"id":3691063,"date":"2025-10-13T13:45:32","date_gmt":"2025-10-13T17:45:32","guid":{"rendered":"https:\/\/stoic-curie.212-227-153-4.plesk.page\/product\/elektricni-anl-osigurac-325-amp-5-16-studs\/"},"modified":"2026-02-25T00:01:07","modified_gmt":"2026-02-25T00:01:07","slug":"elektricni-anl-osigurac-325-amp-5-16-studs","status":"publish","type":"product","link":"https:\/\/stoic-curie.212-227-153-4.plesk.page\/hr\/product\/elektricni-anl-osigurac-325-amp-5-16-studs\/","title":{"rendered":"Elektricni ANL osigurac (325 Amp \/ 5\/16&#8243; Studs)"},"content":{"rendered":"<p>Elektricni ANL osigurac (325 Amp \/ 5\/16&#8243; Studs) &#8211; ANL osigura\u010di se koriste za op\u0107u za\u0161titu kabela, pru\u017eaju\u0107i za\u0161titu s &#8216;srednjim udarcem&#8217; (oko 1 sekunde). Ovaj ANL osigura\u010d ima rupe za pri\u010dvr\u0161\u0107ivanje prikladne za 5\/16&#8243; studove. Tako\u0111er su dostupni dr\u017ea\u010di osigura\u010da dizajnirani za ANL osigura\u010de.<\/p>\n<p>Molimo vas da pa\u017eljivo provjerite je li o\u017ei\u010denje sposobno nositi namjeravanu optere\u0107enje te da osigura\u010d mo\u017ee za\u0161tititi o\u017ei\u010denje. Op\u0107enito, ocjena osigura\u010da ne bi trebala prelaziti 1,5 puta ocjenu ampera\u017ee o\u017ei\u010denja. Ako ste u nedoumici, konzultirajte se s kvalificiranim i kompetentnim tehni\u010darom.<\/p>\n<p>Ovaj ANL osigura\u010d ima ocjenu od 325 ampera.<\/p>\n","protected":false},"excerpt":{"rendered":"<p>Elektricni ANL osigurac (325 Amp \/ 5\/16&#8243; Studs) &#8211; ANL osigura\u010di se koriste za op\u0107u za\u0161titu kabela, pru\u017eaju\u0107i za\u0161titu s<\/p>\n","protected":false},"featured_media":5944852,"comment_status":"closed","ping_status":"closed","template":"","meta":[],"product_brand":[2831],"product_cat":[1740],"product_tag":[],"class_list":{"0":"post-3691063","1":"product","2":"type-product","3":"status-publish","4":"has-post-thumbnail","6":"product_brand-blue-sea-systems-hr","7":"product_cat-elektricni-pribor","9":"first","10":"instock","11":"shipping-taxable","12":"purchasable","13":"product-type-simple"},"_links":{"self":[{"href":"https:\/\/stoic-curie.212-227-153-4.plesk.page\/hr\/wp-json\/wp\/v2\/product\/3691063","targetHints":{"allow":["GET"]}}],"collection":[{"href":"https:\/\/stoic-curie.212-227-153-4.plesk.page\/hr\/wp-json\/wp\/v2\/product"}],"about":[{"href":"https:\/\/stoic-curie.212-227-153-4.plesk.page\/hr\/wp-json\/wp\/v2\/types\/product"}],"replies":[{"embeddable":true,"href":"https:\/\/stoic-curie.212-227-153-4.plesk.page\/hr\/wp-json\/wp\/v2\/comments?post=3691063"}],"version-history":[{"count":0,"href":"https:\/\/stoic-curie.212-227-153-4.plesk.page\/hr\/wp-json\/wp\/v2\/product\/3691063\/revisions"}],"wp:featuredmedia":[{"embeddable":true,"href":"https:\/\/stoic-curie.212-227-153-4.plesk.page\/hr\/wp-json\/wp\/v2\/media\/5944852"}],"wp:attachment":[{"href":"https:\/\/stoic-curie.212-227-153-4.plesk.page\/hr\/wp-json\/wp\/v2\/media?parent=3691063"}],"wp:term":[{"taxonomy":"product_brand","embeddable":true,"href":"https:\/\/stoic-curie.212-227-153-4.plesk.page\/hr\/wp-json\/wp\/v2\/product_brand?post=3691063"},{"taxonomy":"product_cat","embeddable":true,"href":"https:\/\/stoic-curie.212-227-153-4.plesk.page\/hr\/wp-json\/wp\/v2\/product_cat?post=3691063"},{"taxonomy":"product_tag","embeddable":true,"href":"https:\/\/stoic-curie.212-227-153-4.plesk.page\/hr\/wp-json\/wp\/v2\/product_tag?post=3691063"}],"curies":[{"name":"wp","href":"https:\/\/api.w.org\/{rel}","templated":true}]}}