{"id":3691065,"date":"2025-10-13T13:45:32","date_gmt":"2025-10-13T17:45:32","guid":{"rendered":"https:\/\/stoic-curie.212-227-153-4.plesk.page\/product\/elektricni-anl-osigurac-500-amp-5-16-studs\/"},"modified":"2026-02-25T00:01:07","modified_gmt":"2026-02-25T00:01:07","slug":"elektricni-anl-osigurac-500-amp-5-16-studs","status":"publish","type":"product","link":"https:\/\/stoic-curie.212-227-153-4.plesk.page\/hr\/product\/elektricni-anl-osigurac-500-amp-5-16-studs\/","title":{"rendered":"Elektricni ANL osigurac (500 amp \/ 5\/16&#8243; Studs)"},"content":{"rendered":"<p>Elektricni ANL osigurac (500 amp \/ 5\/16&#8243; Studs) &#8211; <\/p>\n<div class=\"col-24 col-md-15\">\n<p>ANL osigura\u010di se koriste za op\u0107u za\u0161titu kabela, pru\u017eaju\u0107i za\u0161titu &#8216;srednjeg udarca&#8217; (oko 1 sekunde). Ovaj ANL osigura\u010d ima pri\u010dvrsne rupe prikladne za vijke od 5\/16&#8243;. Tako\u0111er su dostupni nosa\u010di osigura\u010da dizajnirani za ANL osigura\u010de.<\/p>\n<p>Pazite pa\u017eljivo da je o\u017ei\u010denje sposobno podnijeti predvi\u0111eno optere\u0107enje i da osigura\u010d mo\u017ee za\u0161tititi o\u017ei\u010denje. Op\u0107enito, ocjena osigura\u010da ne smije prelaziti 1,5 puta ocjenu ampera\u017ea kabela. Ako ste u nedoumici, obratite se kvalificiranom i stru\u010dnom tehni\u010daru.<\/p>\n<p>Ovaj ANL osigura\u010d ima ocjenu od 500 ampera.<\/p>\n<\/div>\n<h3>Specifikacije<\/h3>\n<table class=\"table\">\n<tbody>\n<tr>\n<td><strong>Amperi<\/strong><\/td>\n<td>500A<\/td>\n<\/tr>\n<tr>\n<td><strong>Marka<\/strong><\/td>\n<td>Electrical<\/td>\n<\/tr>\n<tr>\n<td><strong>Boja<\/strong><\/td>\n<td>Crna<\/td>\n<\/tr>\n<tr>\n<td><strong>Prodajna jedinica<\/strong><\/td>\n<td>1 Osigura\u010d<\/td>\n<\/tr>\n<tr>\n<td><strong>Povezivanja<\/strong><\/td>\n<td>Prikladno za vijke od 5\/16&#8243;<\/td>\n<\/tr>\n<tr>\n<td><strong>Opis stila<\/strong><\/td>\n<td>ANL Osigura\u010di<\/td>\n<\/tr>\n<\/tbody>\n<\/table>\n","protected":false},"excerpt":{"rendered":"<p>Elektricni ANL osigurac (500 amp \/ 5\/16&#8243; Studs) &#8211; ANL osigura\u010di se koriste za op\u0107u za\u0161titu kabela, pru\u017eaju\u0107i za\u0161titu &#8216;srednjeg<\/p>\n","protected":false},"featured_media":5944854,"comment_status":"closed","ping_status":"closed","template":"","meta":[],"product_brand":[2831],"product_cat":[1740],"product_tag":[],"class_list":{"0":"post-3691065","1":"product","2":"type-product","3":"status-publish","4":"has-post-thumbnail","6":"product_brand-blue-sea-systems-hr","7":"product_cat-elektricni-pribor","9":"first","10":"instock","11":"shipping-taxable","12":"purchasable","13":"product-type-simple"},"_links":{"self":[{"href":"https:\/\/stoic-curie.212-227-153-4.plesk.page\/hr\/wp-json\/wp\/v2\/product\/3691065","targetHints":{"allow":["GET"]}}],"collection":[{"href":"https:\/\/stoic-curie.212-227-153-4.plesk.page\/hr\/wp-json\/wp\/v2\/product"}],"about":[{"href":"https:\/\/stoic-curie.212-227-153-4.plesk.page\/hr\/wp-json\/wp\/v2\/types\/product"}],"replies":[{"embeddable":true,"href":"https:\/\/stoic-curie.212-227-153-4.plesk.page\/hr\/wp-json\/wp\/v2\/comments?post=3691065"}],"version-history":[{"count":0,"href":"https:\/\/stoic-curie.212-227-153-4.plesk.page\/hr\/wp-json\/wp\/v2\/product\/3691065\/revisions"}],"wp:featuredmedia":[{"embeddable":true,"href":"https:\/\/stoic-curie.212-227-153-4.plesk.page\/hr\/wp-json\/wp\/v2\/media\/5944854"}],"wp:attachment":[{"href":"https:\/\/stoic-curie.212-227-153-4.plesk.page\/hr\/wp-json\/wp\/v2\/media?parent=3691065"}],"wp:term":[{"taxonomy":"product_brand","embeddable":true,"href":"https:\/\/stoic-curie.212-227-153-4.plesk.page\/hr\/wp-json\/wp\/v2\/product_brand?post=3691065"},{"taxonomy":"product_cat","embeddable":true,"href":"https:\/\/stoic-curie.212-227-153-4.plesk.page\/hr\/wp-json\/wp\/v2\/product_cat?post=3691065"},{"taxonomy":"product_tag","embeddable":true,"href":"https:\/\/stoic-curie.212-227-153-4.plesk.page\/hr\/wp-json\/wp\/v2\/product_tag?post=3691065"}],"curies":[{"name":"wp","href":"https:\/\/api.w.org\/{rel}","templated":true}]}}