{"id":3691066,"date":"2025-10-13T13:45:32","date_gmt":"2025-10-13T17:45:32","guid":{"rendered":"https:\/\/stoic-curie.212-227-153-4.plesk.page\/product\/upaljac-za-cigarete-ugradbeni-s-poklopcem-plastika\/"},"modified":"2026-02-25T00:01:07","modified_gmt":"2026-02-25T00:01:07","slug":"upaljac-za-cigarete-ugradbeni-s-poklopcem-plastika","status":"publish","type":"product","link":"https:\/\/stoic-curie.212-227-153-4.plesk.page\/hr\/product\/upaljac-za-cigarete-ugradbeni-s-poklopcem-plastika\/","title":{"rendered":"Upaljac za cigarete ugradbeni s poklopcem (Plastika)"},"content":{"rendered":"<p>Upaljac za cigarete ugradbeni s poklopcem (Plastika) &#8211; <\/p>\n<div class=\"col-24 col-md-15\">\n<p>Ugra\u0111eno ku\u0107i\u0161te za upalja\u010de za cigarete, prikladno za morsku okolinu. Ova monta\u017ena uti\u010dnica dolazi s poklopcem za prikrivanje upalja\u010da i ima dvije spojenice od 6,5 mm na stra\u017enjem dijelu uti\u010dnice.<\/p>\n<\/div>\n<h3>Specifikacije<\/h3>\n<table class=\"table\">\n<tbody>\n<tr>\n<td><strong>Marka<\/strong><\/td>\n<td>ASAP Electrical<\/td>\n<\/tr>\n<tr>\n<td><strong>Dimenzije<\/strong><\/td>\n<td>2 x spojnica od 6,5 mm<\/td>\n<\/tr>\n<\/tbody>\n<\/table>\n","protected":false},"excerpt":{"rendered":"<p>Upaljac za cigarete ugradbeni s poklopcem (Plastika) &#8211; Ugra\u0111eno ku\u0107i\u0161te za upalja\u010de za cigarete, prikladno za morsku okolinu. Ova monta\u017ena<\/p>\n","protected":false},"featured_media":5944855,"comment_status":"closed","ping_status":"closed","template":"","meta":[],"product_brand":[2831],"product_cat":[1740],"product_tag":[],"class_list":{"0":"post-3691066","1":"product","2":"type-product","3":"status-publish","4":"has-post-thumbnail","6":"product_brand-blue-sea-systems-hr","7":"product_cat-elektricni-pribor","9":"first","10":"instock","11":"shipping-taxable","12":"purchasable","13":"product-type-simple"},"_links":{"self":[{"href":"https:\/\/stoic-curie.212-227-153-4.plesk.page\/hr\/wp-json\/wp\/v2\/product\/3691066","targetHints":{"allow":["GET"]}}],"collection":[{"href":"https:\/\/stoic-curie.212-227-153-4.plesk.page\/hr\/wp-json\/wp\/v2\/product"}],"about":[{"href":"https:\/\/stoic-curie.212-227-153-4.plesk.page\/hr\/wp-json\/wp\/v2\/types\/product"}],"replies":[{"embeddable":true,"href":"https:\/\/stoic-curie.212-227-153-4.plesk.page\/hr\/wp-json\/wp\/v2\/comments?post=3691066"}],"version-history":[{"count":0,"href":"https:\/\/stoic-curie.212-227-153-4.plesk.page\/hr\/wp-json\/wp\/v2\/product\/3691066\/revisions"}],"wp:featuredmedia":[{"embeddable":true,"href":"https:\/\/stoic-curie.212-227-153-4.plesk.page\/hr\/wp-json\/wp\/v2\/media\/5944855"}],"wp:attachment":[{"href":"https:\/\/stoic-curie.212-227-153-4.plesk.page\/hr\/wp-json\/wp\/v2\/media?parent=3691066"}],"wp:term":[{"taxonomy":"product_brand","embeddable":true,"href":"https:\/\/stoic-curie.212-227-153-4.plesk.page\/hr\/wp-json\/wp\/v2\/product_brand?post=3691066"},{"taxonomy":"product_cat","embeddable":true,"href":"https:\/\/stoic-curie.212-227-153-4.plesk.page\/hr\/wp-json\/wp\/v2\/product_cat?post=3691066"},{"taxonomy":"product_tag","embeddable":true,"href":"https:\/\/stoic-curie.212-227-153-4.plesk.page\/hr\/wp-json\/wp\/v2\/product_tag?post=3691066"}],"curies":[{"name":"wp","href":"https:\/\/api.w.org\/{rel}","templated":true}]}}