{"id":3691067,"date":"2025-10-13T13:45:33","date_gmt":"2025-10-13T17:45:33","guid":{"rendered":"https:\/\/stoic-curie.212-227-153-4.plesk.page\/product\/utikac-za-upaljac-za-cigarete-12v-3a\/"},"modified":"2026-02-25T00:01:07","modified_gmt":"2026-02-25T00:01:07","slug":"utikac-za-upaljac-za-cigarete-12v-3a","status":"publish","type":"product","link":"https:\/\/stoic-curie.212-227-153-4.plesk.page\/hr\/product\/utikac-za-upaljac-za-cigarete-12v-3a\/","title":{"rendered":"Utika\u010d za upalja\u010d za cigarete (12V \/ 3A)"},"content":{"rendered":"<p>Utika\u010d za upalja\u010d za cigarete (12V \/ 3A) &#8211; <\/p>\n<div class=\"col-24 col-md-15\">\n<p>Uti\u010dnica za upalja\u010d za cigarete. Crno ku\u0107i\u0161te od polikarbonata. Integrirani osigura\u010d i LED aktivacijska svjetlost. Kada se koristi s uti\u010dnicom 715640, vodonepropusni ovratnik i sustav zaklju\u010davanja poma\u017eu u spre\u010davanju prodiranja vode i nepo\u017eeljnih prekinutih veza.<\/p>\n<\/div>\n<h3>Specifikacije<\/h3>\n<table class=\"table\">\n<tbody>\n<tr>\n<td><strong>Ampere<\/strong><\/td>\n<td>3A<\/td>\n<\/tr>\n<tr>\n<td><strong>Napon<\/strong><\/td>\n<td>12V DC<\/td>\n<\/tr>\n<tr>\n<td><strong>Brend<\/strong><\/td>\n<td>ASAP Electrical<\/td>\n<\/tr>\n<\/tbody>\n<\/table>\n","protected":false},"excerpt":{"rendered":"<p>Utika\u010d za upalja\u010d za cigarete (12V \/ 3A) &#8211; Uti\u010dnica za upalja\u010d za cigarete. Crno ku\u0107i\u0161te od polikarbonata. Integrirani osigura\u010d<\/p>\n","protected":false},"featured_media":5944856,"comment_status":"closed","ping_status":"closed","template":"","meta":[],"product_brand":[2831],"product_cat":[1740],"product_tag":[],"class_list":{"0":"post-3691067","1":"product","2":"type-product","3":"status-publish","4":"has-post-thumbnail","6":"product_brand-blue-sea-systems-hr","7":"product_cat-elektricni-pribor","9":"first","10":"instock","11":"shipping-taxable","12":"purchasable","13":"product-type-simple"},"_links":{"self":[{"href":"https:\/\/stoic-curie.212-227-153-4.plesk.page\/hr\/wp-json\/wp\/v2\/product\/3691067","targetHints":{"allow":["GET"]}}],"collection":[{"href":"https:\/\/stoic-curie.212-227-153-4.plesk.page\/hr\/wp-json\/wp\/v2\/product"}],"about":[{"href":"https:\/\/stoic-curie.212-227-153-4.plesk.page\/hr\/wp-json\/wp\/v2\/types\/product"}],"replies":[{"embeddable":true,"href":"https:\/\/stoic-curie.212-227-153-4.plesk.page\/hr\/wp-json\/wp\/v2\/comments?post=3691067"}],"version-history":[{"count":0,"href":"https:\/\/stoic-curie.212-227-153-4.plesk.page\/hr\/wp-json\/wp\/v2\/product\/3691067\/revisions"}],"wp:featuredmedia":[{"embeddable":true,"href":"https:\/\/stoic-curie.212-227-153-4.plesk.page\/hr\/wp-json\/wp\/v2\/media\/5944856"}],"wp:attachment":[{"href":"https:\/\/stoic-curie.212-227-153-4.plesk.page\/hr\/wp-json\/wp\/v2\/media?parent=3691067"}],"wp:term":[{"taxonomy":"product_brand","embeddable":true,"href":"https:\/\/stoic-curie.212-227-153-4.plesk.page\/hr\/wp-json\/wp\/v2\/product_brand?post=3691067"},{"taxonomy":"product_cat","embeddable":true,"href":"https:\/\/stoic-curie.212-227-153-4.plesk.page\/hr\/wp-json\/wp\/v2\/product_cat?post=3691067"},{"taxonomy":"product_tag","embeddable":true,"href":"https:\/\/stoic-curie.212-227-153-4.plesk.page\/hr\/wp-json\/wp\/v2\/product_tag?post=3691067"}],"curies":[{"name":"wp","href":"https:\/\/api.w.org\/{rel}","templated":true}]}}