{"id":3691068,"date":"2025-10-13T13:45:33","date_gmt":"2025-10-13T17:45:33","guid":{"rendered":"https:\/\/stoic-curie.212-227-153-4.plesk.page\/product\/vte-red-210a-razdjelnik-snage-3-x-5-16-1-x-1-4-postovi\/"},"modified":"2026-02-25T00:01:07","modified_gmt":"2026-02-25T00:01:07","slug":"vte-red-210a-razdjelnik-snage-3-x-5-16-1-x-1-4-postovi","status":"publish","type":"product","link":"https:\/\/stoic-curie.212-227-153-4.plesk.page\/hr\/product\/vte-red-210a-razdjelnik-snage-3-x-5-16-1-x-1-4-postovi\/","title":{"rendered":"VTE Red 210A razdjelnik snage (3 x 5\/16&#8243; \/ 1 x 1\/4&#8243; Postovi)"},"content":{"rendered":"<p>VTE Red 210A razdjelnik snage (3 x 5\/16&#8243; \/ 1 x 1\/4&#8243; Postovi) &#8211; <\/p>\n<div class=\"col-24 col-md-15\">\n<p>Maksimalna optere\u0107enja 210 ampera.<\/p>\n<p>3 x 5\/16&#8243; stupovi i 1 x 1\/4&#8243; stup.<\/p>\n<p>Osnova ispunjena staklom u crvenoj boji. Idealno za primjene pozitivnih krugova.<\/p>\n<p>Nehr\u0111aju\u0107i \u010deli\u010dni stupovi i \u0161estougaone matice.<\/p>\n<p>Komponente spojnice od kositra za maksimalne performanse i pouzdanost.<\/p>\n<p>Sredi\u0161ta za monta\u017ene rupe 118,4 mm.<\/p>\n<p>Naru\u010dite poklopac 729249 kako biste zadovoljili ISO standarde za\u0161tite kontinuirano napajanih terminala.<\/p>\n<\/div>\n<h3>Specifikacije<\/h3>\n<table class=\"table\">\n<tbody>\n<tr>\n<td><strong>Ampere<\/strong><\/td>\n<td>Maksimalno: 210A<\/td>\n<\/tr>\n<tr>\n<td><strong>Odobrenja<\/strong><\/td>\n<td>Udovoljava ISO propisima o kontinuirano napajanih terminalima.<\/td>\n<\/tr>\n<tr>\n<td><strong>Marka<\/strong><\/td>\n<td>VTE<\/td>\n<\/tr>\n<tr>\n<td><strong>Boja<\/strong><\/td>\n<td>Crvena<\/td>\n<\/tr>\n<tr>\n<td><strong>Izgradnja<\/strong><\/td>\n<td>Nehr\u0111aju\u0107i \u010deli\u010dni stupovi &#038; \u0161estougaone matice, osnova od staklenih vlakana<\/td>\n<\/tr>\n<tr>\n<td><strong>Dimenzije<\/strong><\/td>\n<td>5\/16&#8243; stupovi, 1\/4&#8243; stup, sredi\u0161ta rupe za monta\u017eu: 118,4 mm<\/td>\n<\/tr>\n<\/tbody>\n<\/table>\n","protected":false},"excerpt":{"rendered":"<p>VTE Red 210A razdjelnik snage (3 x 5\/16&#8243; \/ 1 x 1\/4&#8243; Postovi) &#8211; Maksimalna optere\u0107enja 210 ampera. 3 x<\/p>\n","protected":false},"featured_media":5944857,"comment_status":"closed","ping_status":"closed","template":"","meta":[],"product_brand":[2831],"product_cat":[1740],"product_tag":[],"class_list":{"0":"post-3691068","1":"product","2":"type-product","3":"status-publish","4":"has-post-thumbnail","6":"product_brand-blue-sea-systems-hr","7":"product_cat-elektricni-pribor","9":"first","10":"instock","11":"shipping-taxable","12":"purchasable","13":"product-type-simple"},"_links":{"self":[{"href":"https:\/\/stoic-curie.212-227-153-4.plesk.page\/hr\/wp-json\/wp\/v2\/product\/3691068","targetHints":{"allow":["GET"]}}],"collection":[{"href":"https:\/\/stoic-curie.212-227-153-4.plesk.page\/hr\/wp-json\/wp\/v2\/product"}],"about":[{"href":"https:\/\/stoic-curie.212-227-153-4.plesk.page\/hr\/wp-json\/wp\/v2\/types\/product"}],"replies":[{"embeddable":true,"href":"https:\/\/stoic-curie.212-227-153-4.plesk.page\/hr\/wp-json\/wp\/v2\/comments?post=3691068"}],"version-history":[{"count":0,"href":"https:\/\/stoic-curie.212-227-153-4.plesk.page\/hr\/wp-json\/wp\/v2\/product\/3691068\/revisions"}],"wp:featuredmedia":[{"embeddable":true,"href":"https:\/\/stoic-curie.212-227-153-4.plesk.page\/hr\/wp-json\/wp\/v2\/media\/5944857"}],"wp:attachment":[{"href":"https:\/\/stoic-curie.212-227-153-4.plesk.page\/hr\/wp-json\/wp\/v2\/media?parent=3691068"}],"wp:term":[{"taxonomy":"product_brand","embeddable":true,"href":"https:\/\/stoic-curie.212-227-153-4.plesk.page\/hr\/wp-json\/wp\/v2\/product_brand?post=3691068"},{"taxonomy":"product_cat","embeddable":true,"href":"https:\/\/stoic-curie.212-227-153-4.plesk.page\/hr\/wp-json\/wp\/v2\/product_cat?post=3691068"},{"taxonomy":"product_tag","embeddable":true,"href":"https:\/\/stoic-curie.212-227-153-4.plesk.page\/hr\/wp-json\/wp\/v2\/product_tag?post=3691068"}],"curies":[{"name":"wp","href":"https:\/\/api.w.org\/{rel}","templated":true}]}}