{"id":3691072,"date":"2025-10-13T13:45:34","date_gmt":"2025-10-13T17:45:34","guid":{"rendered":"https:\/\/stoic-curie.212-227-153-4.plesk.page\/product\/faria-beede-90315-pretvarac-napona-za-brodske-instrumente-24v-12v\/"},"modified":"2026-02-25T00:01:07","modified_gmt":"2026-02-25T00:01:07","slug":"faria-beede-90315-pretvarac-napona-za-brodske-instrumente-24v-12v","status":"publish","type":"product","link":"https:\/\/stoic-curie.212-227-153-4.plesk.page\/hr\/product\/faria-beede-90315-pretvarac-napona-za-brodske-instrumente-24v-12v\/","title":{"rendered":"Faria Beede 90315 pretvara\u010d napona za brodske instrumente (24V &#8211; 12V)"},"content":{"rendered":"<p>Faria Beede 90315 pretvara\u010d napona za brodske instrumente (24V &#8211; 12V) &#8211; Smanjiva\u010d napona od 24V prikladan za pri\u010dvr\u0161\u0107ivanje na stra\u017enju stranu Faria Beede morskih mjera\u010da. Ovaj adapter se pri\u010dvr\u0161\u0107uje na pozitivni to\u010dak i smanjuje sustav od 24 volta na 12 volta radi pravilnog napajanja mjera\u010da.<\/p>\n<p>Faria Beede 90315 prikladan je za kori\u0161tenje s sljede\u0107im vrstama mjera\u010da:<\/p>\n<p>&#8211; Faria Beede europski otporni manometri nafte 5 Bar &#038; 10 Bar (Coral, Euro, Chesapeake, Nantucket, Dress White)<br \/>\n&#8211; Faria Beede europski otporni mjera\u010di razine goriva (Coral, Euro, Chesapeake, Nantucket, Dress White)<br \/>\n&#8211; Faria Beede europski otporni mjera\u010di razine vode (Coral, Euro, Chesapeake, Nantucket, Dress White)<br \/>\n&#8211; Faria Beede pokaziva\u010di kuta krmila (Coral, Euro, Chesapeake, Nantucket, Dress White)<\/p>\n<p>Specifikacije:<\/p>\n<p>&#8211; Napon: 12V DC, 24V DC<br \/>\n&#8211; Marka: Faria Beede<br \/>\n&#8211; Zemlja podrijetla: Sjedinjene Ameri\u010dke Dr\u017eave<br \/>\n&#8211; Prikladni ure\u0111aji: Faria europski otporni manometri nafte (5 i 10 Bar), mjera\u010di razine goriva, mjera\u010di razine vode i mjera\u010di kuta krmila u stilovima Coral, Euro, Chesapeake, Nantucket i Dress White.<\/p>\n","protected":false},"excerpt":{"rendered":"<p>Faria Beede 90315 pretvara\u010d napona za brodske instrumente (24V &#8211; 12V) &#8211; Smanjiva\u010d napona od 24V prikladan za pri\u010dvr\u0161\u0107ivanje na<\/p>\n","protected":false},"featured_media":5944860,"comment_status":"closed","ping_status":"closed","template":"","meta":[],"product_brand":[3501],"product_cat":[1807],"product_tag":[],"class_list":{"0":"post-3691072","1":"product","2":"type-product","3":"status-publish","4":"has-post-thumbnail","6":"product_brand-ultraflex-uflex-hr","7":"product_cat-uflex-instrumenti","9":"first","10":"instock","11":"shipping-taxable","12":"purchasable","13":"product-type-simple"},"_links":{"self":[{"href":"https:\/\/stoic-curie.212-227-153-4.plesk.page\/hr\/wp-json\/wp\/v2\/product\/3691072","targetHints":{"allow":["GET"]}}],"collection":[{"href":"https:\/\/stoic-curie.212-227-153-4.plesk.page\/hr\/wp-json\/wp\/v2\/product"}],"about":[{"href":"https:\/\/stoic-curie.212-227-153-4.plesk.page\/hr\/wp-json\/wp\/v2\/types\/product"}],"replies":[{"embeddable":true,"href":"https:\/\/stoic-curie.212-227-153-4.plesk.page\/hr\/wp-json\/wp\/v2\/comments?post=3691072"}],"version-history":[{"count":0,"href":"https:\/\/stoic-curie.212-227-153-4.plesk.page\/hr\/wp-json\/wp\/v2\/product\/3691072\/revisions"}],"wp:featuredmedia":[{"embeddable":true,"href":"https:\/\/stoic-curie.212-227-153-4.plesk.page\/hr\/wp-json\/wp\/v2\/media\/5944860"}],"wp:attachment":[{"href":"https:\/\/stoic-curie.212-227-153-4.plesk.page\/hr\/wp-json\/wp\/v2\/media?parent=3691072"}],"wp:term":[{"taxonomy":"product_brand","embeddable":true,"href":"https:\/\/stoic-curie.212-227-153-4.plesk.page\/hr\/wp-json\/wp\/v2\/product_brand?post=3691072"},{"taxonomy":"product_cat","embeddable":true,"href":"https:\/\/stoic-curie.212-227-153-4.plesk.page\/hr\/wp-json\/wp\/v2\/product_cat?post=3691072"},{"taxonomy":"product_tag","embeddable":true,"href":"https:\/\/stoic-curie.212-227-153-4.plesk.page\/hr\/wp-json\/wp\/v2\/product_tag?post=3691072"}],"curies":[{"name":"wp","href":"https:\/\/api.w.org\/{rel}","templated":true}]}}