{"id":3691073,"date":"2025-10-13T13:45:34","date_gmt":"2025-10-13T17:45:34","guid":{"rendered":"https:\/\/stoic-curie.212-227-153-4.plesk.page\/product\/nosac-motora-s-pamucnom-rolom-bobbin-10mm-stud\/"},"modified":"2026-02-25T00:01:07","modified_gmt":"2026-02-25T00:01:07","slug":"nosac-motora-s-pamucnom-rolom-bobbin-10mm-stud","status":"publish","type":"product","link":"https:\/\/stoic-curie.212-227-153-4.plesk.page\/hr\/product\/nosac-motora-s-pamucnom-rolom-bobbin-10mm-stud\/","title":{"rendered":"Nosa\u010d motora s pamu\u010dnom rolom Bobbin (10mm Stud)"},"content":{"rendered":"<p>Nosa\u010d motora s pamu\u010dnom rolom Bobbin (10mm Stud) &#8211; Fleksibilna motorna podloga u stilu pamukovog koluta s M10 navojem od 25mm na oba kraja. Gumeni dio promjera 60mm i du\u017eine 35mm. Shore tvrdo\u0107a 45. Ove motorne podloge u stilu pamukovog koluta bile su vrlo popularne me\u0111u graditeljima brodova koji su postavljali BMC1.5 i BMC1.8 dizelske motore. BMC broj dijela bio je 10K5009. Preporu\u010dujemo da se ovi fleksibilni podupira\u010di montiraju u parovima kako bi se osigurala ravnomjerna potpora.<\/p>\n","protected":false},"excerpt":{"rendered":"<p>Nosa\u010d motora s pamu\u010dnom rolom Bobbin (10mm Stud) &#8211; Fleksibilna motorna podloga u stilu pamukovog koluta s M10 navojem od<\/p>\n","protected":false},"featured_media":5944863,"comment_status":"closed","ping_status":"closed","template":"","meta":[],"product_brand":[3226],"product_cat":[1824],"product_tag":[],"class_list":{"0":"post-3691073","1":"product","2":"type-product","3":"status-publish","4":"has-post-thumbnail","6":"product_brand-orbitrade-marine-hr","7":"product_cat-nosaci-motora-protiv-vibracija","9":"first","10":"instock","11":"shipping-taxable","12":"purchasable","13":"product-type-simple"},"_links":{"self":[{"href":"https:\/\/stoic-curie.212-227-153-4.plesk.page\/hr\/wp-json\/wp\/v2\/product\/3691073","targetHints":{"allow":["GET"]}}],"collection":[{"href":"https:\/\/stoic-curie.212-227-153-4.plesk.page\/hr\/wp-json\/wp\/v2\/product"}],"about":[{"href":"https:\/\/stoic-curie.212-227-153-4.plesk.page\/hr\/wp-json\/wp\/v2\/types\/product"}],"replies":[{"embeddable":true,"href":"https:\/\/stoic-curie.212-227-153-4.plesk.page\/hr\/wp-json\/wp\/v2\/comments?post=3691073"}],"version-history":[{"count":0,"href":"https:\/\/stoic-curie.212-227-153-4.plesk.page\/hr\/wp-json\/wp\/v2\/product\/3691073\/revisions"}],"wp:featuredmedia":[{"embeddable":true,"href":"https:\/\/stoic-curie.212-227-153-4.plesk.page\/hr\/wp-json\/wp\/v2\/media\/5944863"}],"wp:attachment":[{"href":"https:\/\/stoic-curie.212-227-153-4.plesk.page\/hr\/wp-json\/wp\/v2\/media?parent=3691073"}],"wp:term":[{"taxonomy":"product_brand","embeddable":true,"href":"https:\/\/stoic-curie.212-227-153-4.plesk.page\/hr\/wp-json\/wp\/v2\/product_brand?post=3691073"},{"taxonomy":"product_cat","embeddable":true,"href":"https:\/\/stoic-curie.212-227-153-4.plesk.page\/hr\/wp-json\/wp\/v2\/product_cat?post=3691073"},{"taxonomy":"product_tag","embeddable":true,"href":"https:\/\/stoic-curie.212-227-153-4.plesk.page\/hr\/wp-json\/wp\/v2\/product_tag?post=3691073"}],"curies":[{"name":"wp","href":"https:\/\/api.w.org\/{rel}","templated":true}]}}