{"id":3691075,"date":"2025-10-13T13:45:35","date_gmt":"2025-10-13T17:45:35","guid":{"rendered":"https:\/\/stoic-curie.212-227-153-4.plesk.page\/product\/racor-2040sm-or-element-filtra-za-gorivo-za-racor-900-2-micron\/"},"modified":"2026-02-25T00:01:07","modified_gmt":"2026-02-25T00:01:07","slug":"racor-2040sm-or-element-filtra-za-gorivo-za-racor-900-2-micron","status":"publish","type":"product","link":"https:\/\/stoic-curie.212-227-153-4.plesk.page\/hr\/product\/racor-2040sm-or-element-filtra-za-gorivo-za-racor-900-2-micron\/","title":{"rendered":"Racor 2040SM-OR element filtra za gorivo za Racor 900 (2 Micron)"},"content":{"rendered":"<p>Racor 2040SM-OR element filtra za gorivo za Racor 900 (2 Micron) &#8211; Racor zamjenska filtracija goriva \/ elementi za odvajanje vode za obitelj Racor 900 turbine filtra goriva, Volvo filtri 877768 i 877770. Ovaj Racor 2040SM-OR element za filter goriva tako\u0111er je prikladan za zamjenu: Baldwin PF7889, Hengst 453200000, Volvo 3581760 i 889421. Ovo su originalni 2 mikronski 2040SM-OR Parker Racor elementi za filtraciju goriva s Aquabloc tretmanom za odbijanje vode, koji osigurava da va\u0161 Racor filter za gorivo radi s maksimalnom u\u010dinkovito\u0161\u0107u. Aquabloc tehnologija uklanja asfaltne materijale, vodu, smole i lakove, kao i filtrira sitne \u010destice prljav\u0161tine i algi u kolektorskoj zdjeli ispod. Racor 2040SM-OR element odgovara sljede\u0107im Volvo Penta motorima: 120S-D, 120S-E i mnogim drugim do D6-480I-WJ-G. Racor zamjenska elementi za filtraciju goriva prodaju se pojedina\u010dno ili u kutijama od 12 i dolaze s brtvama za poklopac i ru\u010dku. Gornji i donji dio filtra izra\u0111eni su od polimera pa nikad ne\u0107e zahr\u0111ati.<\/p>\n","protected":false},"excerpt":{"rendered":"<p>Racor 2040SM-OR element filtra za gorivo za Racor 900 (2 Micron) &#8211; Racor zamjenska filtracija goriva \/ elementi za odvajanje<\/p>\n","protected":false},"featured_media":5944879,"comment_status":"closed","ping_status":"closed","template":"","meta":[],"product_brand":[3246],"product_cat":[1797],"product_tag":[],"class_list":{"0":"post-3691075","1":"product","2":"type-product","3":"status-publish","4":"has-post-thumbnail","6":"product_brand-parker-racor-hr","7":"product_cat-filtri-separatora-vode-za-gorivo","9":"first","10":"instock","11":"shipping-taxable","12":"purchasable","13":"product-type-simple"},"_links":{"self":[{"href":"https:\/\/stoic-curie.212-227-153-4.plesk.page\/hr\/wp-json\/wp\/v2\/product\/3691075","targetHints":{"allow":["GET"]}}],"collection":[{"href":"https:\/\/stoic-curie.212-227-153-4.plesk.page\/hr\/wp-json\/wp\/v2\/product"}],"about":[{"href":"https:\/\/stoic-curie.212-227-153-4.plesk.page\/hr\/wp-json\/wp\/v2\/types\/product"}],"replies":[{"embeddable":true,"href":"https:\/\/stoic-curie.212-227-153-4.plesk.page\/hr\/wp-json\/wp\/v2\/comments?post=3691075"}],"version-history":[{"count":0,"href":"https:\/\/stoic-curie.212-227-153-4.plesk.page\/hr\/wp-json\/wp\/v2\/product\/3691075\/revisions"}],"wp:featuredmedia":[{"embeddable":true,"href":"https:\/\/stoic-curie.212-227-153-4.plesk.page\/hr\/wp-json\/wp\/v2\/media\/5944879"}],"wp:attachment":[{"href":"https:\/\/stoic-curie.212-227-153-4.plesk.page\/hr\/wp-json\/wp\/v2\/media?parent=3691075"}],"wp:term":[{"taxonomy":"product_brand","embeddable":true,"href":"https:\/\/stoic-curie.212-227-153-4.plesk.page\/hr\/wp-json\/wp\/v2\/product_brand?post=3691075"},{"taxonomy":"product_cat","embeddable":true,"href":"https:\/\/stoic-curie.212-227-153-4.plesk.page\/hr\/wp-json\/wp\/v2\/product_cat?post=3691075"},{"taxonomy":"product_tag","embeddable":true,"href":"https:\/\/stoic-curie.212-227-153-4.plesk.page\/hr\/wp-json\/wp\/v2\/product_tag?post=3691075"}],"curies":[{"name":"wp","href":"https:\/\/api.w.org\/{rel}","templated":true}]}}