{"id":3691076,"date":"2025-10-13T13:45:35","date_gmt":"2025-10-13T17:45:35","guid":{"rendered":"https:\/\/stoic-curie.212-227-153-4.plesk.page\/product\/racor-2040pm-or-element-filtra-goriva-za-racor-900-30-micron\/"},"modified":"2026-02-25T00:01:07","modified_gmt":"2026-02-25T00:01:07","slug":"racor-2040pm-or-element-filtra-goriva-za-racor-900-30-micron","status":"publish","type":"product","link":"https:\/\/stoic-curie.212-227-153-4.plesk.page\/hr\/product\/racor-2040pm-or-element-filtra-goriva-za-racor-900-30-micron\/","title":{"rendered":"Racor 2040PM-OR element filtra goriva za Racor 900 (30 Micron)"},"content":{"rendered":"<p>Racor 2040PM-OR element filtra goriva za Racor 900 (30 Micron) &#8211; Zamjenski elementi za filtriranje goriva \/ separatori vode Racor za seriju filtracija goriva Racor 900, filtere Volvo 877768 i 877770. Ovaj Racor 2040PM-OR element za filtraciju goriva tako\u0111er je prikladan za zamjenu: Atlas Copco 2914809300 &#038; 2914830700, Baldwin PF7889-30, Hengst 445200000 &#038; E7040KP30, Orbitrade 17027-30, Scania 1675795, Separ 20430, Volvo 889419 i 3827507. Ovi su originalni 2040PM-OR Parker Racor elementi za filtraciju goriva s ocjenom od 30 mikrona i Aquabloc vodom odbijaju\u0107im tretmanom, \u0161to osigurava da va\u0161 Racor filter za gorivo radi s maksimalnom u\u010dinkovito\u0161\u0107u. Aquabloc tehnologija uklanja asfaltene, vodu, smole i lakove, kao i filtrira sitne \u010destice prljav\u0161tine i algi u spremniku ispod. Racor 2040PM-OR element za filtraciju goriva prilago\u0111en je sljede\u0107im Volvo Penta motorima: AQD70B, AQD70BL, AQD70CL, AQD70D, D12D-A MG, D12D-E MG, D70CHC, D70CRC, D9-425, D9-500, D9-500 (R4), D9-500 (R5), D9-575, D9-A2A, D9-A2B, D9-A2C, D9-A2D, D9-A2E, D9A-MG, D9A-MH, D9-MH, MD100A, MD100B, MD100BCC, MD100BK, MD120A, MD120AK, MD70B, MD70BK, MD70C, TAD730P, TAD740GE, TAD741GE, TAMD102A, TAMD102D, TAMD120A, TAMD120AK, TAMD120B, TAMD120BCC, TAMD121C, TAMD121D, TAMD122A, TAMD122D, TAMD122P-A, TAMD122P-B, TAMD122P-C, TAMD162A, TAMD162B, TAMD162C, TAMD162C-B, TAMD162C-C, TAMD163A-A, TAMD163P-A, TAMD165A, TAMD165A-A, TAMD165C, TAMD165C-A, TAMD165P, TAMD165P-A, TAMD60C, TAMD61A, TAMD62A, TAMD63L-A, TAMD63P-A, TAMD70B, TAMD70C, TAMD70D, TAMD70E, TAMD71A, TAMD71B, TAMD72A, TAMD72P-A, TAMD72WJ-A, TAMD73P-A, TAMD73WJ-A, TAMD74A, TAMD74A-A, TAMD74A-B, TAMD74C-A, TAMD74C-B, TAMD74L-A, TAMD74L-B, TAMD74P-A, TAMD74P-B, TAMD75P-A, TD610G, TD70CHC, TD70CRC, TD710G, THAMD70B, THAMD70C, TMD100A, TMD100ACC, TMD100AK, TMD100C, TMD102A, TMD120A, TMD120AK, TMD120B, TMD121C, TMD122A, TMD70B, TMD70C, TWD610G, TWD610P, TWD710G i TWD710P. Zamjenski elementi za filtraciju goriva Racor prodaju se pojedina\u010dno ili u kutijama od 12 i dolaze s brtvama za poklopac i ru\u010dku. Gornji i donji dio filtra izra\u0111eni su od polimera, pa nikada ne mo\u017ee do\u0107i do korozije.<\/p>\n","protected":false},"excerpt":{"rendered":"<p>Racor 2040PM-OR element filtra goriva za Racor 900 (30 Micron) &#8211; Zamjenski elementi za filtriranje goriva \/ separatori vode Racor<\/p>\n","protected":false},"featured_media":5944885,"comment_status":"closed","ping_status":"closed","template":"","meta":[],"product_brand":[3246],"product_cat":[1797],"product_tag":[],"class_list":{"0":"post-3691076","1":"product","2":"type-product","3":"status-publish","4":"has-post-thumbnail","6":"product_brand-parker-racor-hr","7":"product_cat-filtri-separatora-vode-za-gorivo","9":"first","10":"instock","11":"shipping-taxable","12":"purchasable","13":"product-type-simple"},"_links":{"self":[{"href":"https:\/\/stoic-curie.212-227-153-4.plesk.page\/hr\/wp-json\/wp\/v2\/product\/3691076","targetHints":{"allow":["GET"]}}],"collection":[{"href":"https:\/\/stoic-curie.212-227-153-4.plesk.page\/hr\/wp-json\/wp\/v2\/product"}],"about":[{"href":"https:\/\/stoic-curie.212-227-153-4.plesk.page\/hr\/wp-json\/wp\/v2\/types\/product"}],"replies":[{"embeddable":true,"href":"https:\/\/stoic-curie.212-227-153-4.plesk.page\/hr\/wp-json\/wp\/v2\/comments?post=3691076"}],"version-history":[{"count":0,"href":"https:\/\/stoic-curie.212-227-153-4.plesk.page\/hr\/wp-json\/wp\/v2\/product\/3691076\/revisions"}],"wp:featuredmedia":[{"embeddable":true,"href":"https:\/\/stoic-curie.212-227-153-4.plesk.page\/hr\/wp-json\/wp\/v2\/media\/5944885"}],"wp:attachment":[{"href":"https:\/\/stoic-curie.212-227-153-4.plesk.page\/hr\/wp-json\/wp\/v2\/media?parent=3691076"}],"wp:term":[{"taxonomy":"product_brand","embeddable":true,"href":"https:\/\/stoic-curie.212-227-153-4.plesk.page\/hr\/wp-json\/wp\/v2\/product_brand?post=3691076"},{"taxonomy":"product_cat","embeddable":true,"href":"https:\/\/stoic-curie.212-227-153-4.plesk.page\/hr\/wp-json\/wp\/v2\/product_cat?post=3691076"},{"taxonomy":"product_tag","embeddable":true,"href":"https:\/\/stoic-curie.212-227-153-4.plesk.page\/hr\/wp-json\/wp\/v2\/product_tag?post=3691076"}],"curies":[{"name":"wp","href":"https:\/\/api.w.org\/{rel}","templated":true}]}}