{"id":3691077,"date":"2025-10-13T13:45:36","date_gmt":"2025-10-13T17:45:36","guid":{"rendered":"https:\/\/stoic-curie.212-227-153-4.plesk.page\/product\/racor-2020sm-or-element-filtra-za-gorivo-za-racor-1000-2-micron\/"},"modified":"2026-02-25T00:01:07","modified_gmt":"2026-02-25T00:01:07","slug":"racor-2020sm-or-element-filtra-za-gorivo-za-racor-1000-2-micron","status":"publish","type":"product","link":"https:\/\/stoic-curie.212-227-153-4.plesk.page\/hr\/product\/racor-2020sm-or-element-filtra-za-gorivo-za-racor-1000-2-micron\/","title":{"rendered":"Racor 2020SM-OR element filtra za gorivo za Racor 1000 (2 Micron)"},"content":{"rendered":"<p>Racor 2020SM-OR element filtra za gorivo za Racor 1000 (2 Micron) &#8211; Elementi zamjenskog FILTERA goriva \/ separatora vode za Racor 1000 seriju turbinskih filtera goriva, Volvo Penta 877771, 889280 i 889281 filtere. Ovaj Racor 2020SM-OR element filtre goriva tako\u0111er je prikladan za zamjenu: Baldwin PF7890, CAT 407384 i 4P7384, Hengst 528200060, Volvo 889425 i 3831224. Ovo su originalni 2020SM-OR Parker Racor elementi filtera goriva s ocjenom pro\u010di\u0161\u0107avanja od 2 mikrona i Aquabloc vodonepropusnim tretmanom, osiguravaju\u0107i da va\u0161 Racor filter goriva radi s maksimalnom u\u010dinkovito\u0161\u0107u. Aquabloc tehnologija uklanja asfaltne tvari, vodu, smole i lazure, kao i filtrira male \u010destice prljav\u0161tine i algi u rezervoar za sakupljanje ispod. Ovaj Racor 2020SM-OR element filtra odgovara sljede\u0107im Volvo Penta motorima: D16C-A MG, D16C-A MH, D16C-B MH, D16C-C MH, D16C-D MH, D49A-MS AUX, D49A-MT AUX, D5A-B TA, D5A-T, D5A-TA, D65A-MS AUX, D65A-MT AUX, D7A-B TA, D7A-T, D7A-TA, TAMD162C-C, TAMD163A-A, TAMD163P-A, TAMD165A-A i TAMD165C-A. Racor zamjenski elementi filtera goriva prodaju se pojedina\u010dno ili u kutijama od 12, i dolaze s brtvama za poklopac i ru\u010dku. Gornji i donji dio filtera izra\u0111en je od polimera, tako da nikada ne mo\u017ee korodirati.<\/p>\n","protected":false},"excerpt":{"rendered":"<p>Racor 2020SM-OR element filtra za gorivo za Racor 1000 (2 Micron) &#8211; Elementi zamjenskog FILTERA goriva \/ separatora vode za<\/p>\n","protected":false},"featured_media":5944890,"comment_status":"closed","ping_status":"closed","template":"","meta":[],"product_brand":[3246],"product_cat":[1797],"product_tag":[],"class_list":{"0":"post-3691077","1":"product","2":"type-product","3":"status-publish","4":"has-post-thumbnail","6":"product_brand-parker-racor-hr","7":"product_cat-filtri-separatora-vode-za-gorivo","9":"first","10":"instock","11":"shipping-taxable","12":"purchasable","13":"product-type-simple"},"_links":{"self":[{"href":"https:\/\/stoic-curie.212-227-153-4.plesk.page\/hr\/wp-json\/wp\/v2\/product\/3691077","targetHints":{"allow":["GET"]}}],"collection":[{"href":"https:\/\/stoic-curie.212-227-153-4.plesk.page\/hr\/wp-json\/wp\/v2\/product"}],"about":[{"href":"https:\/\/stoic-curie.212-227-153-4.plesk.page\/hr\/wp-json\/wp\/v2\/types\/product"}],"replies":[{"embeddable":true,"href":"https:\/\/stoic-curie.212-227-153-4.plesk.page\/hr\/wp-json\/wp\/v2\/comments?post=3691077"}],"version-history":[{"count":0,"href":"https:\/\/stoic-curie.212-227-153-4.plesk.page\/hr\/wp-json\/wp\/v2\/product\/3691077\/revisions"}],"wp:featuredmedia":[{"embeddable":true,"href":"https:\/\/stoic-curie.212-227-153-4.plesk.page\/hr\/wp-json\/wp\/v2\/media\/5944890"}],"wp:attachment":[{"href":"https:\/\/stoic-curie.212-227-153-4.plesk.page\/hr\/wp-json\/wp\/v2\/media?parent=3691077"}],"wp:term":[{"taxonomy":"product_brand","embeddable":true,"href":"https:\/\/stoic-curie.212-227-153-4.plesk.page\/hr\/wp-json\/wp\/v2\/product_brand?post=3691077"},{"taxonomy":"product_cat","embeddable":true,"href":"https:\/\/stoic-curie.212-227-153-4.plesk.page\/hr\/wp-json\/wp\/v2\/product_cat?post=3691077"},{"taxonomy":"product_tag","embeddable":true,"href":"https:\/\/stoic-curie.212-227-153-4.plesk.page\/hr\/wp-json\/wp\/v2\/product_tag?post=3691077"}],"curies":[{"name":"wp","href":"https:\/\/api.w.org\/{rel}","templated":true}]}}