{"id":3691078,"date":"2025-10-13T13:45:36","date_gmt":"2025-10-13T17:45:36","guid":{"rendered":"https:\/\/stoic-curie.212-227-153-4.plesk.page\/product\/racor-2020pm-or-element-filtra-goriva-za-racor-1000-30-micron\/"},"modified":"2026-02-25T00:01:07","modified_gmt":"2026-02-25T00:01:07","slug":"racor-2020pm-or-element-filtra-goriva-za-racor-1000-30-micron","status":"publish","type":"product","link":"https:\/\/stoic-curie.212-227-153-4.plesk.page\/hr\/product\/racor-2020pm-or-element-filtra-goriva-za-racor-1000-30-micron\/","title":{"rendered":"Racor 2020PM-OR Element filtra goriva za Racor 1000 (30 Micron)"},"content":{"rendered":"<p>Racor 2020PM-OR Element filtra goriva za Racor 1000 (30 Micron) &#8211; <\/p>\n<div class=\"col-24 col-md-15\">\n<p>Elementi zamjenske dizelske filtre za gorivo \/ separatora vode za obitelj Racor 1000 turbineskih filtara za gorivo, Volvo Penta 877771, 889280 i 889281 filtri.<\/p>\n<p>Ovaj Racor 2020PM-OR element filtera goriva tako\u0111er je prikladan za zamjenu: Atlas Copco 2914808600, Baldwin PF7890-30, CAT 1346307, FG Wilson 921-088, Hengst 456200000, MTU XP53508300002, Scania 1671502, Separ 20230, Volvo 889422 i 3827278.<\/p>\n<p>Ovo su originalni 2020PM-OR Parker Racor elementi filtra za gorivo s ocjenom od 30 mikrona i Aquabloc vodoodbojnim tretmanom, osiguravaju\u0107i da va\u0161 Racor filtar za gorivo radi s maksimalnom u\u010dinkovito\u0161\u0107u. Aquabloc tehnologija uklanjat \u0107e asfaltene, vodu, smole i lakove, kao i filtrirati sitne \u010destice prljav\u0161tine i algi u posudi za skupljanje ispod.<\/p>\n<p>Racor 2020PM-OR odgovara sljede\u0107im Volvo Penta motorima: D16C-A MG, D16C-A MH, D16C-B MH, D16C-C MH, D16C-D MH, D49A-MS AUX, D49A-MT AUX, D5A-B TA, D5A-T, D5A-TA, D65A-MS AUX, D65A-MT AUX, D7A-B TA, D7A-T, D7A-TA, TAMD162C-C, TAMD163A-A i TAMD163P-A.<\/p>\n<p>Elementi zamjenskih filtara goriva Racor prodaju se pojedina\u010dno ili u kutijama od 12 komada, a dolaze s brtvama za poklopac i ru\u010dku. Gornji i donji dio filtra napravljeni su od polimera, tako da nikada ne mogu hr\u0111ati.<\/p>\n<\/div>\n<h3>Specifikacije<\/h3>\n<table class=\"table\">\n<tbody>\n<tr>\n<td><strong>Primjena<\/strong><\/td>\n<td>Diesel<\/td>\n<\/tr>\n<tr>\n<td><strong>Visina<\/strong><\/td>\n<td>249mm (9-3\/4\u201d)<\/td>\n<\/tr>\n<tr>\n<td><strong>Serija<\/strong><\/td>\n<td>1000 Serija<\/td>\n<\/tr>\n<tr>\n<td><strong>Brend<\/strong><\/td>\n<td>Racor<\/td>\n<\/tr>\n<tr>\n<td><strong>Dr\u017eava podrijetla<\/strong><\/td>\n<td>Ujedinjeno Kraljevstvo<\/td>\n<\/tr>\n<tr>\n<td><strong>Element<\/strong><\/td>\n<td>30 Mikrona<\/td>\n<\/tr>\n<tr>\n<td><strong>Prodajna jedinica<\/strong><\/td>\n<td>1 Element<\/td>\n<\/tr>\n<tr>\n<td><strong>Promjer<\/strong><\/td>\n<td>110mm (4-5\/16\u201d)<\/td>\n<\/tr>\n<tr>\n<td><strong>Model<\/strong><\/td>\n<td>2020PM-OR<\/td>\n<\/tr>\n<tr>\n<td><strong>Zamjenjuje<\/strong><\/td>\n<td>Atlas Copco: 2914808600, Baldwin: PF7890-30, CAT: 1346307, FG Wilson: 921-088, Hengst: 456200000, MTU: XP53508300002, Scania: 1671502, Separ 20230, Volvo: 889422 &#038; 3827278.<\/td>\n<\/tr>\n<tr>\n<td><strong>Opis stila<\/strong><\/td>\n<td>Element s patronom<\/td>\n<\/tr>\n<tr>\n<td><strong>Prikladnost<\/strong><\/td>\n<td>Racor 1000 obitelj turbinskih filtara za gorivo, Volvo Penta 877771, 889280 &#038; 889281 (vidi opis za motore)<\/td>\n<\/tr>\n<\/tbody>\n<\/table>\n","protected":false},"excerpt":{"rendered":"<p>Racor 2020PM-OR Element filtra goriva za Racor 1000 (30 Micron) &#8211; Elementi zamjenske dizelske filtre za gorivo \/ separatora vode<\/p>\n","protected":false},"featured_media":5944895,"comment_status":"closed","ping_status":"closed","template":"","meta":[],"product_brand":[3246],"product_cat":[1797],"product_tag":[],"class_list":{"0":"post-3691078","1":"product","2":"type-product","3":"status-publish","4":"has-post-thumbnail","6":"product_brand-parker-racor-hr","7":"product_cat-filtri-separatora-vode-za-gorivo","9":"first","10":"instock","11":"shipping-taxable","12":"purchasable","13":"product-type-simple"},"_links":{"self":[{"href":"https:\/\/stoic-curie.212-227-153-4.plesk.page\/hr\/wp-json\/wp\/v2\/product\/3691078","targetHints":{"allow":["GET"]}}],"collection":[{"href":"https:\/\/stoic-curie.212-227-153-4.plesk.page\/hr\/wp-json\/wp\/v2\/product"}],"about":[{"href":"https:\/\/stoic-curie.212-227-153-4.plesk.page\/hr\/wp-json\/wp\/v2\/types\/product"}],"replies":[{"embeddable":true,"href":"https:\/\/stoic-curie.212-227-153-4.plesk.page\/hr\/wp-json\/wp\/v2\/comments?post=3691078"}],"version-history":[{"count":0,"href":"https:\/\/stoic-curie.212-227-153-4.plesk.page\/hr\/wp-json\/wp\/v2\/product\/3691078\/revisions"}],"wp:featuredmedia":[{"embeddable":true,"href":"https:\/\/stoic-curie.212-227-153-4.plesk.page\/hr\/wp-json\/wp\/v2\/media\/5944895"}],"wp:attachment":[{"href":"https:\/\/stoic-curie.212-227-153-4.plesk.page\/hr\/wp-json\/wp\/v2\/media?parent=3691078"}],"wp:term":[{"taxonomy":"product_brand","embeddable":true,"href":"https:\/\/stoic-curie.212-227-153-4.plesk.page\/hr\/wp-json\/wp\/v2\/product_brand?post=3691078"},{"taxonomy":"product_cat","embeddable":true,"href":"https:\/\/stoic-curie.212-227-153-4.plesk.page\/hr\/wp-json\/wp\/v2\/product_cat?post=3691078"},{"taxonomy":"product_tag","embeddable":true,"href":"https:\/\/stoic-curie.212-227-153-4.plesk.page\/hr\/wp-json\/wp\/v2\/product_tag?post=3691078"}],"curies":[{"name":"wp","href":"https:\/\/api.w.org\/{rel}","templated":true}]}}