{"id":3691080,"date":"2025-10-13T13:45:37","date_gmt":"2025-10-13T17:45:37","guid":{"rendered":"https:\/\/stoic-curie.212-227-153-4.plesk.page\/product\/kaljuzna-carapa-koja-apsorbira-ulje-cleenlife-4-litre-76-mm-x-1200-mm\/"},"modified":"2026-02-25T00:01:07","modified_gmt":"2026-02-25T00:01:07","slug":"kaljuzna-carapa-koja-apsorbira-ulje-cleenlife-4-litre-76-mm-x-1200-mm","status":"publish","type":"product","link":"https:\/\/stoic-curie.212-227-153-4.plesk.page\/hr\/product\/kaljuzna-carapa-koja-apsorbira-ulje-cleenlife-4-litre-76-mm-x-1200-mm\/","title":{"rendered":"Kalju\u017ena \u010darapa koja apsorbira ulje CleenLife (4 litre \/ 76 mm x 1200 mm)"},"content":{"rendered":"<p>Kalju\u017ena \u010darapa koja apsorbira ulje CleenLife (4 litre \/ 76 mm x 1200 mm) &#8211; CleenLife \u010darapa za podvodne odvodne sustave dizajnirana je za zadr\u017eavanje ulja, goriva i drugih ugljikovodika. \u010carapa ostaje u unutra\u0161njosti \u010damca i pomo\u0107u napredne hidrofobne tehnologije apsorbira zaga\u0111iva\u010de u vodi. Ne apsorbira vodu, ve\u0107 samo ulja i goriva koja plutaju na povr\u0161ini vode. Ovo sprje\u010dava ispu\u0161tanje zaga\u0111iva\u010da preko ruba i poma\u017ee u odr\u017eavanju \u010diste unutra\u0161njosti.<br \/>\nCleenLife \u010darape su ekonomi\u010dan proizvod za prevenciju zaga\u0111enja i mogu se koristiti i za druge primjene, kao \u0161to su zadr\u017eavanje malih izlijevanja prilikom punjenja ili u radionicama. Brzo su i lako dostupne te se mogu zbrinuti kada su zasi\u0107ene.<\/p>\n<p>Specifikacije<br \/>\nKapacitet: 4 litre po \u010darapi<br \/>\nDuljina: 1200mm<br \/>\nMarka: CleenLife<br \/>\nProdajna jedinica: 1 \u010darapa<br \/>\nPromjer: 76mm<\/p>\n","protected":false},"excerpt":{"rendered":"<p>Kalju\u017ena \u010darapa koja apsorbira ulje CleenLife (4 litre \/ 76 mm x 1200 mm) &#8211; CleenLife \u010darapa za podvodne odvodne<\/p>\n","protected":false},"featured_media":5944915,"comment_status":"closed","ping_status":"closed","template":"","meta":[],"product_brand":[3236],"product_cat":[1630,1631],"product_tag":[],"class_list":{"0":"post-3691080","1":"product","2":"type-product","3":"status-publish","4":"has-post-thumbnail","6":"product_brand-osculati-hr","7":"product_cat-absorbenti-za-ulje-i-gorivo","8":"product_cat-alati-za-ciscenje","10":"first","11":"instock","12":"shipping-taxable","13":"purchasable","14":"product-type-simple"},"_links":{"self":[{"href":"https:\/\/stoic-curie.212-227-153-4.plesk.page\/hr\/wp-json\/wp\/v2\/product\/3691080","targetHints":{"allow":["GET"]}}],"collection":[{"href":"https:\/\/stoic-curie.212-227-153-4.plesk.page\/hr\/wp-json\/wp\/v2\/product"}],"about":[{"href":"https:\/\/stoic-curie.212-227-153-4.plesk.page\/hr\/wp-json\/wp\/v2\/types\/product"}],"replies":[{"embeddable":true,"href":"https:\/\/stoic-curie.212-227-153-4.plesk.page\/hr\/wp-json\/wp\/v2\/comments?post=3691080"}],"version-history":[{"count":0,"href":"https:\/\/stoic-curie.212-227-153-4.plesk.page\/hr\/wp-json\/wp\/v2\/product\/3691080\/revisions"}],"wp:featuredmedia":[{"embeddable":true,"href":"https:\/\/stoic-curie.212-227-153-4.plesk.page\/hr\/wp-json\/wp\/v2\/media\/5944915"}],"wp:attachment":[{"href":"https:\/\/stoic-curie.212-227-153-4.plesk.page\/hr\/wp-json\/wp\/v2\/media?parent=3691080"}],"wp:term":[{"taxonomy":"product_brand","embeddable":true,"href":"https:\/\/stoic-curie.212-227-153-4.plesk.page\/hr\/wp-json\/wp\/v2\/product_brand?post=3691080"},{"taxonomy":"product_cat","embeddable":true,"href":"https:\/\/stoic-curie.212-227-153-4.plesk.page\/hr\/wp-json\/wp\/v2\/product_cat?post=3691080"},{"taxonomy":"product_tag","embeddable":true,"href":"https:\/\/stoic-curie.212-227-153-4.plesk.page\/hr\/wp-json\/wp\/v2\/product_tag?post=3691080"}],"curies":[{"name":"wp","href":"https:\/\/api.w.org\/{rel}","templated":true}]}}