{"id":3691082,"date":"2025-10-13T13:45:37","date_gmt":"2025-10-13T17:45:37","guid":{"rendered":"https:\/\/stoic-curie.212-227-153-4.plesk.page\/product\/kapa-za-punjenje-ulja-i-odusnik-za-bmc-leyland-motore\/"},"modified":"2026-02-25T00:01:07","modified_gmt":"2026-02-25T00:01:07","slug":"kapa-za-punjenje-ulja-i-odusnik-za-bmc-leyland-motore","status":"publish","type":"product","link":"https:\/\/stoic-curie.212-227-153-4.plesk.page\/hr\/product\/kapa-za-punjenje-ulja-i-odusnik-za-bmc-leyland-motore\/","title":{"rendered":"Kapa za punjenje ulja i odu\u0161nik za BMC Leyland motore"},"content":{"rendered":"<p>Kapa za punjenje ulja i odu\u0161nik za BMC Leyland motore &#8211; <\/p>\n<div class=\"col-24 col-md-15\">\n<p>Zamjenski poklopac za ulje s ugra\u0111enim motorom za poklopac bregaste osovine.<\/p>\n<p>Odgovara ve\u0107ini BMC Leyland tipa motora, uklju\u010duju\u0107i BMC1.5, BMC1.8 i BMC2.52 temeljene dizelske motore kao \u0161to su Thornycroft 90, 108 &#038; 154, Newage Captain &#038; Commander i drugi.<\/p>\n<p>Tako\u0111er odgovara ve\u0107ini Leyland BMC A serije i B serije motora.<\/p>\n<p>BMC poklopac za ulje 131069 zamjenjuje Leyland 13H2296 i Unipart GFE6003.<\/p>\n<\/div>\n<h3>Specifikacije<\/h3>\n<table class=\"table\">\n<tbody>\n<tr>\n<td><strong>Marka<\/strong><\/td>\n<td>BMC Leyland<\/td>\n<\/tr>\n<tr>\n<td><strong>Zamjenjuje<\/strong><\/td>\n<td>Leyland 13H2296 &#038; Unipart GFE6003<\/td>\n<\/tr>\n<tr>\n<td><strong>Prikladnost<\/strong><\/td>\n<td>BMC Leyland motori: BMC 1.5, BMC 1.8 &#038; BMC 2.52, Thornycroft 90, Thornycroft 108 &#038; Thornycroft 154, Newage Captain &#038; Commander, Leyland BMC A serija &#038; B serija motori.<\/td>\n<\/tr>\n<\/tbody>\n<\/table>\n","protected":false},"excerpt":{"rendered":"<p>Kapa za punjenje ulja i odu\u0161nik za BMC Leyland motore &#8211; Zamjenski poklopac za ulje s ugra\u0111enim motorom za poklopac<\/p>\n","protected":false},"featured_media":5944964,"comment_status":"closed","ping_status":"closed","template":"","meta":[],"product_brand":[3226],"product_cat":[3911],"product_tag":[],"class_list":{"0":"post-3691082","1":"product","2":"type-product","3":"status-publish","4":"has-post-thumbnail","6":"product_brand-orbitrade-marine-hr","7":"product_cat-accessories","9":"first","10":"instock","11":"shipping-taxable","12":"purchasable","13":"product-type-simple"},"_links":{"self":[{"href":"https:\/\/stoic-curie.212-227-153-4.plesk.page\/hr\/wp-json\/wp\/v2\/product\/3691082","targetHints":{"allow":["GET"]}}],"collection":[{"href":"https:\/\/stoic-curie.212-227-153-4.plesk.page\/hr\/wp-json\/wp\/v2\/product"}],"about":[{"href":"https:\/\/stoic-curie.212-227-153-4.plesk.page\/hr\/wp-json\/wp\/v2\/types\/product"}],"replies":[{"embeddable":true,"href":"https:\/\/stoic-curie.212-227-153-4.plesk.page\/hr\/wp-json\/wp\/v2\/comments?post=3691082"}],"version-history":[{"count":0,"href":"https:\/\/stoic-curie.212-227-153-4.plesk.page\/hr\/wp-json\/wp\/v2\/product\/3691082\/revisions"}],"wp:featuredmedia":[{"embeddable":true,"href":"https:\/\/stoic-curie.212-227-153-4.plesk.page\/hr\/wp-json\/wp\/v2\/media\/5944964"}],"wp:attachment":[{"href":"https:\/\/stoic-curie.212-227-153-4.plesk.page\/hr\/wp-json\/wp\/v2\/media?parent=3691082"}],"wp:term":[{"taxonomy":"product_brand","embeddable":true,"href":"https:\/\/stoic-curie.212-227-153-4.plesk.page\/hr\/wp-json\/wp\/v2\/product_brand?post=3691082"},{"taxonomy":"product_cat","embeddable":true,"href":"https:\/\/stoic-curie.212-227-153-4.plesk.page\/hr\/wp-json\/wp\/v2\/product_cat?post=3691082"},{"taxonomy":"product_tag","embeddable":true,"href":"https:\/\/stoic-curie.212-227-153-4.plesk.page\/hr\/wp-json\/wp\/v2\/product_tag?post=3691082"}],"curies":[{"name":"wp","href":"https:\/\/api.w.org\/{rel}","templated":true}]}}