{"id":3691084,"date":"2025-10-13T13:45:38","date_gmt":"2025-10-13T17:45:38","guid":{"rendered":"https:\/\/stoic-curie.212-227-153-4.plesk.page\/product\/rocker-cover-bolt-brtva-za-bmc-15-18-252-thornycroft-90-108-154\/"},"modified":"2026-02-25T00:01:07","modified_gmt":"2026-02-25T00:01:07","slug":"rocker-cover-bolt-brtva-za-bmc-15-18-252-thornycroft-90-108-154","status":"publish","type":"product","link":"https:\/\/stoic-curie.212-227-153-4.plesk.page\/hr\/product\/rocker-cover-bolt-brtva-za-bmc-15-18-252-thornycroft-90-108-154\/","title":{"rendered":"Rocker cover Bolt brtva za BMC 1,5, 1,8, 2,52, Thornycroft 90, 108 154"},"content":{"rendered":"<p>Rocker cover Bolt brtva za BMC 1,5, 1,8, 2,52, Thornycroft 90, 108 154 &#8211; Zaptivka 12A1358 je zaptivka za vijak koji dr\u017ei poklopac motora. Zaptivka vijka poklopca motora 12A1358 odgovara BMC 1.5 i BMC 1.8 motorima, kao \u0161to su Thornycroft 90, Thornycroft 108 i Tempest Newage 1.5 Captain brodski motori. Tako\u0111er se mo\u017ee koristiti za zamjenu 6K515 zaptivke vijka koja je montirana na BMC 2.52 motorima, kao \u0161to je Thornycroft 154. Prodaje se pojedina\u010dno; trebat \u0107e vam dvije (2) zaptivke vijka 12A1358 po motoru.<\/p>\n","protected":false},"excerpt":{"rendered":"<p>Rocker cover Bolt brtva za BMC 1,5, 1,8, 2,52, Thornycroft 90, 108 154 &#8211; Zaptivka 12A1358 je zaptivka za vijak<\/p>\n","protected":false},"featured_media":5944969,"comment_status":"closed","ping_status":"closed","template":"","meta":[],"product_brand":[3226],"product_cat":[3911],"product_tag":[],"class_list":{"0":"post-3691084","1":"product","2":"type-product","3":"status-publish","4":"has-post-thumbnail","6":"product_brand-orbitrade-marine-hr","7":"product_cat-accessories","9":"first","10":"instock","11":"shipping-taxable","12":"purchasable","13":"product-type-simple"},"_links":{"self":[{"href":"https:\/\/stoic-curie.212-227-153-4.plesk.page\/hr\/wp-json\/wp\/v2\/product\/3691084","targetHints":{"allow":["GET"]}}],"collection":[{"href":"https:\/\/stoic-curie.212-227-153-4.plesk.page\/hr\/wp-json\/wp\/v2\/product"}],"about":[{"href":"https:\/\/stoic-curie.212-227-153-4.plesk.page\/hr\/wp-json\/wp\/v2\/types\/product"}],"replies":[{"embeddable":true,"href":"https:\/\/stoic-curie.212-227-153-4.plesk.page\/hr\/wp-json\/wp\/v2\/comments?post=3691084"}],"version-history":[{"count":0,"href":"https:\/\/stoic-curie.212-227-153-4.plesk.page\/hr\/wp-json\/wp\/v2\/product\/3691084\/revisions"}],"wp:featuredmedia":[{"embeddable":true,"href":"https:\/\/stoic-curie.212-227-153-4.plesk.page\/hr\/wp-json\/wp\/v2\/media\/5944969"}],"wp:attachment":[{"href":"https:\/\/stoic-curie.212-227-153-4.plesk.page\/hr\/wp-json\/wp\/v2\/media?parent=3691084"}],"wp:term":[{"taxonomy":"product_brand","embeddable":true,"href":"https:\/\/stoic-curie.212-227-153-4.plesk.page\/hr\/wp-json\/wp\/v2\/product_brand?post=3691084"},{"taxonomy":"product_cat","embeddable":true,"href":"https:\/\/stoic-curie.212-227-153-4.plesk.page\/hr\/wp-json\/wp\/v2\/product_cat?post=3691084"},{"taxonomy":"product_tag","embeddable":true,"href":"https:\/\/stoic-curie.212-227-153-4.plesk.page\/hr\/wp-json\/wp\/v2\/product_tag?post=3691084"}],"curies":[{"name":"wp","href":"https:\/\/api.w.org\/{rel}","templated":true}]}}