{"id":3691089,"date":"2025-10-13T13:45:39","date_gmt":"2025-10-13T17:45:39","guid":{"rendered":"https:\/\/stoic-curie.212-227-153-4.plesk.page\/product\/orbitrade-19598-dogbone-cink-anoda-za-volvo-penta-motore\/"},"modified":"2026-02-25T00:01:07","modified_gmt":"2026-02-25T00:01:07","slug":"orbitrade-19598-dogbone-cink-anoda-za-volvo-penta-motore","status":"publish","type":"product","link":"https:\/\/stoic-curie.212-227-153-4.plesk.page\/hr\/product\/orbitrade-19598-dogbone-cink-anoda-za-volvo-penta-motore\/","title":{"rendered":"Orbitrade 19598 Dogbone cink anoda za Volvo Penta motore"},"content":{"rendered":"<p>Orbitrade 19598 Dogbone cink anoda za Volvo Penta motore &#8211; <\/p>\n<div class=\"col-24 col-md-15\">\n<p>Orbitrade 19598 anoda u obliku pse\u0107e kosti od cinka odgovara Volvo Penta 280 vanjskim jedinicama i zamjenjuje anodu od cinka Volvo Penta s brojem dijela 832598. Anoda od cinka nije pogodna za modele 270T ili 280T, ali je pogodna za sljede\u0107e modele Volvo motora:<\/p>\n<p>250, 270, 275, 280, 280DP, 280PT, 285 i SP-A\/MT<\/p>\n<\/div>\n<h3>Specifikacije<\/h3>\n<table class=\"table\">\n<tbody>\n<tr>\n<td><strong>Duljina<\/strong><\/td>\n<td>188mm, Udaljenost izme\u0111u rupa za u\u010dvr\u0161\u0107ivanje: 145mm<\/td>\n<\/tr>\n<tr>\n<td><strong>\u0160irina<\/strong><\/td>\n<td>35mm<\/td>\n<\/tr>\n<tr>\n<td><strong>Marka<\/strong><\/td>\n<td>Orbitrade Marine<\/td>\n<\/tr>\n<tr>\n<td><strong>Gradnja<\/strong><\/td>\n<td>Cink<\/td>\n<\/tr>\n<tr>\n<td><strong>Zamjenjuje<\/strong><\/td>\n<td>Volvo 832598 Anoda od Cinka<\/td>\n<\/tr>\n<tr>\n<td><strong>Opis stila<\/strong><\/td>\n<td>Anoda u obliku pse\u0107e kosti<\/td>\n<\/tr>\n<tr>\n<td><strong>Pogodnost<\/strong><\/td>\n<td>Volvo Penta 250, 270, 275, 280, 280DP, 280PT, 285 &#038; SP-A\/MT<\/td>\n<\/tr>\n<tr>\n<td><strong>Dubina<\/strong><\/td>\n<td>23mm<\/td>\n<\/tr>\n<\/tbody>\n<\/table>\n","protected":false},"excerpt":{"rendered":"<p>Orbitrade 19598 Dogbone cink anoda za Volvo Penta motore &#8211; Orbitrade 19598 anoda u obliku pse\u0107e kosti od cinka odgovara<\/p>\n","protected":false},"featured_media":5944974,"comment_status":"closed","ping_status":"closed","template":"","meta":[],"product_brand":[3226],"product_cat":[1829],"product_tag":[],"class_list":{"0":"post-3691089","1":"product","2":"type-product","3":"status-publish","4":"has-post-thumbnail","6":"product_brand-orbitrade-marine-hr","7":"product_cat-rezervni-dijelovi-za-motore-volvo-penta","9":"first","10":"instock","11":"shipping-taxable","12":"purchasable","13":"product-type-simple"},"_links":{"self":[{"href":"https:\/\/stoic-curie.212-227-153-4.plesk.page\/hr\/wp-json\/wp\/v2\/product\/3691089","targetHints":{"allow":["GET"]}}],"collection":[{"href":"https:\/\/stoic-curie.212-227-153-4.plesk.page\/hr\/wp-json\/wp\/v2\/product"}],"about":[{"href":"https:\/\/stoic-curie.212-227-153-4.plesk.page\/hr\/wp-json\/wp\/v2\/types\/product"}],"replies":[{"embeddable":true,"href":"https:\/\/stoic-curie.212-227-153-4.plesk.page\/hr\/wp-json\/wp\/v2\/comments?post=3691089"}],"version-history":[{"count":0,"href":"https:\/\/stoic-curie.212-227-153-4.plesk.page\/hr\/wp-json\/wp\/v2\/product\/3691089\/revisions"}],"wp:featuredmedia":[{"embeddable":true,"href":"https:\/\/stoic-curie.212-227-153-4.plesk.page\/hr\/wp-json\/wp\/v2\/media\/5944974"}],"wp:attachment":[{"href":"https:\/\/stoic-curie.212-227-153-4.plesk.page\/hr\/wp-json\/wp\/v2\/media?parent=3691089"}],"wp:term":[{"taxonomy":"product_brand","embeddable":true,"href":"https:\/\/stoic-curie.212-227-153-4.plesk.page\/hr\/wp-json\/wp\/v2\/product_brand?post=3691089"},{"taxonomy":"product_cat","embeddable":true,"href":"https:\/\/stoic-curie.212-227-153-4.plesk.page\/hr\/wp-json\/wp\/v2\/product_cat?post=3691089"},{"taxonomy":"product_tag","embeddable":true,"href":"https:\/\/stoic-curie.212-227-153-4.plesk.page\/hr\/wp-json\/wp\/v2\/product_tag?post=3691089"}],"curies":[{"name":"wp","href":"https:\/\/api.w.org\/{rel}","templated":true}]}}