{"id":3691090,"date":"2025-10-13T13:45:39","date_gmt":"2025-10-13T17:45:39","guid":{"rendered":"https:\/\/stoic-curie.212-227-153-4.plesk.page\/product\/orbitrade-19815-cink-anoda-za-osovinu-propelera-za-volvo-penta-krmeni-propulzor\/"},"modified":"2026-02-25T00:01:07","modified_gmt":"2026-02-25T00:01:07","slug":"orbitrade-19815-cink-anoda-za-osovinu-propelera-za-volvo-penta-krmeni-propulzor","status":"publish","type":"product","link":"https:\/\/stoic-curie.212-227-153-4.plesk.page\/hr\/product\/orbitrade-19815-cink-anoda-za-osovinu-propelera-za-volvo-penta-krmeni-propulzor\/","title":{"rendered":"Orbitrade 19815 cink anoda za osovinu propelera za Volvo Penta krmeni propulzor"},"content":{"rendered":"<p>Orbitrade 19815 cink anoda za osovinu propelera za Volvo Penta krmeni propulzor &#8211; <\/p>\n<div class=\"col-24 col-md-15\">\n<p>Orbitrade Marine cinkna anoda dizajnirana je da zamijeni Volvo broj dijela 875815. Anoda motora dolazi s vijcima. Ova prstenasta anoda prikladna je za ugradnju preko pogonske osovine kako bi pru\u017eila za\u0161titu od elektrolytske korozije. Prikladna je za sljede\u0107e Volvo Penta sterndrive modele:<\/p>\n<p>280, 280L, 280T, 280PT, 285A, 290, 290A, SP-A, SP-A\/MT, SPA1, SP-A2, SP-C, SP-C1.<\/p>\n<\/div>\n<h3>Tehni\u010dke specifikacije<\/h3>\n<table class=\"table\">\n<tbody>\n<tr>\n<td><strong>Marka<\/strong><\/td>\n<td>Orbitrade Marine<\/td>\n<\/tr>\n<tr>\n<td><strong>Materijal konstrukcije<\/strong><\/td>\n<td>Cink<\/td>\n<\/tr>\n<tr>\n<td><strong>Zamjenjuje<\/strong><\/td>\n<td>Volvo 875815<\/td>\n<\/tr>\n<tr>\n<td><strong>Opis stila<\/strong><\/td>\n<td>Anoda osovine propellera<\/td>\n<\/tr>\n<tr>\n<td><strong>Prikladnost<\/strong><\/td>\n<td>Volvo Penta 280, 280L, 280T, 280PT, 285A, 290, 290A, SP-A, SP-A\/MT, SPA1, SP-A2, SP-C &#038; SP-C1<\/td>\n<\/tr>\n<\/tbody>\n<\/table>\n","protected":false},"excerpt":{"rendered":"<p>Orbitrade 19815 cink anoda za osovinu propelera za Volvo Penta krmeni propulzor &#8211; Orbitrade Marine cinkna anoda dizajnirana je da<\/p>\n","protected":false},"featured_media":5944975,"comment_status":"closed","ping_status":"closed","template":"","meta":[],"product_brand":[3226],"product_cat":[1829],"product_tag":[],"class_list":{"0":"post-3691090","1":"product","2":"type-product","3":"status-publish","4":"has-post-thumbnail","6":"product_brand-orbitrade-marine-hr","7":"product_cat-rezervni-dijelovi-za-motore-volvo-penta","9":"first","10":"instock","11":"shipping-taxable","12":"purchasable","13":"product-type-simple"},"_links":{"self":[{"href":"https:\/\/stoic-curie.212-227-153-4.plesk.page\/hr\/wp-json\/wp\/v2\/product\/3691090","targetHints":{"allow":["GET"]}}],"collection":[{"href":"https:\/\/stoic-curie.212-227-153-4.plesk.page\/hr\/wp-json\/wp\/v2\/product"}],"about":[{"href":"https:\/\/stoic-curie.212-227-153-4.plesk.page\/hr\/wp-json\/wp\/v2\/types\/product"}],"replies":[{"embeddable":true,"href":"https:\/\/stoic-curie.212-227-153-4.plesk.page\/hr\/wp-json\/wp\/v2\/comments?post=3691090"}],"version-history":[{"count":0,"href":"https:\/\/stoic-curie.212-227-153-4.plesk.page\/hr\/wp-json\/wp\/v2\/product\/3691090\/revisions"}],"wp:featuredmedia":[{"embeddable":true,"href":"https:\/\/stoic-curie.212-227-153-4.plesk.page\/hr\/wp-json\/wp\/v2\/media\/5944975"}],"wp:attachment":[{"href":"https:\/\/stoic-curie.212-227-153-4.plesk.page\/hr\/wp-json\/wp\/v2\/media?parent=3691090"}],"wp:term":[{"taxonomy":"product_brand","embeddable":true,"href":"https:\/\/stoic-curie.212-227-153-4.plesk.page\/hr\/wp-json\/wp\/v2\/product_brand?post=3691090"},{"taxonomy":"product_cat","embeddable":true,"href":"https:\/\/stoic-curie.212-227-153-4.plesk.page\/hr\/wp-json\/wp\/v2\/product_cat?post=3691090"},{"taxonomy":"product_tag","embeddable":true,"href":"https:\/\/stoic-curie.212-227-153-4.plesk.page\/hr\/wp-json\/wp\/v2\/product_tag?post=3691090"}],"curies":[{"name":"wp","href":"https:\/\/api.w.org\/{rel}","templated":true}]}}