{"id":3691091,"date":"2025-10-13T13:45:40","date_gmt":"2025-10-13T17:45:40","guid":{"rendered":"https:\/\/stoic-curie.212-227-153-4.plesk.page\/product\/seaflow-superflex-crijevo-za-gorivo-iso-7840-a1-25mm\/"},"modified":"2026-02-25T00:01:07","modified_gmt":"2026-02-25T00:01:07","slug":"seaflow-superflex-crijevo-za-gorivo-iso-7840-a1-25mm","status":"publish","type":"product","link":"https:\/\/stoic-curie.212-227-153-4.plesk.page\/hr\/product\/seaflow-superflex-crijevo-za-gorivo-iso-7840-a1-25mm\/","title":{"rendered":"Seaflow Superflex crijevo za gorivo ISO 7840 A1 25mm"},"content":{"rendered":"<p>Seaflow Superflex crijevo za gorivo ISO 7840 A1 25mm &#8211; <\/p>\n<div class=\"col-24 col-md-15\">\n<p>Seaflow Superflex morski cijev za prijenos goriva prikladna je za dizel i bezolovni benzin. Ova cijev za gorivo mo\u017ee se koristiti u linijama za dovod i povrat goriva, ventilima spremnika goriva i punjenju spremnika goriva, kao i u drugim aplikacijama koje su u podru\u010djima rizika od po\u017eara. Ova cijev posebno je izra\u0111ena kako bi zadovoljila zahtjeva ISO 7840 A1, \u0161to zna\u010di da je otporna na vatru najmanje 2 minute.<\/p>\n<p>Ova Seaflow cijev za gorivo ima tekstilnu i \u010deli\u010dnu \u017eicu oja\u010danu crnu, sinteti\u010dku gumenu navlaku koja je otporna na plamen, abraziju, ozon, vremenske prilike, toplinu i ulje. Unutarnja cijev je glatka i sastavljena od crnog NBR gumenog materijala koji zadr\u017eava do 50% mirisa goriva. Ova cijev za gorivo tako\u0111er je izuzetno fleksibilna i lagana, \u0161to olak\u0161ava instalaciju.<\/p>\n<p>Ova Seaflow Superflex cijev za gorivo dostupna je sa unutarnjim promjerima od 25 mm, 32 mm, 38 mm i 51 mm, a prodaje se po metru. Re\u017ee se iz rolnice od 20 metara, tako da narud\u017ebe ve\u0107e od ove ne\u0107e biti isporu\u010dene kao jedna duljina cijevi. Puni kolutovi tako\u0111er su dostupni za kupnju.<\/p>\n<\/div>\n<h3>Specifikacije<\/h3>\n<table class=\"table\">\n<tbody>\n<tr>\n<td><strong>Odobrenja<\/strong><\/td>\n<td>Ocijenjen prema ISO7840 A1. Odobreno od strane CE, RINA i Lloyd&#8217;s.<\/td>\n<\/tr>\n<tr>\n<td><strong>Temperaturni Raspon<\/strong><\/td>\n<td>-20 \u00b0C do +100 \u00b0C<\/td>\n<\/tr>\n<tr>\n<td><strong>Radni Tlak<\/strong><\/td>\n<td>36 PSI (2,5 bara)<\/td>\n<\/tr>\n<tr>\n<td><strong>Marka<\/strong><\/td>\n<td>Seaflow<\/td>\n<\/tr>\n<tr>\n<td><strong>Prodajna Jedinica<\/strong><\/td>\n<td>Po Metru<\/td>\n<\/tr>\n<tr>\n<td><strong>Polumjer Savijanja<\/strong><\/td>\n<td>125 mm<\/td>\n<\/tr>\n<tr>\n<td><strong>Radni Tlak<\/strong><\/td>\n<td>145 psi (10 bara)<\/td>\n<\/tr>\n<tr>\n<td><strong>Izgradnja<\/strong><\/td>\n<td>Sinteti\u010dka navlaka otporna na plamen s glatkom unutarnjom cijevi od crnog NBR gume. Cijev je poja\u010dana \u010deli\u010dnom \u017eicom i sinteti\u010dkim garanom.<\/td>\n<\/tr>\n<tr>\n<td><strong>Promjer<\/strong><\/td>\n<td>25 mm (1&#8243;) ID, 37 mm OD<\/td>\n<\/tr>\n<tr>\n<td><strong>Vakum<\/strong><\/td>\n<td>5 psi (0,35 bara)<\/td>\n<\/tr>\n<\/tbody>\n<\/table>\n","protected":false},"excerpt":{"rendered":"<p>Seaflow Superflex crijevo za gorivo ISO 7840 A1 25mm &#8211; Seaflow Superflex morski cijev za prijenos goriva prikladna je za<\/p>\n","protected":false},"featured_media":5944978,"comment_status":"closed","ping_status":"closed","template":"","meta":[],"product_brand":[3356],"product_cat":[1799],"product_tag":[],"class_list":{"0":"post-3691091","1":"product","2":"type-product","3":"status-publish","4":"has-post-thumbnail","6":"product_brand-seaflow-hr","7":"product_cat-crijevo-za-gorivo","9":"first","10":"instock","11":"shipping-taxable","12":"purchasable","13":"product-type-simple"},"_links":{"self":[{"href":"https:\/\/stoic-curie.212-227-153-4.plesk.page\/hr\/wp-json\/wp\/v2\/product\/3691091","targetHints":{"allow":["GET"]}}],"collection":[{"href":"https:\/\/stoic-curie.212-227-153-4.plesk.page\/hr\/wp-json\/wp\/v2\/product"}],"about":[{"href":"https:\/\/stoic-curie.212-227-153-4.plesk.page\/hr\/wp-json\/wp\/v2\/types\/product"}],"replies":[{"embeddable":true,"href":"https:\/\/stoic-curie.212-227-153-4.plesk.page\/hr\/wp-json\/wp\/v2\/comments?post=3691091"}],"version-history":[{"count":0,"href":"https:\/\/stoic-curie.212-227-153-4.plesk.page\/hr\/wp-json\/wp\/v2\/product\/3691091\/revisions"}],"wp:featuredmedia":[{"embeddable":true,"href":"https:\/\/stoic-curie.212-227-153-4.plesk.page\/hr\/wp-json\/wp\/v2\/media\/5944978"}],"wp:attachment":[{"href":"https:\/\/stoic-curie.212-227-153-4.plesk.page\/hr\/wp-json\/wp\/v2\/media?parent=3691091"}],"wp:term":[{"taxonomy":"product_brand","embeddable":true,"href":"https:\/\/stoic-curie.212-227-153-4.plesk.page\/hr\/wp-json\/wp\/v2\/product_brand?post=3691091"},{"taxonomy":"product_cat","embeddable":true,"href":"https:\/\/stoic-curie.212-227-153-4.plesk.page\/hr\/wp-json\/wp\/v2\/product_cat?post=3691091"},{"taxonomy":"product_tag","embeddable":true,"href":"https:\/\/stoic-curie.212-227-153-4.plesk.page\/hr\/wp-json\/wp\/v2\/product_tag?post=3691091"}],"curies":[{"name":"wp","href":"https:\/\/api.w.org\/{rel}","templated":true}]}}