{"id":3691094,"date":"2025-10-13T13:45:40","date_gmt":"2025-10-13T17:45:40","guid":{"rendered":"https:\/\/stoic-curie.212-227-153-4.plesk.page\/product\/ventilacijski-otvor-4dek-od-nehrdajuceg-celika-127-mm-x-115-mm\/"},"modified":"2026-02-25T00:01:07","modified_gmt":"2026-02-25T00:01:07","slug":"ventilacijski-otvor-4dek-od-nehrdajuceg-celika-127-mm-x-115-mm","status":"publish","type":"product","link":"https:\/\/stoic-curie.212-227-153-4.plesk.page\/hr\/product\/ventilacijski-otvor-4dek-od-nehrdajuceg-celika-127-mm-x-115-mm\/","title":{"rendered":"Ventilacijski otvor 4Dek od nehr\u0111aju\u0107eg \u010delika (127 mm x 115 mm)"},"content":{"rendered":"<p>Ventilacijski otvor 4Dek od nehr\u0111aju\u0107eg \u010delika (127 mm x 115 mm) &#8211; Ventil iz nehr\u0111aju\u0107eg \u010delika iz na\u0161e vlastite 4Dek linije morske opreme. Ovaj lamelasti ventil koji je \u0161irok 127 mm i visok 115 mm ima \u0161est (6) lamela koji omogu\u0107uju stalni protok zraka unutra i van. Ovo \u010dini ventil od nehr\u0111aju\u0107eg \u010delika idealnim za ventilaciju ormari\u0107a, vrata, pregrada i drugih sli\u010dnih prostora na \u010damcima.<\/p>\n","protected":false},"excerpt":{"rendered":"<p>Ventilacijski otvor 4Dek od nehr\u0111aju\u0107eg \u010delika (127 mm x 115 mm) &#8211; Ventil iz nehr\u0111aju\u0107eg \u010delika iz na\u0161e vlastite 4Dek<\/p>\n","protected":false},"featured_media":5944982,"comment_status":"closed","ping_status":"closed","template":"","meta":[],"product_brand":[3236],"product_cat":[1691,1699],"product_tag":[],"class_list":{"0":"post-3691094","1":"product","2":"type-product","3":"status-publish","4":"has-post-thumbnail","6":"product_brand-osculati-hr","7":"product_cat-otvori-za-zrak","8":"product_cat-palubni-ventilacijski-otvori","10":"first","11":"instock","12":"shipping-taxable","13":"purchasable","14":"product-type-simple"},"_links":{"self":[{"href":"https:\/\/stoic-curie.212-227-153-4.plesk.page\/hr\/wp-json\/wp\/v2\/product\/3691094","targetHints":{"allow":["GET"]}}],"collection":[{"href":"https:\/\/stoic-curie.212-227-153-4.plesk.page\/hr\/wp-json\/wp\/v2\/product"}],"about":[{"href":"https:\/\/stoic-curie.212-227-153-4.plesk.page\/hr\/wp-json\/wp\/v2\/types\/product"}],"replies":[{"embeddable":true,"href":"https:\/\/stoic-curie.212-227-153-4.plesk.page\/hr\/wp-json\/wp\/v2\/comments?post=3691094"}],"version-history":[{"count":0,"href":"https:\/\/stoic-curie.212-227-153-4.plesk.page\/hr\/wp-json\/wp\/v2\/product\/3691094\/revisions"}],"wp:featuredmedia":[{"embeddable":true,"href":"https:\/\/stoic-curie.212-227-153-4.plesk.page\/hr\/wp-json\/wp\/v2\/media\/5944982"}],"wp:attachment":[{"href":"https:\/\/stoic-curie.212-227-153-4.plesk.page\/hr\/wp-json\/wp\/v2\/media?parent=3691094"}],"wp:term":[{"taxonomy":"product_brand","embeddable":true,"href":"https:\/\/stoic-curie.212-227-153-4.plesk.page\/hr\/wp-json\/wp\/v2\/product_brand?post=3691094"},{"taxonomy":"product_cat","embeddable":true,"href":"https:\/\/stoic-curie.212-227-153-4.plesk.page\/hr\/wp-json\/wp\/v2\/product_cat?post=3691094"},{"taxonomy":"product_tag","embeddable":true,"href":"https:\/\/stoic-curie.212-227-153-4.plesk.page\/hr\/wp-json\/wp\/v2\/product_tag?post=3691094"}],"curies":[{"name":"wp","href":"https:\/\/api.w.org\/{rel}","templated":true}]}}