{"id":3691096,"date":"2025-10-13T13:45:40","date_gmt":"2025-10-13T17:45:40","guid":{"rendered":"https:\/\/stoic-curie.212-227-153-4.plesk.page\/product\/maestrini-koljeno-od-45-stupnjeva-mesing-zenski-portovi-1-2-bsp\/"},"modified":"2026-02-25T00:01:07","modified_gmt":"2026-02-25T00:01:07","slug":"maestrini-koljeno-od-45-stupnjeva-mesing-zenski-portovi-1-2-bsp","status":"publish","type":"product","link":"https:\/\/stoic-curie.212-227-153-4.plesk.page\/hr\/product\/maestrini-koljeno-od-45-stupnjeva-mesing-zenski-portovi-1-2-bsp\/","title":{"rendered":"Maestrini koljeno od 45 stupnjeva, mesing, (\u017eenski portovi \/ 1\/2&#8243; BSP)"},"content":{"rendered":"<p>Maestrini koljeno od 45 stupnjeva, mesing, (\u017eenski portovi \/ 1\/2&#8243; BSP) &#8211; <\/p>\n<div class=\"col-24 col-md-15\">\n<p>Maestrini spojni kutak za cijevi izra\u0111en od mesinga. Kut 45\u00b0 se koristi za povezivanje dva komada cijevi jednake veli\u010dine pod blagim kutom.<\/p>\n<p><style id=\"1\" name=\"Bold\" type=\"2\"><![CDATA[Molimo primite na znanje:]]><\/style>\n<p> Svi spojevi koji se koriste za aplikacije kroz trup moraju biti ispravno elektri\u010dno povezani kako bi se osigurala za\u0161tita od elektrolytijske korozije. Mjed je sklona dezincifikaciji i ne preporu\u010duje se za primjene ispod vodene linije.<\/p>\n<\/div>\n<h3>Specifikacije<\/h3>\n<table class=\"table\">\n<tbody>\n<tr>\n<td><strong>Du\u017eina<\/strong><\/td>\n<td>Nominalna du\u017eina do sredi\u0161ta rupe: 22 mm<\/td>\n<\/tr>\n<tr>\n<td><strong>Marka<\/strong><\/td>\n<td>Maestrini<\/td>\n<\/tr>\n<tr>\n<td><strong>Spoj<\/strong><\/td>\n<td>Kut<\/td>\n<\/tr>\n<tr>\n<td><strong>Spol navoja<\/strong><\/td>\n<td>\u017denski<\/td>\n<\/tr>\n<tr>\n<td><strong>Dr\u017eava podrijetla<\/strong><\/td>\n<td>Italija<\/td>\n<\/tr>\n<tr>\n<td><strong>Kut<\/strong><\/td>\n<td>45 stupnjeva<\/td>\n<\/tr>\n<tr>\n<td><strong>Gra\u0111a<\/strong><\/td>\n<td>Mesing<\/td>\n<\/tr>\n<tr>\n<td><strong>Ocjena pritiska<\/strong><\/td>\n<td>580 PSI (40 Bar)<\/td>\n<\/tr>\n<tr>\n<td><strong>Veli\u010dina navoja<\/strong><\/td>\n<td>1\/2&#8243; BSP \u017denski<\/td>\n<\/tr>\n<\/tbody>\n<\/table>\n","protected":false},"excerpt":{"rendered":"<p>Maestrini koljeno od 45 stupnjeva, mesing, (\u017eenski portovi \/ 1\/2&#8243; BSP) &#8211; Maestrini spojni kutak za cijevi izra\u0111en od mesinga.<\/p>\n","protected":false},"featured_media":5944990,"comment_status":"closed","ping_status":"closed","template":"","meta":[],"product_brand":[3236],"product_cat":[1673],"product_tag":[],"class_list":{"0":"post-3691096","1":"product","2":"type-product","3":"status-publish","4":"has-post-thumbnail","6":"product_brand-osculati-hr","7":"product_cat-elementi-brodskog-sustava-vode-mesing","9":"first","10":"instock","11":"shipping-taxable","12":"purchasable","13":"product-type-simple"},"_links":{"self":[{"href":"https:\/\/stoic-curie.212-227-153-4.plesk.page\/hr\/wp-json\/wp\/v2\/product\/3691096","targetHints":{"allow":["GET"]}}],"collection":[{"href":"https:\/\/stoic-curie.212-227-153-4.plesk.page\/hr\/wp-json\/wp\/v2\/product"}],"about":[{"href":"https:\/\/stoic-curie.212-227-153-4.plesk.page\/hr\/wp-json\/wp\/v2\/types\/product"}],"replies":[{"embeddable":true,"href":"https:\/\/stoic-curie.212-227-153-4.plesk.page\/hr\/wp-json\/wp\/v2\/comments?post=3691096"}],"version-history":[{"count":0,"href":"https:\/\/stoic-curie.212-227-153-4.plesk.page\/hr\/wp-json\/wp\/v2\/product\/3691096\/revisions"}],"wp:featuredmedia":[{"embeddable":true,"href":"https:\/\/stoic-curie.212-227-153-4.plesk.page\/hr\/wp-json\/wp\/v2\/media\/5944990"}],"wp:attachment":[{"href":"https:\/\/stoic-curie.212-227-153-4.plesk.page\/hr\/wp-json\/wp\/v2\/media?parent=3691096"}],"wp:term":[{"taxonomy":"product_brand","embeddable":true,"href":"https:\/\/stoic-curie.212-227-153-4.plesk.page\/hr\/wp-json\/wp\/v2\/product_brand?post=3691096"},{"taxonomy":"product_cat","embeddable":true,"href":"https:\/\/stoic-curie.212-227-153-4.plesk.page\/hr\/wp-json\/wp\/v2\/product_cat?post=3691096"},{"taxonomy":"product_tag","embeddable":true,"href":"https:\/\/stoic-curie.212-227-153-4.plesk.page\/hr\/wp-json\/wp\/v2\/product_tag?post=3691096"}],"curies":[{"name":"wp","href":"https:\/\/api.w.org\/{rel}","templated":true}]}}