{"id":3691097,"date":"2025-10-13T13:45:41","date_gmt":"2025-10-13T17:45:41","guid":{"rendered":"https:\/\/stoic-curie.212-227-153-4.plesk.page\/product\/vetus-ha3060-adapter-za-crijevo-60mm-30mm\/"},"modified":"2026-02-25T00:01:07","modified_gmt":"2026-02-25T00:01:07","slug":"vetus-ha3060-adapter-za-crijevo-60mm-30mm","status":"publish","type":"product","link":"https:\/\/stoic-curie.212-227-153-4.plesk.page\/hr\/product\/vetus-ha3060-adapter-za-crijevo-60mm-30mm\/","title":{"rendered":"Vetus HA3060 adapter za crijevo (60mm &#8211; 30mm)"},"content":{"rendered":"<p>Vetus HA3060 adapter za crijevo (60mm &#8211; 30mm) &#8211; <\/p>\n<div class=\"col-24 col-md-15\">\n<p>Vetus stepenasti priklju\u010dak crijeva napravljen je od sinteti\u010dkog materijala. HA3060 adapter za crijevo ima korake za unutarnje promjere cijevi: 30\/32mm, 38\/40mm, 45mm, 50mm i 57\/60mm. Priklju\u010dak crijeva mo\u017ee se izrezati na potrebnu veli\u010dinu.<\/p>\n<\/div>\n<h3>Specifikacije<\/h3>\n<table class=\"table\">\n<tbody>\n<tr>\n<td><strong>Duljina<\/strong><\/td>\n<td>206,5mm<\/td>\n<\/tr>\n<tr>\n<td><strong>Marka<\/strong><\/td>\n<td>Vetus<\/td>\n<\/tr>\n<tr>\n<td><strong>Vrsta<\/strong><\/td>\n<td>Priklju\u010dak za crijevo<\/td>\n<\/tr>\n<tr>\n<td><strong>Veli\u010dina priklju\u010dka crijeva<\/strong><\/td>\n<td>30mm \/ 1-3\/16&#8243;|32mm \/ 1-1\/4&#8243;|38mm \/ 1-1\/2&#8243;|40mm \/ 1-9\/16&#8243;|45mm \/ 1-3\/4&#8243;|50mm \/ 2&#8243;|57mm \/ 2-1\/4&#8243;|60mm \/ 2-3\/8&#8243;<\/td>\n<\/tr>\n<tr>\n<td><strong>Kut<\/strong><\/td>\n<td>Ravno<\/td>\n<\/tr>\n<tr>\n<td><strong>Materijal<\/strong><\/td>\n<td>Plastika<\/td>\n<\/tr>\n<\/tbody>\n<\/table>\n","protected":false},"excerpt":{"rendered":"<p>Vetus HA3060 adapter za crijevo (60mm &#8211; 30mm) &#8211; Vetus stepenasti priklju\u010dak crijeva napravljen je od sinteti\u010dkog materijala. HA3060 adapter<\/p>\n","protected":false},"featured_media":5944991,"comment_status":"closed","ping_status":"closed","template":"","meta":[],"product_brand":[3521],"product_cat":[1661,1794],"product_tag":[],"class_list":{"0":"post-3691097","1":"product","2":"type-product","3":"status-publish","4":"has-post-thumbnail","6":"product_brand-vetus-hr","7":"product_cat-elementi-brodskog-vovovoda-plastika","8":"product_cat-ispusne-vode-i-prigusivaci","10":"first","11":"instock","12":"shipping-taxable","13":"purchasable","14":"product-type-simple"},"_links":{"self":[{"href":"https:\/\/stoic-curie.212-227-153-4.plesk.page\/hr\/wp-json\/wp\/v2\/product\/3691097","targetHints":{"allow":["GET"]}}],"collection":[{"href":"https:\/\/stoic-curie.212-227-153-4.plesk.page\/hr\/wp-json\/wp\/v2\/product"}],"about":[{"href":"https:\/\/stoic-curie.212-227-153-4.plesk.page\/hr\/wp-json\/wp\/v2\/types\/product"}],"replies":[{"embeddable":true,"href":"https:\/\/stoic-curie.212-227-153-4.plesk.page\/hr\/wp-json\/wp\/v2\/comments?post=3691097"}],"version-history":[{"count":0,"href":"https:\/\/stoic-curie.212-227-153-4.plesk.page\/hr\/wp-json\/wp\/v2\/product\/3691097\/revisions"}],"wp:featuredmedia":[{"embeddable":true,"href":"https:\/\/stoic-curie.212-227-153-4.plesk.page\/hr\/wp-json\/wp\/v2\/media\/5944991"}],"wp:attachment":[{"href":"https:\/\/stoic-curie.212-227-153-4.plesk.page\/hr\/wp-json\/wp\/v2\/media?parent=3691097"}],"wp:term":[{"taxonomy":"product_brand","embeddable":true,"href":"https:\/\/stoic-curie.212-227-153-4.plesk.page\/hr\/wp-json\/wp\/v2\/product_brand?post=3691097"},{"taxonomy":"product_cat","embeddable":true,"href":"https:\/\/stoic-curie.212-227-153-4.plesk.page\/hr\/wp-json\/wp\/v2\/product_cat?post=3691097"},{"taxonomy":"product_tag","embeddable":true,"href":"https:\/\/stoic-curie.212-227-153-4.plesk.page\/hr\/wp-json\/wp\/v2\/product_tag?post=3691097"}],"curies":[{"name":"wp","href":"https:\/\/api.w.org\/{rel}","templated":true}]}}