{"id":3691099,"date":"2025-10-13T13:45:41","date_gmt":"2025-10-13T17:45:41","guid":{"rendered":"https:\/\/stoic-curie.212-227-153-4.plesk.page\/product\/racor-odvodni-cep-za-racor-100-200-400-serija-metalno-kuciste\/"},"modified":"2026-02-25T00:01:07","modified_gmt":"2026-02-25T00:01:07","slug":"racor-odvodni-cep-za-racor-100-200-400-serija-metalno-kuciste","status":"publish","type":"product","link":"https:\/\/stoic-curie.212-227-153-4.plesk.page\/hr\/product\/racor-odvodni-cep-za-racor-100-200-400-serija-metalno-kuciste\/","title":{"rendered":"Racor odvodni cep za Racor 100, 200, 400 serija (metalno ku\u010di\u0161te)"},"content":{"rendered":"<p>Racor odvodni cep za Racor 100, 200, 400 serija (metalno ku\u010di\u0161te) &#8211; Zamjenski odvodni \u010dep Parker Racor za metalne posude filtra goriva serije 200 i neke od serije 100 i 400. Mo\u017ee se koristiti i kao metalni \u010dep za port za sondu na Racor 500, 900 i 1000MA turbinskim filtrima. <\/p>\n<p>Prikladno za Racor 110A, 120RMAM, 130R, 215R, 220R, 225R, 230R, 245R, 445MAM, 460MAM, 490MAM, 500MA, 900MA i 1000MA. <\/p>\n<h3>Specifikacije<\/h3>\n<table class=\"table\">\n<tbody>\n<tr>\n<td><strong>Serija<\/strong><\/td>\n<td>100, 200, 400, 500, 900 &#038; 1000 serija<\/td>\n<\/tr>\n<tr>\n<td><strong>Marka<\/strong><\/td>\n<td>Racor<\/td>\n<\/tr>\n<tr>\n<td><strong>Prikladnost<\/strong><\/td>\n<td>Racor 100, 200, 400 serije metalne posude i 500, 900 i 1000MA turbine porta sondi. Molimo pogledajte opis za puni popis.<\/td>\n<\/tr>\n<\/tbody>\n<\/table>\n","protected":false},"excerpt":{"rendered":"<p>Racor odvodni cep za Racor 100, 200, 400 serija (metalno ku\u010di\u0161te) &#8211; Zamjenski odvodni \u010dep Parker Racor za metalne posude<\/p>\n","protected":false},"featured_media":5944994,"comment_status":"closed","ping_status":"closed","template":"","meta":[],"product_brand":[3246],"product_cat":[1797],"product_tag":[],"class_list":{"0":"post-3691099","1":"product","2":"type-product","3":"status-publish","4":"has-post-thumbnail","6":"product_brand-parker-racor-hr","7":"product_cat-filtri-separatora-vode-za-gorivo","9":"first","10":"instock","11":"shipping-taxable","12":"purchasable","13":"product-type-simple"},"_links":{"self":[{"href":"https:\/\/stoic-curie.212-227-153-4.plesk.page\/hr\/wp-json\/wp\/v2\/product\/3691099","targetHints":{"allow":["GET"]}}],"collection":[{"href":"https:\/\/stoic-curie.212-227-153-4.plesk.page\/hr\/wp-json\/wp\/v2\/product"}],"about":[{"href":"https:\/\/stoic-curie.212-227-153-4.plesk.page\/hr\/wp-json\/wp\/v2\/types\/product"}],"replies":[{"embeddable":true,"href":"https:\/\/stoic-curie.212-227-153-4.plesk.page\/hr\/wp-json\/wp\/v2\/comments?post=3691099"}],"version-history":[{"count":0,"href":"https:\/\/stoic-curie.212-227-153-4.plesk.page\/hr\/wp-json\/wp\/v2\/product\/3691099\/revisions"}],"wp:featuredmedia":[{"embeddable":true,"href":"https:\/\/stoic-curie.212-227-153-4.plesk.page\/hr\/wp-json\/wp\/v2\/media\/5944994"}],"wp:attachment":[{"href":"https:\/\/stoic-curie.212-227-153-4.plesk.page\/hr\/wp-json\/wp\/v2\/media?parent=3691099"}],"wp:term":[{"taxonomy":"product_brand","embeddable":true,"href":"https:\/\/stoic-curie.212-227-153-4.plesk.page\/hr\/wp-json\/wp\/v2\/product_brand?post=3691099"},{"taxonomy":"product_cat","embeddable":true,"href":"https:\/\/stoic-curie.212-227-153-4.plesk.page\/hr\/wp-json\/wp\/v2\/product_cat?post=3691099"},{"taxonomy":"product_tag","embeddable":true,"href":"https:\/\/stoic-curie.212-227-153-4.plesk.page\/hr\/wp-json\/wp\/v2\/product_tag?post=3691099"}],"curies":[{"name":"wp","href":"https:\/\/api.w.org\/{rel}","templated":true}]}}