{"id":3691100,"date":"2025-10-13T13:45:41","date_gmt":"2025-10-13T17:45:41","guid":{"rendered":"https:\/\/stoic-curie.212-227-153-4.plesk.page\/product\/zastita-za-obujmicu-zuta-sirina-1-2-20-kom\/"},"modified":"2026-02-25T00:01:07","modified_gmt":"2026-02-25T00:01:07","slug":"zastita-za-obujmicu-zuta-sirina-1-2-20-kom","status":"publish","type":"product","link":"https:\/\/stoic-curie.212-227-153-4.plesk.page\/hr\/product\/zastita-za-obujmicu-zuta-sirina-1-2-20-kom\/","title":{"rendered":"Za\u0161tita za obujmicu, \u017euta (\u0161irina 1\/2&#8243; \/ 20 kom)"},"content":{"rendered":"<p>Za\u0161tita za obujmicu, \u017euta (\u0161irina 1\/2&#8243; \/ 20 kom) &#8211; <\/p>\n<div class=\"col-24 col-md-15\">\n<p>Clamp-Aid je prvenstveno dizajniran za pru\u017eanje dodatne za\u0161tite tijekom rada u strojarnici. Lako se klizi preko o\u0161trog kraja klipa steznika crijeva, \u0161tite\u0107i vas od posjekotina. Ovi za\u0161titnici Clamp Aid su \u0161iroki 1\/2&#8243; i tako\u0111er dodaju profesionalan izgled. Dostupni u raznim bojama, teku\u0107e linije mogu se kodirati bojama radi lak\u0161e identifikacije i sigurnosti, \u0161to ih \u010dini idealnim za kori\u0161tenje u gotovo svakoj aplikaciji gdje se koriste steznici za crijeva.<\/p>\n<p>Clamp Aids se mogu rezati \u0161karama za kra\u0107e trake. Proizvedeni su od \u010dvrste visokotehnolo\u0161ke plastike koja mo\u017ee izdr\u017eati temperature do 130\u00b0C (266\u00b0F); prosje\u010dni morski i automobilski motorni prostori rijetko prelaze 88\u00b0C (190\u00b0F).<\/p>\n<p>Clamp-Aid &#8211; &#8220;neizostavan&#8221; dodatak za svaki ugledni steznik crijeva!<\/p>\n<p>Boja: \u017duta. Prodaje se po paketu od 20.<\/p>\n<p>Napomena: Steznik crijeva samo za ilustraciju. Nije isporu\u010den.<\/p>\n<\/div>\n<h3>Specifikacije<\/h3>\n<table class=\"table\">\n<tbody>\n<tr>\n<td><strong>Primjena<\/strong><\/td>\n<td>Dieselske cijevi<\/td>\n<\/tr>\n<tr>\n<td><strong>\u0160irina<\/strong><\/td>\n<td>1\/2&#8243; (13mm)<\/td>\n<\/tr>\n<tr>\n<td><strong>Marka<\/strong><\/td>\n<td>Clamp-Aid<\/td>\n<\/tr>\n<tr>\n<td><strong>Boja<\/strong><\/td>\n<td>\u017duta<\/td>\n<\/tr>\n<tr>\n<td><strong>Jedinstvena prodaja<\/strong><\/td>\n<td>Paket od 20<\/td>\n<\/tr>\n<tr>\n<td><strong>Prikladnost<\/strong><\/td>\n<td>Standardne Jubilee steznice<\/td>\n<\/tr>\n<\/tbody>\n<\/table>\n","protected":false},"excerpt":{"rendered":"<p>Za\u0161tita za obujmicu, \u017euta (\u0161irina 1\/2&#8243; \/ 20 kom) &#8211; Clamp-Aid je prvenstveno dizajniran za pru\u017eanje dodatne za\u0161tite tijekom rada<\/p>\n","protected":false},"featured_media":5944996,"comment_status":"closed","ping_status":"closed","template":"","meta":[],"product_brand":[3236],"product_cat":[1674],"product_tag":[],"class_list":{"0":"post-3691100","1":"product","2":"type-product","3":"status-publish","4":"has-post-thumbnail","6":"product_brand-osculati-hr","7":"product_cat-stezaljke-za-crijeva","9":"first","10":"instock","11":"shipping-taxable","12":"purchasable","13":"product-type-simple"},"_links":{"self":[{"href":"https:\/\/stoic-curie.212-227-153-4.plesk.page\/hr\/wp-json\/wp\/v2\/product\/3691100","targetHints":{"allow":["GET"]}}],"collection":[{"href":"https:\/\/stoic-curie.212-227-153-4.plesk.page\/hr\/wp-json\/wp\/v2\/product"}],"about":[{"href":"https:\/\/stoic-curie.212-227-153-4.plesk.page\/hr\/wp-json\/wp\/v2\/types\/product"}],"replies":[{"embeddable":true,"href":"https:\/\/stoic-curie.212-227-153-4.plesk.page\/hr\/wp-json\/wp\/v2\/comments?post=3691100"}],"version-history":[{"count":0,"href":"https:\/\/stoic-curie.212-227-153-4.plesk.page\/hr\/wp-json\/wp\/v2\/product\/3691100\/revisions"}],"wp:featuredmedia":[{"embeddable":true,"href":"https:\/\/stoic-curie.212-227-153-4.plesk.page\/hr\/wp-json\/wp\/v2\/media\/5944996"}],"wp:attachment":[{"href":"https:\/\/stoic-curie.212-227-153-4.plesk.page\/hr\/wp-json\/wp\/v2\/media?parent=3691100"}],"wp:term":[{"taxonomy":"product_brand","embeddable":true,"href":"https:\/\/stoic-curie.212-227-153-4.plesk.page\/hr\/wp-json\/wp\/v2\/product_brand?post=3691100"},{"taxonomy":"product_cat","embeddable":true,"href":"https:\/\/stoic-curie.212-227-153-4.plesk.page\/hr\/wp-json\/wp\/v2\/product_cat?post=3691100"},{"taxonomy":"product_tag","embeddable":true,"href":"https:\/\/stoic-curie.212-227-153-4.plesk.page\/hr\/wp-json\/wp\/v2\/product_tag?post=3691100"}],"curies":[{"name":"wp","href":"https:\/\/api.w.org\/{rel}","templated":true}]}}