{"id":3691101,"date":"2025-10-13T13:45:41","date_gmt":"2025-10-13T17:45:41","guid":{"rendered":"https:\/\/stoic-curie.212-227-153-4.plesk.page\/product\/crijevo-za-prijenos-vode-seaflow-layflat-25mm\/"},"modified":"2026-02-25T00:01:07","modified_gmt":"2026-02-25T00:01:07","slug":"crijevo-za-prijenos-vode-seaflow-layflat-25mm","status":"publish","type":"product","link":"https:\/\/stoic-curie.212-227-153-4.plesk.page\/hr\/product\/crijevo-za-prijenos-vode-seaflow-layflat-25mm\/","title":{"rendered":"Crijevo za prijenos vode SeaFlow Layflat 25mm"},"content":{"rendered":"<p>Crijevo za prijenos vode SeaFlow Layflat 25mm &#8211; <\/p>\n<div class=\"col-24 col-md-15\">\n<p>Seaflow le\u017ee\u0107a cijev izra\u0111ena je od tamnoplave PVC plastike. Ova vrsta plasti\u010dne konstrukcije \u010dini le\u017ee\u0107u cijev izuzetno fleksibilnom i vrlo izdr\u017eljivom, \u0161to zna\u010di da je visoko otporna na o\u0161te\u0107enja od abrazije i znakove starenja. Unutra\u0161njost cijevi je glatka kako bi se smanjila trenja na sadr\u017eaju cijevi.<\/p>\n<p>Ova Seaflow le\u017ee\u0107a cijev je sposobna prenositi vodu ili bilo koju drugu teku\u0107inu i muljeve niskog pritiska. Tipi\u010dne primjene za ovu cijev mogu uklju\u010divati cijev za dovod vode za sustav pranja palube ili kori\u0161tenje kao hitnu dovodnu cijev. Glavna prednost cijevi je ta \u0161to se, kada se ne koristi, mo\u017ee smotati ravno kako bi se u\u0161tedio prostor i uklopila u male prostore. Kada se isporu\u010duje voda, pritisak otvara cijev kako bi izvr\u0161ila potrebnu funkciju.<\/p>\n<p>PVC le\u017ee\u0107e cijevi za prenos vode dostupne su s unutarnjim promjerom od 25 mm do 50 mm. Izrezane su od 100 metara duge role, pa narud\u017ebe ve\u0107e od toga ne\u0107e biti isporu\u010dene kao jedna duljina cijevi. Tako\u0111er su dostupne cijele role za kupnju.<\/p>\n<\/p><\/div>\n<h3>Specifikacije<\/h3>\n<table class=\"table\">\n<tbody>\n<tr>\n<td><strong>Raspon Temperature<\/strong><\/td>\n<td>-5\u00b0C do +60\u00b0C<\/td>\n<\/tr>\n<tr>\n<td><strong>Radni Pritisak<\/strong><\/td>\n<td>174 PSI (12 bar)<\/td>\n<\/tr>\n<tr>\n<td><strong>Marka<\/strong><\/td>\n<td>Seaflow<\/td>\n<\/tr>\n<tr>\n<td><strong>Prodajna Jedinica<\/strong><\/td>\n<td>Po Metru<\/td>\n<\/tr>\n<tr>\n<td><strong>Prsni Pritisak<\/strong><\/td>\n<td>507,5 PSI (35 bar)<\/td>\n<\/tr>\n<tr>\n<td><strong>Konstrukcija<\/strong><\/td>\n<td>Tamnoplava PVC plastika<\/td>\n<\/tr>\n<tr>\n<td><strong>Promjer<\/strong><\/td>\n<td>25 mm (1&#8243;) ID, 29 mm OD<\/td>\n<\/tr>\n<\/tbody>\n<\/table>\n","protected":false},"excerpt":{"rendered":"<p>Crijevo za prijenos vode SeaFlow Layflat 25mm &#8211; Seaflow le\u017ee\u0107a cijev izra\u0111ena je od tamnoplave PVC plastike. Ova vrsta plasti\u010dne<\/p>\n","protected":false},"featured_media":5944997,"comment_status":"closed","ping_status":"closed","template":"","meta":[],"product_brand":[3356],"product_cat":[1655],"product_tag":[],"class_list":{"0":"post-3691101","1":"product","2":"type-product","3":"status-publish","4":"has-post-thumbnail","6":"product_brand-seaflow-hr","7":"product_cat-crijevo-za-vodu","9":"first","10":"instock","11":"shipping-taxable","12":"purchasable","13":"product-type-simple"},"_links":{"self":[{"href":"https:\/\/stoic-curie.212-227-153-4.plesk.page\/hr\/wp-json\/wp\/v2\/product\/3691101","targetHints":{"allow":["GET"]}}],"collection":[{"href":"https:\/\/stoic-curie.212-227-153-4.plesk.page\/hr\/wp-json\/wp\/v2\/product"}],"about":[{"href":"https:\/\/stoic-curie.212-227-153-4.plesk.page\/hr\/wp-json\/wp\/v2\/types\/product"}],"replies":[{"embeddable":true,"href":"https:\/\/stoic-curie.212-227-153-4.plesk.page\/hr\/wp-json\/wp\/v2\/comments?post=3691101"}],"version-history":[{"count":0,"href":"https:\/\/stoic-curie.212-227-153-4.plesk.page\/hr\/wp-json\/wp\/v2\/product\/3691101\/revisions"}],"wp:featuredmedia":[{"embeddable":true,"href":"https:\/\/stoic-curie.212-227-153-4.plesk.page\/hr\/wp-json\/wp\/v2\/media\/5944997"}],"wp:attachment":[{"href":"https:\/\/stoic-curie.212-227-153-4.plesk.page\/hr\/wp-json\/wp\/v2\/media?parent=3691101"}],"wp:term":[{"taxonomy":"product_brand","embeddable":true,"href":"https:\/\/stoic-curie.212-227-153-4.plesk.page\/hr\/wp-json\/wp\/v2\/product_brand?post=3691101"},{"taxonomy":"product_cat","embeddable":true,"href":"https:\/\/stoic-curie.212-227-153-4.plesk.page\/hr\/wp-json\/wp\/v2\/product_cat?post=3691101"},{"taxonomy":"product_tag","embeddable":true,"href":"https:\/\/stoic-curie.212-227-153-4.plesk.page\/hr\/wp-json\/wp\/v2\/product_tag?post=3691101"}],"curies":[{"name":"wp","href":"https:\/\/api.w.org\/{rel}","templated":true}]}}