{"id":3691102,"date":"2025-10-13T13:45:41","date_gmt":"2025-10-13T17:45:41","guid":{"rendered":"https:\/\/stoic-curie.212-227-153-4.plesk.page\/product\/crijevo-za-prijenos-vode-seaflow-layflat-32mm\/"},"modified":"2026-02-25T00:01:07","modified_gmt":"2026-02-25T00:01:07","slug":"crijevo-za-prijenos-vode-seaflow-layflat-32mm","status":"publish","type":"product","link":"https:\/\/stoic-curie.212-227-153-4.plesk.page\/hr\/product\/crijevo-za-prijenos-vode-seaflow-layflat-32mm\/","title":{"rendered":"Crijevo za prijenos vode SeaFlow Layflat 32mm"},"content":{"rendered":"<p>Crijevo za prijenos vode SeaFlow Layflat 32mm &#8211; <\/p>\n<div class=\"col-24 col-md-15\">\n<p>Seaflow ravni crijevo napravljeno je od tamnoplavog PVC plastike. Ova vrsta plasti\u010dne konstrukcije \u010dini ravno crijevo izuzetno fleksibilnim i vrlo jakim, \u0161to zna\u010di da je vrlo otporno na abrazivne tragove i znakove starosti. Unutra\u0161njost crijeva je glatka kako bi se smanjilo trenje na sadr\u017eaju crijeva.<\/p>\n<p>Ovo Seaflow ravno crijevo mo\u017ee prenositi vodu ili bilo koje druge niskotla\u010dne teku\u0107ine i muljeve. Tipi\u010dne upotrebe ovog crijeva mogu uklju\u010divati crijevo za isporuku vode za sustav pranja palube ili kori\u0161tenje kao crijevo za hitnu isporuku. Glavna prednost crijeva je ta da se, kada se ne koristi, mo\u017ee namotati ravno kako bi se u\u0161tedio prostor i stalo u male prostore. Kada se voda isporu\u010duje, tlak \u0107e otvoriti crijevo kako bi obavilo zahtijevani posao.<\/p>\n<p>PVC ravno crijevo za prijenos vode dostupno je s unutarnjim promjerima od 25 mm do 50 mm. Re\u017ee se iz koluta od 100 metara, tako da narud\u017ebe ve\u0107e od ove ne\u0107e biti isporu\u010dene kao jedna jedina du\u017eina crijeva. Tako\u0111er su dostupni puni koluti za kupnju.<\/p>\n<\/div>\n<h3>Specifikacije<\/h3>\n<table class=\"table\">\n<tbody>\n<tr>\n<td><strong>Temperaturni raspon<\/strong><\/td>\n<td>-5\u00b0C do +60\u00b0C<\/td>\n<\/tr>\n<tr>\n<td><strong>Radni tlak<\/strong><\/td>\n<td>145 PSI (10 bar)<\/td>\n<\/tr>\n<tr>\n<td><strong>Brand<\/strong><\/td>\n<td>Seaflow<\/td>\n<\/tr>\n<tr>\n<td><strong>Prodajna jedinica<\/strong><\/td>\n<td>Po metru<\/td>\n<\/tr>\n<tr>\n<td><strong>Ruptura tlaka<\/strong><\/td>\n<td>435 PSI (30 bar)<\/td>\n<\/tr>\n<tr>\n<td><strong>Izgradnja<\/strong><\/td>\n<td>Tamnoplavi PVC plastika<\/td>\n<\/tr>\n<tr>\n<td><strong>Promjer<\/strong><\/td>\n<td>32mm (1-1\/4&#8243;) ID, 36mm OD<\/td>\n<\/tr>\n<\/tbody>\n<\/table>\n","protected":false},"excerpt":{"rendered":"<p>Crijevo za prijenos vode SeaFlow Layflat 32mm &#8211; Seaflow ravni crijevo napravljeno je od tamnoplavog PVC plastike. Ova vrsta plasti\u010dne<\/p>\n","protected":false},"featured_media":5944998,"comment_status":"closed","ping_status":"closed","template":"","meta":[],"product_brand":[3356],"product_cat":[1655],"product_tag":[],"class_list":{"0":"post-3691102","1":"product","2":"type-product","3":"status-publish","4":"has-post-thumbnail","6":"product_brand-seaflow-hr","7":"product_cat-crijevo-za-vodu","9":"first","10":"instock","11":"shipping-taxable","12":"purchasable","13":"product-type-simple"},"_links":{"self":[{"href":"https:\/\/stoic-curie.212-227-153-4.plesk.page\/hr\/wp-json\/wp\/v2\/product\/3691102","targetHints":{"allow":["GET"]}}],"collection":[{"href":"https:\/\/stoic-curie.212-227-153-4.plesk.page\/hr\/wp-json\/wp\/v2\/product"}],"about":[{"href":"https:\/\/stoic-curie.212-227-153-4.plesk.page\/hr\/wp-json\/wp\/v2\/types\/product"}],"replies":[{"embeddable":true,"href":"https:\/\/stoic-curie.212-227-153-4.plesk.page\/hr\/wp-json\/wp\/v2\/comments?post=3691102"}],"version-history":[{"count":0,"href":"https:\/\/stoic-curie.212-227-153-4.plesk.page\/hr\/wp-json\/wp\/v2\/product\/3691102\/revisions"}],"wp:featuredmedia":[{"embeddable":true,"href":"https:\/\/stoic-curie.212-227-153-4.plesk.page\/hr\/wp-json\/wp\/v2\/media\/5944998"}],"wp:attachment":[{"href":"https:\/\/stoic-curie.212-227-153-4.plesk.page\/hr\/wp-json\/wp\/v2\/media?parent=3691102"}],"wp:term":[{"taxonomy":"product_brand","embeddable":true,"href":"https:\/\/stoic-curie.212-227-153-4.plesk.page\/hr\/wp-json\/wp\/v2\/product_brand?post=3691102"},{"taxonomy":"product_cat","embeddable":true,"href":"https:\/\/stoic-curie.212-227-153-4.plesk.page\/hr\/wp-json\/wp\/v2\/product_cat?post=3691102"},{"taxonomy":"product_tag","embeddable":true,"href":"https:\/\/stoic-curie.212-227-153-4.plesk.page\/hr\/wp-json\/wp\/v2\/product_tag?post=3691102"}],"curies":[{"name":"wp","href":"https:\/\/api.w.org\/{rel}","templated":true}]}}