{"id":3691103,"date":"2025-10-13T13:45:41","date_gmt":"2025-10-13T17:45:41","guid":{"rendered":"https:\/\/stoic-curie.212-227-153-4.plesk.page\/product\/crijevo-za-prijenos-vode-seaflow-layflat-38mm\/"},"modified":"2026-02-25T00:01:07","modified_gmt":"2026-02-25T00:01:07","slug":"crijevo-za-prijenos-vode-seaflow-layflat-38mm","status":"publish","type":"product","link":"https:\/\/stoic-curie.212-227-153-4.plesk.page\/hr\/product\/crijevo-za-prijenos-vode-seaflow-layflat-38mm\/","title":{"rendered":"Crijevo za prijenos vode SeaFlow Layflat 38mm"},"content":{"rendered":"<p>Crijevo za prijenos vode SeaFlow Layflat 38mm &#8211; <\/p>\n<div class=\"col-24 col-md-15\">\n<p>Seaflow ravna cijev je izra\u0111ena od tamnoplave PVC plastike. Ova vrsta plasti\u010dne konstrukcije \u010dini ravnu cijev izuzetno fleksibilnom i vrlo jakom, \u0161to zna\u010di da je visoko otporna na habanje i znakove starenja. Unutra\u0161njost cijevi je glatka kako bi se smanjilo trenje na sadr\u017eaju cijevi.<\/p>\n<p>Ova Seaflow ravna cijev sposobna je prenositi vodu ili bilo koja druga niskotla\u010dna teku\u0107ina i muljeve. Tipi\u010dne aplikacije za ovu cijev mogu uklju\u010divati dovodne cijevi za pranje paluba ili upotrebu kao hitnu cijev za isporuku. Glavna prednost cijevi je ta da se, kada se ne koristi, mo\u017ee uviti u ravnu formu kako bi se u\u0161tedio prostor i uklopila u mala podru\u010dja. Kada se voda dostavi, pritisak \u0107e otvoriti cijev kako bi izvr\u0161ila potreban posao.<\/p>\n<p>PVC ravna cijev za prijenos vode dostupna je s unutarnjim promjerom od 25 mm do 50 mm. Izrezana je iz role od 100 metara, tako da narud\u017ebe ve\u0107e od toga ne\u0107e biti isporu\u010dene kao jedna jedina duljina cijevi. Tako\u0111er su dostupne pune role za kupnju.<\/p>\n<\/div>\n<h3>Specifikacije<\/h3>\n<table class=\"table\">\n<tbody>\n<tr>\n<td><strong>Temperaturni Raspon<\/strong><\/td>\n<td>-5 \u00b0C do +60 \u00b0C<\/td>\n<\/tr>\n<tr>\n<td><strong>Radni Pritisak<\/strong><\/td>\n<td>145 PSI (10 bar)<\/td>\n<\/tr>\n<tr>\n<td><strong>Marka<\/strong><\/td>\n<td>Seaflow<\/td>\n<\/tr>\n<tr>\n<td><strong>Jedinica Prodaje<\/strong><\/td>\n<td>Po Metru<\/td>\n<\/tr>\n<tr>\n<td><strong>Pritisak Pucanja<\/strong><\/td>\n<td>362,5 psi (25 bar)<\/td>\n<\/tr>\n<tr>\n<td><strong>Gradnja<\/strong><\/td>\n<td>Tamno plasti\u010dni PVC<\/td>\n<\/tr>\n<tr>\n<td><strong>Promjer<\/strong><\/td>\n<td>38 mm (1-1\/2&#8243;) ID, 42 mm OD<\/td>\n<\/tr>\n<\/tbody>\n<\/table>\n","protected":false},"excerpt":{"rendered":"<p>Crijevo za prijenos vode SeaFlow Layflat 38mm &#8211; Seaflow ravna cijev je izra\u0111ena od tamnoplave PVC plastike. Ova vrsta plasti\u010dne<\/p>\n","protected":false},"featured_media":5944999,"comment_status":"closed","ping_status":"closed","template":"","meta":[],"product_brand":[3356],"product_cat":[1655],"product_tag":[],"class_list":{"0":"post-3691103","1":"product","2":"type-product","3":"status-publish","4":"has-post-thumbnail","6":"product_brand-seaflow-hr","7":"product_cat-crijevo-za-vodu","9":"first","10":"instock","11":"shipping-taxable","12":"purchasable","13":"product-type-simple"},"_links":{"self":[{"href":"https:\/\/stoic-curie.212-227-153-4.plesk.page\/hr\/wp-json\/wp\/v2\/product\/3691103","targetHints":{"allow":["GET"]}}],"collection":[{"href":"https:\/\/stoic-curie.212-227-153-4.plesk.page\/hr\/wp-json\/wp\/v2\/product"}],"about":[{"href":"https:\/\/stoic-curie.212-227-153-4.plesk.page\/hr\/wp-json\/wp\/v2\/types\/product"}],"replies":[{"embeddable":true,"href":"https:\/\/stoic-curie.212-227-153-4.plesk.page\/hr\/wp-json\/wp\/v2\/comments?post=3691103"}],"version-history":[{"count":0,"href":"https:\/\/stoic-curie.212-227-153-4.plesk.page\/hr\/wp-json\/wp\/v2\/product\/3691103\/revisions"}],"wp:featuredmedia":[{"embeddable":true,"href":"https:\/\/stoic-curie.212-227-153-4.plesk.page\/hr\/wp-json\/wp\/v2\/media\/5944999"}],"wp:attachment":[{"href":"https:\/\/stoic-curie.212-227-153-4.plesk.page\/hr\/wp-json\/wp\/v2\/media?parent=3691103"}],"wp:term":[{"taxonomy":"product_brand","embeddable":true,"href":"https:\/\/stoic-curie.212-227-153-4.plesk.page\/hr\/wp-json\/wp\/v2\/product_brand?post=3691103"},{"taxonomy":"product_cat","embeddable":true,"href":"https:\/\/stoic-curie.212-227-153-4.plesk.page\/hr\/wp-json\/wp\/v2\/product_cat?post=3691103"},{"taxonomy":"product_tag","embeddable":true,"href":"https:\/\/stoic-curie.212-227-153-4.plesk.page\/hr\/wp-json\/wp\/v2\/product_tag?post=3691103"}],"curies":[{"name":"wp","href":"https:\/\/api.w.org\/{rel}","templated":true}]}}