{"id":3691105,"date":"2025-10-13T13:45:42","date_gmt":"2025-10-13T17:45:42","guid":{"rendered":"https:\/\/stoic-curie.212-227-153-4.plesk.page\/product\/seaflow-crijevo-za-dovod-vode-16mm\/"},"modified":"2026-02-25T00:01:07","modified_gmt":"2026-02-25T00:01:07","slug":"seaflow-crijevo-za-dovod-vode-16mm","status":"publish","type":"product","link":"https:\/\/stoic-curie.212-227-153-4.plesk.page\/hr\/product\/seaflow-crijevo-za-dovod-vode-16mm\/","title":{"rendered":"SeaFlow crijevo za dovod vode 16mm"},"content":{"rendered":"<p>SeaFlow crijevo za dovod vode 16mm &#8211; <\/p>\n<div class=\"col-24 col-md-15\">\n<p>Ova crijevo Seaflow izra\u0111eno je od jakog i fleksibilnog prozirnog PVC-a i ima spiralni oja\u010dani \u010delik otporan na udarce unutar PVC-a za dodatnu \u010dvrsto\u0107u. Ovo crijevo je prikladno za marine aplikacije i mo\u017ee se koristiti za usisavanje i isporuku vode, a zahvaljuju\u0107i netoksi\u010dnom PVC-u, mo\u017ee se koristiti i za mineralnu vodu.<\/p>\n<p>Ovo crijevo ima unutarnji promjer od 16 mm (dostupne su i druge veli\u010dine) i izrezano je iz koluta od 30 metara, tako da narud\u017ebe dulje od ove ne\u0107e biti isporu\u010dene kao jedna duljina crijeva. <a href=\"clear-reinforced-water-intake-hose-412616-30\">Puna kolut je dostupna za ovo crijevo<\/a> i bit \u0107e po sni\u017eenoj cijeni u usporedbi s cijenom po metru.<\/p>\n<\/div>\n<h3>Specifikacije<\/h3>\n<table class=\"table\">\n<tbody>\n<tr>\n<td><strong>Odobrenja<\/strong><\/td>\n<td>Reg. EU 10\/2011 za simulant tip a-b-c iso 1308<\/td>\n<\/tr>\n<tr>\n<td><strong>Temperaturna Raspon<\/strong><\/td>\n<td>-5\u00b0C do +60\u00b0C (+23\u00b0F do +140\u00b0F)<\/td>\n<\/tr>\n<tr>\n<td><strong>Marka<\/strong><\/td>\n<td>Seaflow<\/td>\n<\/tr>\n<tr>\n<td><strong>Prodajna Jedinica<\/strong><\/td>\n<td>Po Metru<\/td>\n<\/tr>\n<tr>\n<td><strong>Polumjer Savijanja<\/strong><\/td>\n<td>35mm<\/td>\n<\/tr>\n<tr>\n<td><strong>Pritisak Loma<\/strong><\/td>\n<td>87 psi (6 bar)<\/td>\n<\/tr>\n<tr>\n<td><strong>Konstrukcija<\/strong><\/td>\n<td>Prozirni PVC oja\u010dan \u010deli\u010dnom spiralom.<\/td>\n<\/tr>\n<tr>\n<td><strong>Promjer<\/strong><\/td>\n<td>16mm (5\/8&#8243;) ID, 22mm OD<\/td>\n<\/tr>\n<tr>\n<td><strong>Usisavanje<\/strong><\/td>\n<td>12 psi (0.85 bar)<\/td>\n<\/tr>\n<\/tbody>\n<\/table>\n","protected":false},"excerpt":{"rendered":"<p>SeaFlow crijevo za dovod vode 16mm &#8211; Ova crijevo Seaflow izra\u0111eno je od jakog i fleksibilnog prozirnog PVC-a i ima<\/p>\n","protected":false},"featured_media":5945001,"comment_status":"closed","ping_status":"closed","template":"","meta":[],"product_brand":[3356],"product_cat":[1655],"product_tag":[],"class_list":{"0":"post-3691105","1":"product","2":"type-product","3":"status-publish","4":"has-post-thumbnail","6":"product_brand-seaflow-hr","7":"product_cat-crijevo-za-vodu","9":"first","10":"instock","11":"shipping-taxable","12":"purchasable","13":"product-type-simple"},"_links":{"self":[{"href":"https:\/\/stoic-curie.212-227-153-4.plesk.page\/hr\/wp-json\/wp\/v2\/product\/3691105","targetHints":{"allow":["GET"]}}],"collection":[{"href":"https:\/\/stoic-curie.212-227-153-4.plesk.page\/hr\/wp-json\/wp\/v2\/product"}],"about":[{"href":"https:\/\/stoic-curie.212-227-153-4.plesk.page\/hr\/wp-json\/wp\/v2\/types\/product"}],"replies":[{"embeddable":true,"href":"https:\/\/stoic-curie.212-227-153-4.plesk.page\/hr\/wp-json\/wp\/v2\/comments?post=3691105"}],"version-history":[{"count":0,"href":"https:\/\/stoic-curie.212-227-153-4.plesk.page\/hr\/wp-json\/wp\/v2\/product\/3691105\/revisions"}],"wp:featuredmedia":[{"embeddable":true,"href":"https:\/\/stoic-curie.212-227-153-4.plesk.page\/hr\/wp-json\/wp\/v2\/media\/5945001"}],"wp:attachment":[{"href":"https:\/\/stoic-curie.212-227-153-4.plesk.page\/hr\/wp-json\/wp\/v2\/media?parent=3691105"}],"wp:term":[{"taxonomy":"product_brand","embeddable":true,"href":"https:\/\/stoic-curie.212-227-153-4.plesk.page\/hr\/wp-json\/wp\/v2\/product_brand?post=3691105"},{"taxonomy":"product_cat","embeddable":true,"href":"https:\/\/stoic-curie.212-227-153-4.plesk.page\/hr\/wp-json\/wp\/v2\/product_cat?post=3691105"},{"taxonomy":"product_tag","embeddable":true,"href":"https:\/\/stoic-curie.212-227-153-4.plesk.page\/hr\/wp-json\/wp\/v2\/product_tag?post=3691105"}],"curies":[{"name":"wp","href":"https:\/\/api.w.org\/{rel}","templated":true}]}}