{"id":3691106,"date":"2025-10-13T13:45:42","date_gmt":"2025-10-13T17:45:42","guid":{"rendered":"https:\/\/stoic-curie.212-227-153-4.plesk.page\/product\/seaflow-crijevo-za-dovod-vode-20mm\/"},"modified":"2026-02-25T00:01:07","modified_gmt":"2026-02-25T00:01:07","slug":"seaflow-crijevo-za-dovod-vode-20mm","status":"publish","type":"product","link":"https:\/\/stoic-curie.212-227-153-4.plesk.page\/hr\/product\/seaflow-crijevo-za-dovod-vode-20mm\/","title":{"rendered":"SeaFlow crijevo za dovod vode 20mm"},"content":{"rendered":"<p>SeaFlow crijevo za dovod vode 20mm &#8211; <\/p>\n<div class=\"col-24 col-md-15\">\n<p>Ova Seaflow crijevo napravljeno je od jakog i fleksibilnog prozirnog PVC-a, s unutarnjom spiralom od pocin\u010danog \u010delika otporne na udarce koja poma\u017ee u ja\u010danju crijeva. Ovo crijevo je prikladno za pomorske primjene i mo\u017ee se koristiti za usisavanje i isporuku vode, a zbog netoksi\u010dnog PVC-a mo\u017ee se koristiti i za mineralnu vodu.<\/p>\n<p>Ovo crijevo ima unutarnji promjer od 19 mm (dostupne su i druge veli\u010dine) i re\u017ee se iz koluta od 30 metara, tako da narud\u017ebe ve\u0107e od ove du\u017eine ne\u0107e biti isporu\u010dene kao jedna jedina du\u017eina crijeva. <a href=\"clear-reinforced-water-intake-hose-412619-30\">Cijeli kolut je dostupan za ovo crijevo<\/a> i bit \u0107e po sni\u017eenoj cijeni u usporedbi s cijenom po metru.<\/p>\n<\/div>\n<h3>Tehni\u010dki podaci<\/h3>\n<table class=\"table\">\n<tbody>\n<tr>\n<td><strong>Odobrenja<\/strong><\/td>\n<td>Reg. EU 10\/2011 za simulant tip a-b-c ISO 1309<\/td>\n<\/tr>\n<tr>\n<td><strong>Raspon temperatura<\/strong><\/td>\n<td>-5\u00b0C do +60\u00b0C (+23\u00b0F do +140\u00b0F)<\/td>\n<\/tr>\n<tr>\n<td><strong>Marka<\/strong><\/td>\n<td>Seaflow<\/td>\n<\/tr>\n<tr>\n<td><strong>Vi\u0161nja<\/strong><\/td>\n<td>Po metru<\/td>\n<\/tr>\n<tr>\n<td><strong>Polumjer savijanja<\/strong><\/td>\n<td>50 mm<\/td>\n<\/tr>\n<tr>\n<td><strong>Prsna tlak<\/strong><\/td>\n<td>72,5 psi (5 bar)<\/td>\n<\/tr>\n<tr>\n<td><strong>Konstukcija<\/strong><\/td>\n<td>Oja\u010dani prozirni PVC sa \u010deli\u010dnom spiralom.<\/td>\n<\/tr>\n<tr>\n<td><strong>Promjer<\/strong><\/td>\n<td>19 mm (3\/4&#8243;) ID, 26 mm OD<\/td>\n<\/tr>\n<tr>\n<td><strong>Vakum<\/strong><\/td>\n<td>12 psi (0,85 bar)<\/td>\n<\/tr>\n<\/tbody>\n<\/table>\n","protected":false},"excerpt":{"rendered":"<p>SeaFlow crijevo za dovod vode 20mm &#8211; Ova Seaflow crijevo napravljeno je od jakog i fleksibilnog prozirnog PVC-a, s unutarnjom<\/p>\n","protected":false},"featured_media":5945002,"comment_status":"closed","ping_status":"closed","template":"","meta":[],"product_brand":[3356],"product_cat":[1655],"product_tag":[],"class_list":{"0":"post-3691106","1":"product","2":"type-product","3":"status-publish","4":"has-post-thumbnail","6":"product_brand-seaflow-hr","7":"product_cat-crijevo-za-vodu","9":"first","10":"instock","11":"shipping-taxable","12":"purchasable","13":"product-type-simple"},"_links":{"self":[{"href":"https:\/\/stoic-curie.212-227-153-4.plesk.page\/hr\/wp-json\/wp\/v2\/product\/3691106","targetHints":{"allow":["GET"]}}],"collection":[{"href":"https:\/\/stoic-curie.212-227-153-4.plesk.page\/hr\/wp-json\/wp\/v2\/product"}],"about":[{"href":"https:\/\/stoic-curie.212-227-153-4.plesk.page\/hr\/wp-json\/wp\/v2\/types\/product"}],"replies":[{"embeddable":true,"href":"https:\/\/stoic-curie.212-227-153-4.plesk.page\/hr\/wp-json\/wp\/v2\/comments?post=3691106"}],"version-history":[{"count":0,"href":"https:\/\/stoic-curie.212-227-153-4.plesk.page\/hr\/wp-json\/wp\/v2\/product\/3691106\/revisions"}],"wp:featuredmedia":[{"embeddable":true,"href":"https:\/\/stoic-curie.212-227-153-4.plesk.page\/hr\/wp-json\/wp\/v2\/media\/5945002"}],"wp:attachment":[{"href":"https:\/\/stoic-curie.212-227-153-4.plesk.page\/hr\/wp-json\/wp\/v2\/media?parent=3691106"}],"wp:term":[{"taxonomy":"product_brand","embeddable":true,"href":"https:\/\/stoic-curie.212-227-153-4.plesk.page\/hr\/wp-json\/wp\/v2\/product_brand?post=3691106"},{"taxonomy":"product_cat","embeddable":true,"href":"https:\/\/stoic-curie.212-227-153-4.plesk.page\/hr\/wp-json\/wp\/v2\/product_cat?post=3691106"},{"taxonomy":"product_tag","embeddable":true,"href":"https:\/\/stoic-curie.212-227-153-4.plesk.page\/hr\/wp-json\/wp\/v2\/product_tag?post=3691106"}],"curies":[{"name":"wp","href":"https:\/\/api.w.org\/{rel}","templated":true}]}}