{"id":3691107,"date":"2025-10-13T13:45:42","date_gmt":"2025-10-13T17:45:42","guid":{"rendered":"https:\/\/stoic-curie.212-227-153-4.plesk.page\/product\/seaflow-crijevo-za-dovod-vode-25mm\/"},"modified":"2026-02-25T00:01:07","modified_gmt":"2026-02-25T00:01:07","slug":"seaflow-crijevo-za-dovod-vode-25mm","status":"publish","type":"product","link":"https:\/\/stoic-curie.212-227-153-4.plesk.page\/hr\/product\/seaflow-crijevo-za-dovod-vode-25mm\/","title":{"rendered":"SeaFlow crijevo za dovod vode 25mm"},"content":{"rendered":"<p>SeaFlow crijevo za dovod vode 25mm &#8211; <\/p>\n<div class=\"col-24 col-md-15\">\n<p>Ova Seaflow crijevo izra\u0111eno je od sna\u017enog i fleksibilnog prozirnog PVC-a i ima spiralni umetak od galvaniziranog \u010delika otporan na udarce, koji poma\u017ee pri oja\u010davanju crijeva. Ova crijevo je pogodna za pomorske primjene i mo\u017ee se koristiti za usisavanje i isporuku vode, a zbog netoksi\u010dnog PVC-a mo\u017ee se koristiti i za mineralnu vodu.<\/p>\n<p>Ova crijevo ima unutarnji promjer od 25 mm (dostupne su i druge veli\u010dine) i izrezana je iz rola od 30 metara, tako da narud\u017ebe ve\u0107e od ove du\u017eine ne\u0107e biti isporu\u010dene kao jedna cjelina. <a href=\"clear-reinforced-water-intake-hose-412625-30\">Cijela rolada dostupna je za ovo crijevo<\/a> i bit \u0107e po sni\u017eenoj cijeni u usporedbi s cijenom po metru.<\/p>\n<\/div>\n<h3>Specifikacije<\/h3>\n<table class=\"table\">\n<tbody>\n<tr>\n<td><strong>Odobrenja<\/strong><\/td>\n<td>Reg. EU 10\/2011 za simulante tip a-b-c ISO 1310<\/td>\n<\/tr>\n<tr>\n<td><strong>Raspon temperatura<\/strong><\/td>\n<td>-5\u00b0C do +60\u00b0C (+23\u00b0F do +140\u00b0F)<\/td>\n<\/tr>\n<tr>\n<td><strong>Marka<\/strong><\/td>\n<td>Seaflow<\/td>\n<\/tr>\n<tr>\n<td><strong>Jedini\u010dna prodaja<\/strong><\/td>\n<td>Po metru<\/td>\n<\/tr>\n<tr>\n<td><strong>Polumjer savijanja<\/strong><\/td>\n<td>60 mm<\/td>\n<\/tr>\n<tr>\n<td><strong>Pritisak pucanja<\/strong><\/td>\n<td>72,5 psi (5 bar)<\/td>\n<\/tr>\n<tr>\n<td><strong>Izgradnja<\/strong><\/td>\n<td>Oja\u010dani PVC prozirnim vanjskim slojem i \u010deli\u010dnom spiralom.<\/td>\n<\/tr>\n<tr>\n<td><strong>Promjer<\/strong><\/td>\n<td>25 mm (1&#8243;) ID, 31 mm OD<\/td>\n<\/tr>\n<tr>\n<td><strong>Vakum<\/strong><\/td>\n<td>12 psi (0,85 bar)<\/td>\n<\/tr>\n<\/tbody>\n<\/table>\n","protected":false},"excerpt":{"rendered":"<p>SeaFlow crijevo za dovod vode 25mm &#8211; Ova Seaflow crijevo izra\u0111eno je od sna\u017enog i fleksibilnog prozirnog PVC-a i ima<\/p>\n","protected":false},"featured_media":5945003,"comment_status":"closed","ping_status":"closed","template":"","meta":[],"product_brand":[3356],"product_cat":[1655],"product_tag":[],"class_list":{"0":"post-3691107","1":"product","2":"type-product","3":"status-publish","4":"has-post-thumbnail","6":"product_brand-seaflow-hr","7":"product_cat-crijevo-za-vodu","9":"first","10":"instock","11":"shipping-taxable","12":"purchasable","13":"product-type-simple"},"_links":{"self":[{"href":"https:\/\/stoic-curie.212-227-153-4.plesk.page\/hr\/wp-json\/wp\/v2\/product\/3691107","targetHints":{"allow":["GET"]}}],"collection":[{"href":"https:\/\/stoic-curie.212-227-153-4.plesk.page\/hr\/wp-json\/wp\/v2\/product"}],"about":[{"href":"https:\/\/stoic-curie.212-227-153-4.plesk.page\/hr\/wp-json\/wp\/v2\/types\/product"}],"replies":[{"embeddable":true,"href":"https:\/\/stoic-curie.212-227-153-4.plesk.page\/hr\/wp-json\/wp\/v2\/comments?post=3691107"}],"version-history":[{"count":0,"href":"https:\/\/stoic-curie.212-227-153-4.plesk.page\/hr\/wp-json\/wp\/v2\/product\/3691107\/revisions"}],"wp:featuredmedia":[{"embeddable":true,"href":"https:\/\/stoic-curie.212-227-153-4.plesk.page\/hr\/wp-json\/wp\/v2\/media\/5945003"}],"wp:attachment":[{"href":"https:\/\/stoic-curie.212-227-153-4.plesk.page\/hr\/wp-json\/wp\/v2\/media?parent=3691107"}],"wp:term":[{"taxonomy":"product_brand","embeddable":true,"href":"https:\/\/stoic-curie.212-227-153-4.plesk.page\/hr\/wp-json\/wp\/v2\/product_brand?post=3691107"},{"taxonomy":"product_cat","embeddable":true,"href":"https:\/\/stoic-curie.212-227-153-4.plesk.page\/hr\/wp-json\/wp\/v2\/product_cat?post=3691107"},{"taxonomy":"product_tag","embeddable":true,"href":"https:\/\/stoic-curie.212-227-153-4.plesk.page\/hr\/wp-json\/wp\/v2\/product_tag?post=3691107"}],"curies":[{"name":"wp","href":"https:\/\/api.w.org\/{rel}","templated":true}]}}