{"id":3691109,"date":"2025-10-13T13:45:42","date_gmt":"2025-10-13T17:45:42","guid":{"rendered":"https:\/\/stoic-curie.212-227-153-4.plesk.page\/product\/seaflow-crijevo-za-dovod-vode-45mm\/"},"modified":"2026-02-25T00:01:07","modified_gmt":"2026-02-25T00:01:07","slug":"seaflow-crijevo-za-dovod-vode-45mm","status":"publish","type":"product","link":"https:\/\/stoic-curie.212-227-153-4.plesk.page\/hr\/product\/seaflow-crijevo-za-dovod-vode-45mm\/","title":{"rendered":"SeaFlow crijevo za dovod vode 45mm"},"content":{"rendered":"<p>SeaFlow crijevo za dovod vode 45mm &#8211; <\/p>\n<div class=\"col-24 col-md-15\">\n<p>Ova cijev Seaflow izra\u0111ena je od jakog i fleksibilnog prozirnog PVC-a te unutar PVC-a ima spiralnu \u010deli\u010dnu \u017eicu otporne na udarce koja poma\u017ee u oja\u010davanju cijevi. Ova cijev pogodna je za marine i mo\u017ee se koristiti za usisavanje i isporuku vode, a zahvaljuju\u0107i netoksi\u010dnom PVC-u mo\u017ee se koristiti i za mineralnu vodu.<\/p>\n<p>Ova cijev ima unutarnji promjer od 45 mm (Druge veli\u010dine su dostupne), izrezana je iz 30 metarskog kola, pa narud\u017ebe ve\u0107e od ove du\u017eine ne\u0107e biti isporu\u010dene kao jedna cijela duljina cijevi. <a href=\"clear-reinforced-water-intake-hose-412645-30\">Cijela kolut ovog crijeva je dostupna<\/a> i bit \u0107e ponu\u0111ena po sni\u017eenoj cijeni u usporedbi s cijenom po metru.<\/p>\n<\/div>\n<h3>Specifikacije<\/h3>\n<table class=\"table\">\n<tbody>\n<tr>\n<td><strong>Odobrenja<\/strong><\/td>\n<td>Reg. EU 10\/2011 za simulant tip a-b-c iso 1313<\/td>\n<\/tr>\n<tr>\n<td><strong>Temperaturni Raspon<\/strong><\/td>\n<td>-5\u00b0C do +60\u00b0C (+23\u00b0F do +140\u00b0F)<\/td>\n<\/tr>\n<tr>\n<td><strong>Marka<\/strong><\/td>\n<td>Seaflow<\/td>\n<\/tr>\n<tr>\n<td><strong>Prodajna Jedinca<\/strong><\/td>\n<td>Po Metru<\/td>\n<\/tr>\n<tr>\n<td><strong>Polumjer Savijanja<\/strong><\/td>\n<td>105 mm<\/td>\n<\/tr>\n<tr>\n<td><strong>Prisutnost Puknu\u0107a<\/strong><\/td>\n<td>43,5 psi (3 bara)<\/td>\n<\/tr>\n<tr>\n<td><strong>Konstrukcija<\/strong><\/td>\n<td>Oja\u010dani prozirni PVC s \u010deli\u010dnom spiralom.<\/td>\n<\/tr>\n<tr>\n<td><strong>Promjer<\/strong><\/td>\n<td>45 mm (1-3\/4&#8243;) ID, 55 mm OD<\/td>\n<\/tr>\n<tr>\n<td><strong>Vakuum<\/strong><\/td>\n<td>11 psi (0,80 bara)<\/td>\n<\/tr>\n<\/tbody>\n<\/table>\n","protected":false},"excerpt":{"rendered":"<p>SeaFlow crijevo za dovod vode 45mm &#8211; Ova cijev Seaflow izra\u0111ena je od jakog i fleksibilnog prozirnog PVC-a te unutar<\/p>\n","protected":false},"featured_media":5945005,"comment_status":"closed","ping_status":"closed","template":"","meta":[],"product_brand":[3356],"product_cat":[1655],"product_tag":[],"class_list":{"0":"post-3691109","1":"product","2":"type-product","3":"status-publish","4":"has-post-thumbnail","6":"product_brand-seaflow-hr","7":"product_cat-crijevo-za-vodu","9":"first","10":"instock","11":"shipping-taxable","12":"purchasable","13":"product-type-simple"},"_links":{"self":[{"href":"https:\/\/stoic-curie.212-227-153-4.plesk.page\/hr\/wp-json\/wp\/v2\/product\/3691109","targetHints":{"allow":["GET"]}}],"collection":[{"href":"https:\/\/stoic-curie.212-227-153-4.plesk.page\/hr\/wp-json\/wp\/v2\/product"}],"about":[{"href":"https:\/\/stoic-curie.212-227-153-4.plesk.page\/hr\/wp-json\/wp\/v2\/types\/product"}],"replies":[{"embeddable":true,"href":"https:\/\/stoic-curie.212-227-153-4.plesk.page\/hr\/wp-json\/wp\/v2\/comments?post=3691109"}],"version-history":[{"count":0,"href":"https:\/\/stoic-curie.212-227-153-4.plesk.page\/hr\/wp-json\/wp\/v2\/product\/3691109\/revisions"}],"wp:featuredmedia":[{"embeddable":true,"href":"https:\/\/stoic-curie.212-227-153-4.plesk.page\/hr\/wp-json\/wp\/v2\/media\/5945005"}],"wp:attachment":[{"href":"https:\/\/stoic-curie.212-227-153-4.plesk.page\/hr\/wp-json\/wp\/v2\/media?parent=3691109"}],"wp:term":[{"taxonomy":"product_brand","embeddable":true,"href":"https:\/\/stoic-curie.212-227-153-4.plesk.page\/hr\/wp-json\/wp\/v2\/product_brand?post=3691109"},{"taxonomy":"product_cat","embeddable":true,"href":"https:\/\/stoic-curie.212-227-153-4.plesk.page\/hr\/wp-json\/wp\/v2\/product_cat?post=3691109"},{"taxonomy":"product_tag","embeddable":true,"href":"https:\/\/stoic-curie.212-227-153-4.plesk.page\/hr\/wp-json\/wp\/v2\/product_tag?post=3691109"}],"curies":[{"name":"wp","href":"https:\/\/api.w.org\/{rel}","templated":true}]}}