{"id":3691112,"date":"2025-10-13T13:45:43","date_gmt":"2025-10-13T17:45:43","guid":{"rendered":"https:\/\/stoic-curie.212-227-153-4.plesk.page\/product\/elektricna-volfram-zarulja-s-ba15d-prikljucnom-opremom-12v-10w\/"},"modified":"2026-02-25T00:01:07","modified_gmt":"2026-02-25T00:01:07","slug":"elektricna-volfram-zarulja-s-ba15d-prikljucnom-opremom-12v-10w","status":"publish","type":"product","link":"https:\/\/stoic-curie.212-227-153-4.plesk.page\/hr\/product\/elektricna-volfram-zarulja-s-ba15d-prikljucnom-opremom-12v-10w\/","title":{"rendered":"Elektricna volfram \u017earulja s BA15d prikljucnom opremom (12V \/ 10W)"},"content":{"rendered":"<p>Elektricna volfram \u017earulja s BA15d prikljucnom opremom (12V \/ 10W) &#8211; <\/p>\n<div class=\"col-24 col-md-15\">\n<p>Elektri\u010dna tungsten lampa ima snagu od 10 vata i koristi se s 12V sustavom. Ova lampa koristi BA15d ulo\u017eak, koji se sastoji od dvostrukog sredi\u0161njeg kontakta od 15 mm i bajonetnog u\u010dvr\u0161\u0107enja.<\/p>\n<\/div>\n<h3>Specifikacije<\/h3>\n<table class=\"table\">\n<tbody>\n<tr>\n<td><strong>Napon<\/strong><\/td>\n<td>12V DC<\/td>\n<\/tr>\n<tr>\n<td><strong>Snaga<\/strong><\/td>\n<td>10W<\/td>\n<\/tr>\n<tr>\n<td><strong>Marka<\/strong><\/td>\n<td>Electrical<\/td>\n<\/tr>\n<tr>\n<td><strong>Fiting<\/strong><\/td>\n<td>BA15d. Dvostruki kontakt 15 mm osnova s inline bajonetnim fitingom<\/td>\n<\/tr>\n<tr>\n<td><strong>Opis \u017earulje<\/strong><\/td>\n<td>Incandescent<\/td>\n<\/tr>\n<tr>\n<td><strong>Opis boje svjetlosti<\/strong><\/td>\n<td>Bjela<\/td>\n<\/tr>\n<\/tbody>\n<\/table>\n","protected":false},"excerpt":{"rendered":"<p>Elektricna volfram \u017earulja s BA15d prikljucnom opremom (12V \/ 10W) &#8211; Elektri\u010dna tungsten lampa ima snagu od 10 vata i<\/p>\n","protected":false},"featured_media":5945008,"comment_status":"closed","ping_status":"closed","template":"","meta":[],"product_brand":[2831],"product_cat":[1741,1739],"product_tag":[],"class_list":{"0":"post-3691112","1":"product","2":"type-product","3":"status-publish","4":"has-post-thumbnail","6":"product_brand-blue-sea-systems-hr","7":"product_cat-navigacijska-svjetla","8":"product_cat-rasvjeta","10":"first","11":"instock","12":"shipping-taxable","13":"purchasable","14":"product-type-simple"},"_links":{"self":[{"href":"https:\/\/stoic-curie.212-227-153-4.plesk.page\/hr\/wp-json\/wp\/v2\/product\/3691112","targetHints":{"allow":["GET"]}}],"collection":[{"href":"https:\/\/stoic-curie.212-227-153-4.plesk.page\/hr\/wp-json\/wp\/v2\/product"}],"about":[{"href":"https:\/\/stoic-curie.212-227-153-4.plesk.page\/hr\/wp-json\/wp\/v2\/types\/product"}],"replies":[{"embeddable":true,"href":"https:\/\/stoic-curie.212-227-153-4.plesk.page\/hr\/wp-json\/wp\/v2\/comments?post=3691112"}],"version-history":[{"count":0,"href":"https:\/\/stoic-curie.212-227-153-4.plesk.page\/hr\/wp-json\/wp\/v2\/product\/3691112\/revisions"}],"wp:featuredmedia":[{"embeddable":true,"href":"https:\/\/stoic-curie.212-227-153-4.plesk.page\/hr\/wp-json\/wp\/v2\/media\/5945008"}],"wp:attachment":[{"href":"https:\/\/stoic-curie.212-227-153-4.plesk.page\/hr\/wp-json\/wp\/v2\/media?parent=3691112"}],"wp:term":[{"taxonomy":"product_brand","embeddable":true,"href":"https:\/\/stoic-curie.212-227-153-4.plesk.page\/hr\/wp-json\/wp\/v2\/product_brand?post=3691112"},{"taxonomy":"product_cat","embeddable":true,"href":"https:\/\/stoic-curie.212-227-153-4.plesk.page\/hr\/wp-json\/wp\/v2\/product_cat?post=3691112"},{"taxonomy":"product_tag","embeddable":true,"href":"https:\/\/stoic-curie.212-227-153-4.plesk.page\/hr\/wp-json\/wp\/v2\/product_tag?post=3691112"}],"curies":[{"name":"wp","href":"https:\/\/api.w.org\/{rel}","templated":true}]}}