{"id":3691115,"date":"2025-10-13T13:45:43","date_gmt":"2025-10-13T17:45:43","guid":{"rendered":"https:\/\/stoic-curie.212-227-153-4.plesk.page\/product\/krmeno-bijelo-led-navigacijsko-svjetlo-kompaktno-nehrdajuce-12v-i-24v\/"},"modified":"2026-02-25T00:01:07","modified_gmt":"2026-02-25T00:01:07","slug":"krmeno-bijelo-led-navigacijsko-svjetlo-kompaktno-nehrdajuce-12v-i-24v","status":"publish","type":"product","link":"https:\/\/stoic-curie.212-227-153-4.plesk.page\/hr\/product\/krmeno-bijelo-led-navigacijsko-svjetlo-kompaktno-nehrdajuce-12v-i-24v\/","title":{"rendered":"Krmeno bijelo LED navigacijsko svjetlo (kompaktno \/ nehr\u0111aju\u0107e \/ 12V i 24V)"},"content":{"rendered":"<p>Krmeno bijelo LED navigacijsko svjetlo (kompaktno \/ nehr\u0111aju\u0107e \/ 12V i 24V) &#8211; Bijela stra\u017enja navigacijska svjetlost Osculati ima ku\u0107i\u0161te od nehr\u0111aju\u0107eg \u010delika AISI 316 s ogledalom i pogodna je za plovila du\u017ea od 12 metara koja koriste elektri\u010dne sustave od 12 volti ili 24 volti. Ova kompaktna navigacijska svjetlost koristi LED tehnologiju za proizvodnju svijetle LED svjetlosti u kutu od 135\u00b0, \u0161to je energetski u\u010dinkovitije i ima du\u017ei vijek trajanja od standardnih \u017earulja. Za zamjensku LED \u017earulju 12V \/ 24V upotrijebite dio broj 731729. Navigacijska svjetlost ima 6,3 mm konektore na lopaticu.<\/p>\n","protected":false},"excerpt":{"rendered":"<p>Krmeno bijelo LED navigacijsko svjetlo (kompaktno \/ nehr\u0111aju\u0107e \/ 12V i 24V) &#8211; Bijela stra\u017enja navigacijska svjetlost Osculati ima ku\u0107i\u0161te<\/p>\n","protected":false},"featured_media":5945009,"comment_status":"closed","ping_status":"closed","template":"","meta":[],"product_brand":[3491],"product_cat":[1736],"product_tag":[],"class_list":{"0":"post-3691115","1":"product","2":"type-product","3":"status-publish","4":"has-post-thumbnail","6":"product_brand-trem-hr","7":"product_cat-led-navigacijska-svjetla","9":"first","10":"instock","11":"shipping-taxable","12":"purchasable","13":"product-type-simple"},"_links":{"self":[{"href":"https:\/\/stoic-curie.212-227-153-4.plesk.page\/hr\/wp-json\/wp\/v2\/product\/3691115","targetHints":{"allow":["GET"]}}],"collection":[{"href":"https:\/\/stoic-curie.212-227-153-4.plesk.page\/hr\/wp-json\/wp\/v2\/product"}],"about":[{"href":"https:\/\/stoic-curie.212-227-153-4.plesk.page\/hr\/wp-json\/wp\/v2\/types\/product"}],"replies":[{"embeddable":true,"href":"https:\/\/stoic-curie.212-227-153-4.plesk.page\/hr\/wp-json\/wp\/v2\/comments?post=3691115"}],"version-history":[{"count":0,"href":"https:\/\/stoic-curie.212-227-153-4.plesk.page\/hr\/wp-json\/wp\/v2\/product\/3691115\/revisions"}],"wp:featuredmedia":[{"embeddable":true,"href":"https:\/\/stoic-curie.212-227-153-4.plesk.page\/hr\/wp-json\/wp\/v2\/media\/5945009"}],"wp:attachment":[{"href":"https:\/\/stoic-curie.212-227-153-4.plesk.page\/hr\/wp-json\/wp\/v2\/media?parent=3691115"}],"wp:term":[{"taxonomy":"product_brand","embeddable":true,"href":"https:\/\/stoic-curie.212-227-153-4.plesk.page\/hr\/wp-json\/wp\/v2\/product_brand?post=3691115"},{"taxonomy":"product_cat","embeddable":true,"href":"https:\/\/stoic-curie.212-227-153-4.plesk.page\/hr\/wp-json\/wp\/v2\/product_cat?post=3691115"},{"taxonomy":"product_tag","embeddable":true,"href":"https:\/\/stoic-curie.212-227-153-4.plesk.page\/hr\/wp-json\/wp\/v2\/product_tag?post=3691115"}],"curies":[{"name":"wp","href":"https:\/\/api.w.org\/{rel}","templated":true}]}}