{"id":3691123,"date":"2025-10-13T13:45:45","date_gmt":"2025-10-13T17:45:45","guid":{"rendered":"https:\/\/stoic-curie.212-227-153-4.plesk.page\/product\/set-50-visebojnih-lancanih-markera-8-mm\/"},"modified":"2026-02-25T00:01:07","modified_gmt":"2026-02-25T00:01:07","slug":"set-50-visebojnih-lancanih-markera-8-mm","status":"publish","type":"product","link":"https:\/\/stoic-curie.212-227-153-4.plesk.page\/hr\/product\/set-50-visebojnih-lancanih-markera-8-mm\/","title":{"rendered":"Set 50 vi\u0161ebojnih lancanih markera 8 mm"},"content":{"rendered":"<p>Set 50 vi\u0161ebojnih lancanih markera 8 mm &#8211; <\/p>\n<p>Marker za lance od polimera otporan na udarce, posebno dizajniran za pomorsku upotrebu, za ozna\u010davanje razli\u010ditih duljina lanca. Jednostavna monta\u017ea s me\u0111usobnim sustavom: jednom umetnuti u kariku, vi\u0161e ne ispadaju. Pakiranje sadr\u017ei 50 komada, po 10 komada u svake od 5 boja.<\/p>\n","protected":false},"excerpt":{"rendered":"<p>Set 50 vi\u0161ebojnih lancanih markera 8 mm &#8211; Marker za lance od polimera otporan na udarce, posebno dizajniran za pomorsku<\/p>\n","protected":false},"featured_media":5945047,"comment_status":"closed","ping_status":"closed","template":"","meta":[],"product_brand":[3236],"product_cat":[1620,1619],"product_tag":[],"class_list":{"0":"post-3691123","1":"product","2":"type-product","3":"status-publish","4":"has-post-thumbnail","6":"product_brand-osculati-hr","7":"product_cat-kalibrirani-lanac-od-nehrdajuceg-celika","8":"product_cat-kalibrirani-lanac-pocincan","10":"first","11":"instock","12":"shipping-taxable","13":"purchasable","14":"product-type-simple"},"_links":{"self":[{"href":"https:\/\/stoic-curie.212-227-153-4.plesk.page\/hr\/wp-json\/wp\/v2\/product\/3691123","targetHints":{"allow":["GET"]}}],"collection":[{"href":"https:\/\/stoic-curie.212-227-153-4.plesk.page\/hr\/wp-json\/wp\/v2\/product"}],"about":[{"href":"https:\/\/stoic-curie.212-227-153-4.plesk.page\/hr\/wp-json\/wp\/v2\/types\/product"}],"replies":[{"embeddable":true,"href":"https:\/\/stoic-curie.212-227-153-4.plesk.page\/hr\/wp-json\/wp\/v2\/comments?post=3691123"}],"version-history":[{"count":0,"href":"https:\/\/stoic-curie.212-227-153-4.plesk.page\/hr\/wp-json\/wp\/v2\/product\/3691123\/revisions"}],"wp:featuredmedia":[{"embeddable":true,"href":"https:\/\/stoic-curie.212-227-153-4.plesk.page\/hr\/wp-json\/wp\/v2\/media\/5945047"}],"wp:attachment":[{"href":"https:\/\/stoic-curie.212-227-153-4.plesk.page\/hr\/wp-json\/wp\/v2\/media?parent=3691123"}],"wp:term":[{"taxonomy":"product_brand","embeddable":true,"href":"https:\/\/stoic-curie.212-227-153-4.plesk.page\/hr\/wp-json\/wp\/v2\/product_brand?post=3691123"},{"taxonomy":"product_cat","embeddable":true,"href":"https:\/\/stoic-curie.212-227-153-4.plesk.page\/hr\/wp-json\/wp\/v2\/product_cat?post=3691123"},{"taxonomy":"product_tag","embeddable":true,"href":"https:\/\/stoic-curie.212-227-153-4.plesk.page\/hr\/wp-json\/wp\/v2\/product_tag?post=3691123"}],"curies":[{"name":"wp","href":"https:\/\/api.w.org\/{rel}","templated":true}]}}