{"id":3691138,"date":"2025-10-13T13:45:49","date_gmt":"2025-10-13T17:45:49","guid":{"rendered":"https:\/\/stoic-curie.212-227-153-4.plesk.page\/product\/jednostruka-krizna-bitva-110x60mm-galvanizirana\/"},"modified":"2026-02-25T00:01:07","modified_gmt":"2026-02-25T00:01:07","slug":"jednostruka-krizna-bitva-110x60mm-galvanizirana","status":"publish","type":"product","link":"https:\/\/stoic-curie.212-227-153-4.plesk.page\/hr\/product\/jednostruka-krizna-bitva-110x60mm-galvanizirana\/","title":{"rendered":"Jednostruka kri\u017ena bitva 110x60mm galvanizirana"},"content":{"rendered":"<p>Jednostruka kri\u017ena bitva 110x60mm galvanizirana &#8211; <\/p>\n<p>Kri\u017ena pojedina\u010dna sidrena postaja od pocin\u010danog \u010delika za pristani\u0161ta i ribarske brodove. Osnova s 4 monta\u017ena otvora, promjer 6\/8 mm.<\/p>\n","protected":false},"excerpt":{"rendered":"<p>Jednostruka kri\u017ena bitva 110x60mm galvanizirana &#8211; Kri\u017ena pojedina\u010dna sidrena postaja od pocin\u010danog \u010delika za pristani\u0161ta i ribarske brodove. Osnova s<\/p>\n","protected":false},"featured_media":5945056,"comment_status":"closed","ping_status":"closed","template":"","meta":[],"product_brand":[3086],"product_cat":[1712],"product_tag":[],"class_list":{"0":"post-3691138","1":"product","2":"type-product","3":"status-publish","4":"has-post-thumbnail","6":"product_brand-maggigroup-hr","7":"product_cat-brodske-bitve","9":"first","10":"instock","11":"shipping-taxable","12":"purchasable","13":"product-type-simple"},"_links":{"self":[{"href":"https:\/\/stoic-curie.212-227-153-4.plesk.page\/hr\/wp-json\/wp\/v2\/product\/3691138","targetHints":{"allow":["GET"]}}],"collection":[{"href":"https:\/\/stoic-curie.212-227-153-4.plesk.page\/hr\/wp-json\/wp\/v2\/product"}],"about":[{"href":"https:\/\/stoic-curie.212-227-153-4.plesk.page\/hr\/wp-json\/wp\/v2\/types\/product"}],"replies":[{"embeddable":true,"href":"https:\/\/stoic-curie.212-227-153-4.plesk.page\/hr\/wp-json\/wp\/v2\/comments?post=3691138"}],"version-history":[{"count":0,"href":"https:\/\/stoic-curie.212-227-153-4.plesk.page\/hr\/wp-json\/wp\/v2\/product\/3691138\/revisions"}],"wp:featuredmedia":[{"embeddable":true,"href":"https:\/\/stoic-curie.212-227-153-4.plesk.page\/hr\/wp-json\/wp\/v2\/media\/5945056"}],"wp:attachment":[{"href":"https:\/\/stoic-curie.212-227-153-4.plesk.page\/hr\/wp-json\/wp\/v2\/media?parent=3691138"}],"wp:term":[{"taxonomy":"product_brand","embeddable":true,"href":"https:\/\/stoic-curie.212-227-153-4.plesk.page\/hr\/wp-json\/wp\/v2\/product_brand?post=3691138"},{"taxonomy":"product_cat","embeddable":true,"href":"https:\/\/stoic-curie.212-227-153-4.plesk.page\/hr\/wp-json\/wp\/v2\/product_cat?post=3691138"},{"taxonomy":"product_tag","embeddable":true,"href":"https:\/\/stoic-curie.212-227-153-4.plesk.page\/hr\/wp-json\/wp\/v2\/product_tag?post=3691138"}],"curies":[{"name":"wp","href":"https:\/\/api.w.org\/{rel}","templated":true}]}}