{"id":3691150,"date":"2025-10-13T13:45:53","date_gmt":"2025-10-13T17:45:53","guid":{"rendered":"https:\/\/stoic-curie.212-227-153-4.plesk.page\/product\/radanca-od-nehrdajuceg-celika-10mm\/"},"modified":"2026-02-25T00:01:07","modified_gmt":"2026-02-25T00:01:07","slug":"radanca-od-nehrdajuceg-celika-10mm","status":"publish","type":"product","link":"https:\/\/stoic-curie.212-227-153-4.plesk.page\/hr\/product\/radanca-od-nehrdajuceg-celika-10mm\/","title":{"rendered":"Radan\u010da od nehr\u0111aju\u0107eg \u010delika 10mm"},"content":{"rendered":"<p>Radan\u010da od nehr\u0111aju\u0107eg \u010delika 10mm &#8211; <\/p>\n<p>AISI 316 \u010deli\u010dna prstena. Sprje\u010dava habanje u\u017eadi i \u017eica.<\/p>\n","protected":false},"excerpt":{"rendered":"<p>Radan\u010da od nehr\u0111aju\u0107eg \u010delika 10mm &#8211; AISI 316 \u010deli\u010dna prstena. Sprje\u010dava habanje u\u017eadi i \u017eica.<\/p>\n","protected":false},"featured_media":5940623,"comment_status":"closed","ping_status":"closed","template":"","meta":[],"product_brand":[3121],"product_cat":[1613],"product_tag":[],"class_list":{"0":"post-3691150","1":"product","2":"type-product","3":"status-publish","4":"has-post-thumbnail","6":"product_brand-marinetech-hr","7":"product_cat-alati-za-rezanje","9":"first","10":"instock","11":"shipping-taxable","12":"purchasable","13":"product-type-simple"},"_links":{"self":[{"href":"https:\/\/stoic-curie.212-227-153-4.plesk.page\/hr\/wp-json\/wp\/v2\/product\/3691150","targetHints":{"allow":["GET"]}}],"collection":[{"href":"https:\/\/stoic-curie.212-227-153-4.plesk.page\/hr\/wp-json\/wp\/v2\/product"}],"about":[{"href":"https:\/\/stoic-curie.212-227-153-4.plesk.page\/hr\/wp-json\/wp\/v2\/types\/product"}],"replies":[{"embeddable":true,"href":"https:\/\/stoic-curie.212-227-153-4.plesk.page\/hr\/wp-json\/wp\/v2\/comments?post=3691150"}],"version-history":[{"count":0,"href":"https:\/\/stoic-curie.212-227-153-4.plesk.page\/hr\/wp-json\/wp\/v2\/product\/3691150\/revisions"}],"wp:featuredmedia":[{"embeddable":true,"href":"https:\/\/stoic-curie.212-227-153-4.plesk.page\/hr\/wp-json\/wp\/v2\/media\/5940623"}],"wp:attachment":[{"href":"https:\/\/stoic-curie.212-227-153-4.plesk.page\/hr\/wp-json\/wp\/v2\/media?parent=3691150"}],"wp:term":[{"taxonomy":"product_brand","embeddable":true,"href":"https:\/\/stoic-curie.212-227-153-4.plesk.page\/hr\/wp-json\/wp\/v2\/product_brand?post=3691150"},{"taxonomy":"product_cat","embeddable":true,"href":"https:\/\/stoic-curie.212-227-153-4.plesk.page\/hr\/wp-json\/wp\/v2\/product_cat?post=3691150"},{"taxonomy":"product_tag","embeddable":true,"href":"https:\/\/stoic-curie.212-227-153-4.plesk.page\/hr\/wp-json\/wp\/v2\/product_tag?post=3691150"}],"curies":[{"name":"wp","href":"https:\/\/api.w.org\/{rel}","templated":true}]}}