{"id":3691164,"date":"2025-10-13T13:45:56","date_gmt":"2025-10-13T17:45:56","guid":{"rendered":"https:\/\/stoic-curie.212-227-153-4.plesk.page\/product\/privezna-plutaca-bijela-600x270mm-dvostruki-konus\/"},"modified":"2026-02-25T00:01:07","modified_gmt":"2026-02-25T00:01:07","slug":"privezna-plutaca-bijela-600x270mm-dvostruki-konus","status":"publish","type":"product","link":"https:\/\/stoic-curie.212-227-153-4.plesk.page\/hr\/product\/privezna-plutaca-bijela-600x270mm-dvostruki-konus\/","title":{"rendered":"Privezna pluta\u010da bijela, 600x270mm, dvostruki konus"},"content":{"rendered":"<p>Privezna pluta\u010da bijela, 600x270mm, dvostruki konus  &#8211; <\/p>\n<p>Oja\u010dane pluta\u010de za sidrenje od dvostrukog konusa od polietilena.<\/p>\n","protected":false},"excerpt":{"rendered":"<p>Privezna pluta\u010da bijela, 600x270mm, dvostruki konus &#8211; Oja\u010dane pluta\u010de za sidrenje od dvostrukog konusa od polietilena.<\/p>\n","protected":false},"featured_media":5945100,"comment_status":"closed","ping_status":"closed","template":"","meta":[],"product_brand":[2856],"product_cat":[1850],"product_tag":[],"class_list":{"0":"post-3691164","1":"product","2":"type-product","3":"status-publish","4":"has-post-thumbnail","6":"product_brand-can-marine-hr","7":"product_cat-plutace-za-privez-i-signalizaciju","9":"first","10":"instock","11":"shipping-taxable","12":"purchasable","13":"product-type-simple"},"_links":{"self":[{"href":"https:\/\/stoic-curie.212-227-153-4.plesk.page\/hr\/wp-json\/wp\/v2\/product\/3691164","targetHints":{"allow":["GET"]}}],"collection":[{"href":"https:\/\/stoic-curie.212-227-153-4.plesk.page\/hr\/wp-json\/wp\/v2\/product"}],"about":[{"href":"https:\/\/stoic-curie.212-227-153-4.plesk.page\/hr\/wp-json\/wp\/v2\/types\/product"}],"replies":[{"embeddable":true,"href":"https:\/\/stoic-curie.212-227-153-4.plesk.page\/hr\/wp-json\/wp\/v2\/comments?post=3691164"}],"version-history":[{"count":0,"href":"https:\/\/stoic-curie.212-227-153-4.plesk.page\/hr\/wp-json\/wp\/v2\/product\/3691164\/revisions"}],"wp:featuredmedia":[{"embeddable":true,"href":"https:\/\/stoic-curie.212-227-153-4.plesk.page\/hr\/wp-json\/wp\/v2\/media\/5945100"}],"wp:attachment":[{"href":"https:\/\/stoic-curie.212-227-153-4.plesk.page\/hr\/wp-json\/wp\/v2\/media?parent=3691164"}],"wp:term":[{"taxonomy":"product_brand","embeddable":true,"href":"https:\/\/stoic-curie.212-227-153-4.plesk.page\/hr\/wp-json\/wp\/v2\/product_brand?post=3691164"},{"taxonomy":"product_cat","embeddable":true,"href":"https:\/\/stoic-curie.212-227-153-4.plesk.page\/hr\/wp-json\/wp\/v2\/product_cat?post=3691164"},{"taxonomy":"product_tag","embeddable":true,"href":"https:\/\/stoic-curie.212-227-153-4.plesk.page\/hr\/wp-json\/wp\/v2\/product_tag?post=3691164"}],"curies":[{"name":"wp","href":"https:\/\/api.w.org\/{rel}","templated":true}]}}